{"id":12056,"date":"2025-06-29T14:13:57","date_gmt":"2025-06-29T12:13:57","guid":{"rendered":"https:\/\/uj.adatbank.ro\/lexikon\/termek\/kiss-arpad\/"},"modified":"2025-06-29T14:13:57","modified_gmt":"2025-06-29T12:13:57","slug":"kiss-arpad","status":"publish","type":"product","link":"https:\/\/uj.adatbank.ro\/lexikon\/termek\/kiss-arpad\/","title":{"rendered":"KISS \u00c1rp\u00e1d"},"content":{"rendered":"<p>Mv., 1911, dec. 1., \u2020 Mv., 1987. dec. 15.: k\u00e9mikus, dr. egyetemi tan\u00e1r. \u2013 Feles\u00e9ge dr. Eperjessy Anna. &#8211; A k\u00f6z\u00e9piskol\u00e1t sz\u00fcl\u0151v\u00e1ros\u00e1ba v\u00e9gezte (1929). El\u0151bb banktisztvisel\u0151 volt Radn\u00f3ton ill. Ludason (1929\u201332), majd a mv.-i B\u00fcrger Albert-f\u00e9le vegy\u00e9szeti gy\u00e1rban (1934\u201338) \u00e9s a kv.-i Gy\u00f3gyszergy\u00e1rban dolgozott; elv\u00e9gezte a kv.-i egyetem k\u00e9mia szak\u00e1t (1944), majd a BTE-en tan\u00e1ri oklevelet szerzett (1948); a MOGYI Orvosk\u00e9miai Tansz\u00e9k\u00e9n tan\u00e1rseg\u00e9d, adjunktus (1948\u201377), megalap\u00edtotta a Szerves k\u00e9mia tansz\u00e9ket el\u0151ad\u00f3tan\u00e1rk\u00e9nt (1952\u2013), a Gy\u00f3gyszer\u00e9szkar d\u00e9k\u00e1nja (1958. m\u00e1rc. 1. \u2013 1962. nov. 1.); a k\u00e9miai tudom\u00e1nyok doktora (1967). A buk.-i Farmacia szakfoly\u00f3irat szerkeszt\u0151bizotts\u00e1gi tagja (1966\u201372); az Orvostudom\u00e1nyi T\u00e1rsas\u00e1g mv.-i Gy\u00f3gyszer\u00e9szeti Szakoszt\u00e1ly\u00e1nak eln\u00f6ke (1966\u201374); nyugalomba vonul\u00e1sa ut\u00e1n (1974) konzult\u00e1ns tan\u00e1r. Tanulm\u00e1nyait sz\u00e1mos m., rom\u00e1n, n\u00e9met szakfoly\u00f3irat k\u00f6zli: Erd\u00e9lyi M\u00fazeum, Orvosi Szemle, Revista Medical\u0103. Wiener Medizinische Wochenschrift, Magyar Onkol\u00f3gia, Gy\u00f3gyszer\u00e9sz \u00c9rtes\u00edt\u0151, Die Naturwissenschaften, Studii \u015fi Cercet\u0103ri de Chimie, Revue Roumaine de Medicine Interne-ben. \u2013 <strong>F. m.:<\/strong> <strong>t\u00e1rssz.:<\/strong> Curs unic de chimie organic\u0103 (Mv., 1965); Szerves k\u00e9miai jegyzet 1\u20132, 5. k\u00f6t. (Mv., 1974\u201375); Lucr\u0103ri practice de chimie organic\u0103 (TgM, 1975); <strong>szerk.:<\/strong> Farmacopeea Rom\u00e2n\u0103 VI, VIII, IX. k\u00f6t. <br \/><strong>Irod.:<\/strong> Facultatea de Farmacie; Genersich; Mv.-i Gy\u00f3gyszer\u00e9szeti Kar; [Nekrol\u00f3g] (V. Z., 1987. dec. 17.); Barab\u00e1s-P\u00e9ter M.\u2013P\u00e9ter H. M.; P\u00e9ter H. M.; P\u00e9ter H. M. 2013; RMIL; T\u0151k\u00e9s<\/br><\/p>\n","protected":false},"excerpt":{"rendered":"<p>Mv., 1911, dec. 1., \u2020 Mv., 1987. dec. 15.: k\u00e9mikus, dr. egyetemi tan\u00e1r. \u2013 Feles\u00e9ge dr. Eperjessy Anna. &#8211; A k\u00f6z\u00e9piskol\u00e1t sz\u00fcl\u0151v\u00e1ros\u00e1ba v\u00e9gezte (1929). El\u0151bb banktisztvisel\u0151 volt Radn\u00f3ton ill. Ludason (1929\u201332), majd a mv.-i B\u00fcrger Albert-f\u00e9le vegy\u00e9szeti gy\u00e1rban (1934\u201338) \u00e9s a kv.-i Gy\u00f3gyszergy\u00e1rban dolgozott; elv\u00e9gezte a kv.-i egyetem k\u00e9mia szak\u00e1t (1944), majd a BTE-en tan\u00e1ri [&hellip;]<\/p>\n","protected":false},"featured_media":0,"comment_status":"open","ping_status":"closed","template":"","meta":[],"product_brand":[],"product_cat":[137],"product_tag":[],"class_list":{"0":"post-12056","1":"product","2":"type-product","3":"status-publish","5":"product_cat-maros-megyei-eletrajzi-lexikon","7":"first","8":"instock","9":"shipping-taxable","10":"product-type-simple"},"_links":{"self":[{"href":"https:\/\/uj.adatbank.ro\/lexikon\/wp-json\/wp\/v2\/product\/12056","targetHints":{"allow":["GET"]}}],"collection":[{"href":"https:\/\/uj.adatbank.ro\/lexikon\/wp-json\/wp\/v2\/product"}],"about":[{"href":"https:\/\/uj.adatbank.ro\/lexikon\/wp-json\/wp\/v2\/types\/product"}],"replies":[{"embeddable":true,"href":"https:\/\/uj.adatbank.ro\/lexikon\/wp-json\/wp\/v2\/comments?post=12056"}],"wp:attachment":[{"href":"https:\/\/uj.adatbank.ro\/lexikon\/wp-json\/wp\/v2\/media?parent=12056"}],"wp:term":[{"taxonomy":"product_brand","embeddable":true,"href":"https:\/\/uj.adatbank.ro\/lexikon\/wp-json\/wp\/v2\/product_brand?post=12056"},{"taxonomy":"product_cat","embeddable":true,"href":"https:\/\/uj.adatbank.ro\/lexikon\/wp-json\/wp\/v2\/product_cat?post=12056"},{"taxonomy":"product_tag","embeddable":true,"href":"https:\/\/uj.adatbank.ro\/lexikon\/wp-json\/wp\/v2\/product_tag?post=12056"}],"curies":[{"name":"wp","href":"https:\/\/api.w.org\/{rel}","templated":true}]}}