{"id":12059,"date":"2025-06-29T14:14:04","date_gmt":"2025-06-29T12:14:04","guid":{"rendered":"https:\/\/uj.adatbank.ro\/lexikon\/termek\/kiss-arpad-kiss-arcadiu\/"},"modified":"2025-06-29T14:14:04","modified_gmt":"2025-06-29T12:14:04","slug":"kiss-arpad-kiss-arcadiu","status":"publish","type":"product","link":"https:\/\/uj.adatbank.ro\/lexikon\/termek\/kiss-arpad-kiss-arcadiu\/","title":{"rendered":"KISS \u00c1rp\u00e1d, Kiss Arcadiu"},"content":{"rendered":"<p>Fels\u0151csert\u00e9s (Hunyad), 1907. m\u00e1j. 8., \u2020 Mv., 1976. aug. 21.: jog\u00e1sz, szak\u00edr\u00f3. \u2013 A k\u00f6z\u00e9piskol\u00e1t Gyulafeh\u00e9rv\u00e1ron a Majl\u00e1th Gimn.-ban (1926), az egyetemet Kv.-on v\u00e9gezte a jogi karon (1931). \u00dcgyv\u00e9djel\u00f6lt volt Ny\u00e1r\u00e1dszered\u00e1n (1931\u201333). Buk.-ben folytatot \u00fcgyv\u00e9di gyakorlatot, mint Willer J\u00f3zsef ogy.-i k\u00e9pvisel\u0151 titk\u00e1ra, az OMP keret\u00e9ben jogv\u00e9delmi feladatokat l\u00e1tott el. Jogi szak\u00edr\u00f3i m\u0171k\u00f6d\u00e9s\u00e9t az Erd\u00e9lyi Fiatalok munkat\u00e1rsak\u00e9nt kezdte, itt jelent meg \u00c1ll\u00edtsuk fel az erd\u00e9lyi magyar intelligencia kataszter\u00e9t c. felh\u00edv\u00e1sa (1931\/3). Ugyanebben az \u00e9vben a Magyar Kisebbs\u00e9g adta ki A kisebbs\u00e9gi k\u00e9rd\u00e9s rom\u00e1n irodalm\u00e1nak bibliogr\u00e1fi\u00e1ja c. munk\u00e1j\u00e1t. K\u00e9s\u0151bb a jogv\u00e9gzett fiatals\u00e1g elhelyezked\u00e9si lehet\u0151s\u00e9geit vizsg\u00e1lta az Erd\u00e9lyi Fiatalok has\u00e1bjain (1934\/4), a Magyar Kisebbs\u00e9g sz\u00e1m\u00e1ra pedig az \u00e1llami m. tannyelv\u0171 elemi iskol\u00e1k \u00e9s tagozatok adatait dolgozta fel a rom\u00e1n K\u00f6zoktat\u00e1si Miniszt\u00e9rium kimutat\u00e1sai alapj\u00e1n, figyelmeztetve arra a t\u00e9nyre, hogy m. tan\u00edt\u00e1snyelv\u0171 \u00e1llami iskol\u00e1kban mind\u00f6ssze 11 484 gyermek tal\u00e1lt helyet, m\u00edg 175 000 m. tanul\u00f3t nem anyanyelv\u00e9n oktatnak (1936\u201337). Mv.-en jogtan\u00e1csos a V\u00e1rosh\u00e1z\u00e1n (1940\u2013), a v\u00e1ros tiszti \u00fcgy\u00e9sze (1942\u2013), majd jogtan\u00e1csos a N\u00e9ptan\u00e1csn\u00e1l. A securitate megfigyeltette (1951 k. \u2013) \u00e9s meg\u00e1llap\u00edtotta, hogy h\u00e1z- \u00e9s m\u00e9h\u00e9szet tulajdonos valamint k\u00f6ztudom\u00e1s\u00faan reakci\u00f3s. A Dunacsatorn\u00e1n\u00e1l volt k\u00e9nyszermunkatelepen (1952 k. \u2013). <br \/><strong>Irod.:<\/strong> Bartos 2012; RMIL<\/br><\/p>\n","protected":false},"excerpt":{"rendered":"<p>Fels\u0151csert\u00e9s (Hunyad), 1907. m\u00e1j. 8., \u2020 Mv., 1976. aug. 21.: jog\u00e1sz, szak\u00edr\u00f3. \u2013 A k\u00f6z\u00e9piskol\u00e1t Gyulafeh\u00e9rv\u00e1ron a Majl\u00e1th Gimn.-ban (1926), az egyetemet Kv.-on v\u00e9gezte a jogi karon (1931). \u00dcgyv\u00e9djel\u00f6lt volt Ny\u00e1r\u00e1dszered\u00e1n (1931\u201333). Buk.-ben folytatot \u00fcgyv\u00e9di gyakorlatot, mint Willer J\u00f3zsef ogy.-i k\u00e9pvisel\u0151 titk\u00e1ra, az OMP keret\u00e9ben jogv\u00e9delmi feladatokat l\u00e1tott el. Jogi szak\u00edr\u00f3i m\u0171k\u00f6d\u00e9s\u00e9t az Erd\u00e9lyi Fiatalok [&hellip;]<\/p>\n","protected":false},"featured_media":0,"comment_status":"open","ping_status":"closed","template":"","meta":[],"product_brand":[],"product_cat":[137],"product_tag":[],"class_list":{"0":"post-12059","1":"product","2":"type-product","3":"status-publish","5":"product_cat-maros-megyei-eletrajzi-lexikon","7":"first","8":"instock","9":"shipping-taxable","10":"product-type-simple"},"_links":{"self":[{"href":"https:\/\/uj.adatbank.ro\/lexikon\/wp-json\/wp\/v2\/product\/12059","targetHints":{"allow":["GET"]}}],"collection":[{"href":"https:\/\/uj.adatbank.ro\/lexikon\/wp-json\/wp\/v2\/product"}],"about":[{"href":"https:\/\/uj.adatbank.ro\/lexikon\/wp-json\/wp\/v2\/types\/product"}],"replies":[{"embeddable":true,"href":"https:\/\/uj.adatbank.ro\/lexikon\/wp-json\/wp\/v2\/comments?post=12059"}],"wp:attachment":[{"href":"https:\/\/uj.adatbank.ro\/lexikon\/wp-json\/wp\/v2\/media?parent=12059"}],"wp:term":[{"taxonomy":"product_brand","embeddable":true,"href":"https:\/\/uj.adatbank.ro\/lexikon\/wp-json\/wp\/v2\/product_brand?post=12059"},{"taxonomy":"product_cat","embeddable":true,"href":"https:\/\/uj.adatbank.ro\/lexikon\/wp-json\/wp\/v2\/product_cat?post=12059"},{"taxonomy":"product_tag","embeddable":true,"href":"https:\/\/uj.adatbank.ro\/lexikon\/wp-json\/wp\/v2\/product_tag?post=12059"}],"curies":[{"name":"wp","href":"https:\/\/api.w.org\/{rel}","templated":true}]}}