{"id":12064,"date":"2025-06-29T14:14:12","date_gmt":"2025-06-29T12:14:12","guid":{"rendered":"https:\/\/uj.adatbank.ro\/lexikon\/termek\/kiss-bela-2\/"},"modified":"2025-06-29T14:14:12","modified_gmt":"2025-06-29T12:14:12","slug":"kiss-bela-2","status":"publish","type":"product","link":"https:\/\/uj.adatbank.ro\/lexikon\/termek\/kiss-bela-2\/","title":{"rendered":"KISS B\u00e9la"},"content":{"rendered":"<p>Nagyenyed, 1923. febr. 13., \u2020 Mv., 2000. szept. 13.: orvos, b\u0151rgy\u00f3gy\u00e1sz. \u2013 Gyakornok a mv.-i B\u0151r \u00e9s Nemigy\u00f3gy\u00e1szaton (1951\u201355); az OGYI-n tan\u00e1rseg\u00e9d (1955\u201364); f\u0151orvos az 1. Poliklinik\u00e1n (1964\u2013). Feles\u00e9ge: Dr. Kiss Margit (Mv., 1923. -Mv. 1995. j\u00fan. 21.): gyermekgy\u00f3gy\u00e1sz f\u0151orvos, a mv.-i N\u0151gy\u00f3gy\u00e1szati Klinik\u00e1n az \u00fajsz\u00fcl\u00f6tt oszt\u00e1lyon. dolgozott. Mindketten a MOGYI-n v\u00e9geztek (1950). <br \/><strong>Irod.:<\/strong> K. M. [Nekrol\u00f3g] (N\u00fa., 1995. j\u00fan. 22.); K. B. [Nekrol\u00f3g] (N\u00fa., 2000. szept 15.), Kiss\u2013P\u00e9terffy\u2013P\u00e9terffy; Todea\u2013F\u00fcl\u00f6p\u2013Avram<\/br><\/p>\n","protected":false},"excerpt":{"rendered":"<p>Nagyenyed, 1923. febr. 13., \u2020 Mv., 2000. szept. 13.: orvos, b\u0151rgy\u00f3gy\u00e1sz. \u2013 Gyakornok a mv.-i B\u0151r \u00e9s Nemigy\u00f3gy\u00e1szaton (1951\u201355); az OGYI-n tan\u00e1rseg\u00e9d (1955\u201364); f\u0151orvos az 1. Poliklinik\u00e1n (1964\u2013). Feles\u00e9ge: Dr. Kiss Margit (Mv., 1923. -Mv. 1995. j\u00fan. 21.): gyermekgy\u00f3gy\u00e1sz f\u0151orvos, a mv.-i N\u0151gy\u00f3gy\u00e1szati Klinik\u00e1n az \u00fajsz\u00fcl\u00f6tt oszt\u00e1lyon. dolgozott. Mindketten a MOGYI-n v\u00e9geztek (1950). Irod.: K. [&hellip;]<\/p>\n","protected":false},"featured_media":0,"comment_status":"open","ping_status":"closed","template":"","meta":[],"product_brand":[],"product_cat":[137],"product_tag":[],"class_list":{"0":"post-12064","1":"product","2":"type-product","3":"status-publish","5":"product_cat-maros-megyei-eletrajzi-lexikon","7":"first","8":"instock","9":"shipping-taxable","10":"product-type-simple"},"_links":{"self":[{"href":"https:\/\/uj.adatbank.ro\/lexikon\/wp-json\/wp\/v2\/product\/12064","targetHints":{"allow":["GET"]}}],"collection":[{"href":"https:\/\/uj.adatbank.ro\/lexikon\/wp-json\/wp\/v2\/product"}],"about":[{"href":"https:\/\/uj.adatbank.ro\/lexikon\/wp-json\/wp\/v2\/types\/product"}],"replies":[{"embeddable":true,"href":"https:\/\/uj.adatbank.ro\/lexikon\/wp-json\/wp\/v2\/comments?post=12064"}],"wp:attachment":[{"href":"https:\/\/uj.adatbank.ro\/lexikon\/wp-json\/wp\/v2\/media?parent=12064"}],"wp:term":[{"taxonomy":"product_brand","embeddable":true,"href":"https:\/\/uj.adatbank.ro\/lexikon\/wp-json\/wp\/v2\/product_brand?post=12064"},{"taxonomy":"product_cat","embeddable":true,"href":"https:\/\/uj.adatbank.ro\/lexikon\/wp-json\/wp\/v2\/product_cat?post=12064"},{"taxonomy":"product_tag","embeddable":true,"href":"https:\/\/uj.adatbank.ro\/lexikon\/wp-json\/wp\/v2\/product_tag?post=12064"}],"curies":[{"name":"wp","href":"https:\/\/api.w.org\/{rel}","templated":true}]}}