{"id":12067,"date":"2025-06-29T14:14:19","date_gmt":"2025-06-29T12:14:19","guid":{"rendered":"https:\/\/uj.adatbank.ro\/lexikon\/termek\/kiss-bela-%c2%a7\/"},"modified":"2025-06-29T14:14:19","modified_gmt":"2025-06-29T12:14:19","slug":"kiss-bela-%c2%a7","status":"publish","type":"product","link":"https:\/\/uj.adatbank.ro\/lexikon\/termek\/kiss-bela-%c2%a7\/","title":{"rendered":"KISS B\u00e9la, \u00a7"},"content":{"rendered":"<p>Mv., 1928., \u2020 Bp., 2009. dec. 19 : tan\u00e1r, k\u00f6nyvt\u00e1ros, iskolaigazgat\u00f3. \u2013 A k\u00f6z\u00e9piskol\u00e1t a mv.-i R. K. Gimn\u00e1ziumban, az egyetem f\u00f6ldrajz szak\u00e1t a BTE \u2013en v\u00e9gezte. A mv.-i Tartom\u00e1nyi K\u00f6nyvt\u00e1rban f\u0151k\u00f6nyvt\u00e1ros, majd az 1. sz \u00c1ltal\u00e1nos iskola f\u00f6ldrajztan\u00e1ra, igazgat\u00f3ja. \u2013 Irod : MMK<\/br><\/p>\n","protected":false},"excerpt":{"rendered":"<p>Mv., 1928., \u2020 Bp., 2009. dec. 19 : tan\u00e1r, k\u00f6nyvt\u00e1ros, iskolaigazgat\u00f3. \u2013 A k\u00f6z\u00e9piskol\u00e1t a mv.-i R. K. Gimn\u00e1ziumban, az egyetem f\u00f6ldrajz szak\u00e1t a BTE \u2013en v\u00e9gezte. A mv.-i Tartom\u00e1nyi K\u00f6nyvt\u00e1rban f\u0151k\u00f6nyvt\u00e1ros, majd az 1. sz \u00c1ltal\u00e1nos iskola f\u00f6ldrajztan\u00e1ra, igazgat\u00f3ja. \u2013 Irod : MMK<\/p>\n","protected":false},"featured_media":0,"comment_status":"open","ping_status":"closed","template":"","meta":[],"product_brand":[],"product_cat":[137],"product_tag":[],"class_list":{"0":"post-12067","1":"product","2":"type-product","3":"status-publish","5":"product_cat-maros-megyei-eletrajzi-lexikon","7":"first","8":"instock","9":"shipping-taxable","10":"product-type-simple"},"_links":{"self":[{"href":"https:\/\/uj.adatbank.ro\/lexikon\/wp-json\/wp\/v2\/product\/12067","targetHints":{"allow":["GET"]}}],"collection":[{"href":"https:\/\/uj.adatbank.ro\/lexikon\/wp-json\/wp\/v2\/product"}],"about":[{"href":"https:\/\/uj.adatbank.ro\/lexikon\/wp-json\/wp\/v2\/types\/product"}],"replies":[{"embeddable":true,"href":"https:\/\/uj.adatbank.ro\/lexikon\/wp-json\/wp\/v2\/comments?post=12067"}],"wp:attachment":[{"href":"https:\/\/uj.adatbank.ro\/lexikon\/wp-json\/wp\/v2\/media?parent=12067"}],"wp:term":[{"taxonomy":"product_brand","embeddable":true,"href":"https:\/\/uj.adatbank.ro\/lexikon\/wp-json\/wp\/v2\/product_brand?post=12067"},{"taxonomy":"product_cat","embeddable":true,"href":"https:\/\/uj.adatbank.ro\/lexikon\/wp-json\/wp\/v2\/product_cat?post=12067"},{"taxonomy":"product_tag","embeddable":true,"href":"https:\/\/uj.adatbank.ro\/lexikon\/wp-json\/wp\/v2\/product_tag?post=12067"}],"curies":[{"name":"wp","href":"https:\/\/api.w.org\/{rel}","templated":true}]}}