{"id":12070,"date":"2025-06-29T14:14:29","date_gmt":"2025-06-29T12:14:29","guid":{"rendered":"https:\/\/uj.adatbank.ro\/lexikon\/termek\/kiss-benke-gyorgy-kiss\/"},"modified":"2025-06-29T14:14:29","modified_gmt":"2025-06-29T12:14:29","slug":"kiss-benke-gyorgy-kiss","status":"publish","type":"product","link":"https:\/\/uj.adatbank.ro\/lexikon\/termek\/kiss-benke-gyorgy-kiss\/","title":{"rendered":"KISS BENKE Gy\u00f6rgy; Kiss,"},"content":{"rendered":"<p>Mv., 1927. okt. 23., \u2020 Buk., 1960. dec. 22.: szerkeszt\u0151. \u2013 K\u00f6z\u00e9piskol\u00e1it sz\u00fcl\u0151v\u00e1ros\u00e1ban a Ref. Koll.-ban v\u00e9gezte. A mv.-i Cukorgy\u00e1rban munk\u00e1s, majd \u00fajs\u00e1g\u00edr\u00f3. Els\u0151 cikk\u00e9t a sz\u00e9kelyf\u00f6ldi MNSZ-lap a N\u00e9p\u00fajs\u00e1g k\u00f6z\u00f6lte (1949) ; az 50-es \u00e9vekben a f\u0151v\u00e1rosi M\u0171vel\u0151d\u00e9si \u00datmutat\u00f3 ill. M\u0171vel\u0151d\u00e9s f\u0151szerkeszt\u0151je, maga k\u00f6r\u00e9 gy\u0171jtve \u00edr\u00f3kat m\u0171v\u00e9szeket (Balla K\u00e1roly, Kacs\u00edr M\u00e1ria, Marosi Oldik\u00f3, M\u00e9hes Gy\u00f6rgy, P\u00e1ll \u00c1rp\u00e1d, Zolt\u00e1n Alad\u00e1r), akiket ezen id\u0151k politikai nyom\u00e1sa h\u00e1t\u00e9rbe szor\u00edtott. <br \/><strong>Irod.:<\/strong> RMIL<\/br><\/p>\n","protected":false},"excerpt":{"rendered":"<p>Mv., 1927. okt. 23., \u2020 Buk., 1960. dec. 22.: szerkeszt\u0151. \u2013 K\u00f6z\u00e9piskol\u00e1it sz\u00fcl\u0151v\u00e1ros\u00e1ban a Ref. Koll.-ban v\u00e9gezte. A mv.-i Cukorgy\u00e1rban munk\u00e1s, majd \u00fajs\u00e1g\u00edr\u00f3. Els\u0151 cikk\u00e9t a sz\u00e9kelyf\u00f6ldi MNSZ-lap a N\u00e9p\u00fajs\u00e1g k\u00f6z\u00f6lte (1949) ; az 50-es \u00e9vekben a f\u0151v\u00e1rosi M\u0171vel\u0151d\u00e9si \u00datmutat\u00f3 ill. M\u0171vel\u0151d\u00e9s f\u0151szerkeszt\u0151je, maga k\u00f6r\u00e9 gy\u0171jtve \u00edr\u00f3kat m\u0171v\u00e9szeket (Balla K\u00e1roly, Kacs\u00edr M\u00e1ria, Marosi Oldik\u00f3, M\u00e9hes [&hellip;]<\/p>\n","protected":false},"featured_media":0,"comment_status":"open","ping_status":"closed","template":"","meta":[],"product_brand":[],"product_cat":[137],"product_tag":[],"class_list":{"0":"post-12070","1":"product","2":"type-product","3":"status-publish","5":"product_cat-maros-megyei-eletrajzi-lexikon","7":"first","8":"instock","9":"shipping-taxable","10":"product-type-simple"},"_links":{"self":[{"href":"https:\/\/uj.adatbank.ro\/lexikon\/wp-json\/wp\/v2\/product\/12070","targetHints":{"allow":["GET"]}}],"collection":[{"href":"https:\/\/uj.adatbank.ro\/lexikon\/wp-json\/wp\/v2\/product"}],"about":[{"href":"https:\/\/uj.adatbank.ro\/lexikon\/wp-json\/wp\/v2\/types\/product"}],"replies":[{"embeddable":true,"href":"https:\/\/uj.adatbank.ro\/lexikon\/wp-json\/wp\/v2\/comments?post=12070"}],"wp:attachment":[{"href":"https:\/\/uj.adatbank.ro\/lexikon\/wp-json\/wp\/v2\/media?parent=12070"}],"wp:term":[{"taxonomy":"product_brand","embeddable":true,"href":"https:\/\/uj.adatbank.ro\/lexikon\/wp-json\/wp\/v2\/product_brand?post=12070"},{"taxonomy":"product_cat","embeddable":true,"href":"https:\/\/uj.adatbank.ro\/lexikon\/wp-json\/wp\/v2\/product_cat?post=12070"},{"taxonomy":"product_tag","embeddable":true,"href":"https:\/\/uj.adatbank.ro\/lexikon\/wp-json\/wp\/v2\/product_tag?post=12070"}],"curies":[{"name":"wp","href":"https:\/\/api.w.org\/{rel}","templated":true}]}}