{"id":12073,"date":"2025-06-29T14:14:33","date_gmt":"2025-06-29T12:14:33","guid":{"rendered":"https:\/\/uj.adatbank.ro\/lexikon\/termek\/kiss-denes\/"},"modified":"2025-06-29T14:14:33","modified_gmt":"2025-06-29T12:14:33","slug":"kiss-denes","status":"publish","type":"product","link":"https:\/\/uj.adatbank.ro\/lexikon\/termek\/kiss-denes\/","title":{"rendered":"KISS D\u00e9nes"},"content":{"rendered":"<p>1901., \u2020 Mv., 1986. aug. 5.: munk\u00e1smozgalom harcosa. \u2013 AZ RKP tagja (1928\u2013), r\u00e9szt vett a k\u00fczdelmekben az illeg\u00e1lit\u00e1s \u00e9veiben, majd a felszabadul\u00e1s ut\u00e1n t\u00f6bb fontos beoszt\u00e1sa volt, nyugd\u00edjba ment mint a Kisipari Termel\u0151sz\u00f6vetkezetek Tartom\u00e1nyi eln\u00f6ke. <br \/><strong>Irod.:<\/strong> K. D. [Nekrol\u00f3g] (V. Z., 1986. aug. 6.)<\/br><\/p>\n","protected":false},"excerpt":{"rendered":"<p>1901., \u2020 Mv., 1986. aug. 5.: munk\u00e1smozgalom harcosa. \u2013 AZ RKP tagja (1928\u2013), r\u00e9szt vett a k\u00fczdelmekben az illeg\u00e1lit\u00e1s \u00e9veiben, majd a felszabadul\u00e1s ut\u00e1n t\u00f6bb fontos beoszt\u00e1sa volt, nyugd\u00edjba ment mint a Kisipari Termel\u0151sz\u00f6vetkezetek Tartom\u00e1nyi eln\u00f6ke. Irod.: K. D. [Nekrol\u00f3g] (V. Z., 1986. aug. 6.)<\/p>\n","protected":false},"featured_media":0,"comment_status":"open","ping_status":"closed","template":"","meta":[],"product_brand":[],"product_cat":[137],"product_tag":[],"class_list":{"0":"post-12073","1":"product","2":"type-product","3":"status-publish","5":"product_cat-maros-megyei-eletrajzi-lexikon","7":"first","8":"instock","9":"shipping-taxable","10":"product-type-simple"},"_links":{"self":[{"href":"https:\/\/uj.adatbank.ro\/lexikon\/wp-json\/wp\/v2\/product\/12073","targetHints":{"allow":["GET"]}}],"collection":[{"href":"https:\/\/uj.adatbank.ro\/lexikon\/wp-json\/wp\/v2\/product"}],"about":[{"href":"https:\/\/uj.adatbank.ro\/lexikon\/wp-json\/wp\/v2\/types\/product"}],"replies":[{"embeddable":true,"href":"https:\/\/uj.adatbank.ro\/lexikon\/wp-json\/wp\/v2\/comments?post=12073"}],"wp:attachment":[{"href":"https:\/\/uj.adatbank.ro\/lexikon\/wp-json\/wp\/v2\/media?parent=12073"}],"wp:term":[{"taxonomy":"product_brand","embeddable":true,"href":"https:\/\/uj.adatbank.ro\/lexikon\/wp-json\/wp\/v2\/product_brand?post=12073"},{"taxonomy":"product_cat","embeddable":true,"href":"https:\/\/uj.adatbank.ro\/lexikon\/wp-json\/wp\/v2\/product_cat?post=12073"},{"taxonomy":"product_tag","embeddable":true,"href":"https:\/\/uj.adatbank.ro\/lexikon\/wp-json\/wp\/v2\/product_tag?post=12073"}],"curies":[{"name":"wp","href":"https:\/\/api.w.org\/{rel}","templated":true}]}}