{"id":12074,"date":"2025-06-29T14:14:36","date_gmt":"2025-06-29T12:14:36","guid":{"rendered":"https:\/\/uj.adatbank.ro\/lexikon\/termek\/kiss-denes-2\/"},"modified":"2025-06-29T14:14:36","modified_gmt":"2025-06-29T12:14:36","slug":"kiss-denes-2","status":"publish","type":"product","link":"https:\/\/uj.adatbank.ro\/lexikon\/termek\/kiss-denes-2\/","title":{"rendered":"KISS D\u00e9nes"},"content":{"rendered":"<p>Rugonfalva (Hargita), 1922. szept. 7., \u2020 Segesv\u00e1r, 1963. j\u00fal. 26.: tan\u00e1r, tanfel\u00fcgyel\u0151. \u2013 A tan\u00edt\u00f3k\u00e9pz\u0151t Sz\u00e9kelykereszt\u00faron v\u00e9gezte, a kv.-i BTE m. szak\u00e1n szerzett oklevelet (1955\u201362). Sz\u00e9kelykereszt\u00faron a Tan\u00edt\u00f3k\u00e9pz\u0151 titk\u00e1ra (1948\u201351); Segesv\u00e1ron tan\u00e1r, iskola igazgat\u00f3, tanfel\u00fcgyel\u0151 (1950\u201363), kiharcolta a segesv\u00e1ri 1. sz. L\u00edc. m. tagozat\u00e1nak l\u00e9trehoz\u00e1s\u00e1t (1960), az els\u0151 \u00e9vben 31 tanul\u00f3val. <br \/><strong>Irod.:<\/strong> Kusz\u00e1lik; M\u00e1th\u00e9 Andr\u00e1s: Tudja-e, hogy. (N\u00fa., 1998. \u00e1pr. 21.); RMIL<\/br><\/p>\n","protected":false},"excerpt":{"rendered":"<p>Rugonfalva (Hargita), 1922. szept. 7., \u2020 Segesv\u00e1r, 1963. j\u00fal. 26.: tan\u00e1r, tanfel\u00fcgyel\u0151. \u2013 A tan\u00edt\u00f3k\u00e9pz\u0151t Sz\u00e9kelykereszt\u00faron v\u00e9gezte, a kv.-i BTE m. szak\u00e1n szerzett oklevelet (1955\u201362). Sz\u00e9kelykereszt\u00faron a Tan\u00edt\u00f3k\u00e9pz\u0151 titk\u00e1ra (1948\u201351); Segesv\u00e1ron tan\u00e1r, iskola igazgat\u00f3, tanfel\u00fcgyel\u0151 (1950\u201363), kiharcolta a segesv\u00e1ri 1. sz. L\u00edc. m. tagozat\u00e1nak l\u00e9trehoz\u00e1s\u00e1t (1960), az els\u0151 \u00e9vben 31 tanul\u00f3val. Irod.: Kusz\u00e1lik; M\u00e1th\u00e9 Andr\u00e1s: [&hellip;]<\/p>\n","protected":false},"featured_media":0,"comment_status":"open","ping_status":"closed","template":"","meta":[],"product_brand":[],"product_cat":[137],"product_tag":[],"class_list":{"0":"post-12074","1":"product","2":"type-product","3":"status-publish","5":"product_cat-maros-megyei-eletrajzi-lexikon","7":"first","8":"instock","9":"shipping-taxable","10":"product-type-simple"},"_links":{"self":[{"href":"https:\/\/uj.adatbank.ro\/lexikon\/wp-json\/wp\/v2\/product\/12074","targetHints":{"allow":["GET"]}}],"collection":[{"href":"https:\/\/uj.adatbank.ro\/lexikon\/wp-json\/wp\/v2\/product"}],"about":[{"href":"https:\/\/uj.adatbank.ro\/lexikon\/wp-json\/wp\/v2\/types\/product"}],"replies":[{"embeddable":true,"href":"https:\/\/uj.adatbank.ro\/lexikon\/wp-json\/wp\/v2\/comments?post=12074"}],"wp:attachment":[{"href":"https:\/\/uj.adatbank.ro\/lexikon\/wp-json\/wp\/v2\/media?parent=12074"}],"wp:term":[{"taxonomy":"product_brand","embeddable":true,"href":"https:\/\/uj.adatbank.ro\/lexikon\/wp-json\/wp\/v2\/product_brand?post=12074"},{"taxonomy":"product_cat","embeddable":true,"href":"https:\/\/uj.adatbank.ro\/lexikon\/wp-json\/wp\/v2\/product_cat?post=12074"},{"taxonomy":"product_tag","embeddable":true,"href":"https:\/\/uj.adatbank.ro\/lexikon\/wp-json\/wp\/v2\/product_tag?post=12074"}],"curies":[{"name":"wp","href":"https:\/\/api.w.org\/{rel}","templated":true}]}}