{"id":12075,"date":"2025-06-29T14:14:41","date_gmt":"2025-06-29T12:14:41","guid":{"rendered":"https:\/\/uj.adatbank.ro\/lexikon\/termek\/kiss-denesne-szabo-iren\/"},"modified":"2025-06-29T14:14:41","modified_gmt":"2025-06-29T12:14:41","slug":"kiss-denesne-szabo-iren","status":"publish","type":"product","link":"https:\/\/uj.adatbank.ro\/lexikon\/termek\/kiss-denesne-szabo-iren\/","title":{"rendered":"KISS D\u00e9nesn\u00e9; Szab\u00f3 Ir\u00e9n"},"content":{"rendered":"<p>Sz\u00e9kelyszenterzs\u00e9bet (Har.), 1923. nov. 28., \u2020 : tan\u00e1r. \u2013 Sz\u00e9kelyudvarhelyen tan\u00edt\u00f3k\u00e9pz\u0151t v\u00e9gzett (1942), Kv.-on a BTE m. szak\u00e1n tan\u00e1ri diplom\u00e1t szerzett (1962). Tan\u00edtott Udvarhelymegy\u00e9ben (1942\u201362); Segesv\u00e1ron (1962\u201379). <br \/><strong>Irod.:<\/strong> KKACs<\/br><\/p>\n","protected":false},"excerpt":{"rendered":"<p>Sz\u00e9kelyszenterzs\u00e9bet (Har.), 1923. nov. 28., \u2020 : tan\u00e1r. \u2013 Sz\u00e9kelyudvarhelyen tan\u00edt\u00f3k\u00e9pz\u0151t v\u00e9gzett (1942), Kv.-on a BTE m. szak\u00e1n tan\u00e1ri diplom\u00e1t szerzett (1962). Tan\u00edtott Udvarhelymegy\u00e9ben (1942\u201362); Segesv\u00e1ron (1962\u201379). Irod.: KKACs<\/p>\n","protected":false},"featured_media":0,"comment_status":"open","ping_status":"closed","template":"","meta":[],"product_brand":[],"product_cat":[137],"product_tag":[],"class_list":{"0":"post-12075","1":"product","2":"type-product","3":"status-publish","5":"product_cat-maros-megyei-eletrajzi-lexikon","7":"first","8":"instock","9":"shipping-taxable","10":"product-type-simple"},"_links":{"self":[{"href":"https:\/\/uj.adatbank.ro\/lexikon\/wp-json\/wp\/v2\/product\/12075","targetHints":{"allow":["GET"]}}],"collection":[{"href":"https:\/\/uj.adatbank.ro\/lexikon\/wp-json\/wp\/v2\/product"}],"about":[{"href":"https:\/\/uj.adatbank.ro\/lexikon\/wp-json\/wp\/v2\/types\/product"}],"replies":[{"embeddable":true,"href":"https:\/\/uj.adatbank.ro\/lexikon\/wp-json\/wp\/v2\/comments?post=12075"}],"wp:attachment":[{"href":"https:\/\/uj.adatbank.ro\/lexikon\/wp-json\/wp\/v2\/media?parent=12075"}],"wp:term":[{"taxonomy":"product_brand","embeddable":true,"href":"https:\/\/uj.adatbank.ro\/lexikon\/wp-json\/wp\/v2\/product_brand?post=12075"},{"taxonomy":"product_cat","embeddable":true,"href":"https:\/\/uj.adatbank.ro\/lexikon\/wp-json\/wp\/v2\/product_cat?post=12075"},{"taxonomy":"product_tag","embeddable":true,"href":"https:\/\/uj.adatbank.ro\/lexikon\/wp-json\/wp\/v2\/product_tag?post=12075"}],"curies":[{"name":"wp","href":"https:\/\/api.w.org\/{rel}","templated":true}]}}