{"id":12079,"date":"2025-06-29T14:14:48","date_gmt":"2025-06-29T12:14:48","guid":{"rendered":"https:\/\/uj.adatbank.ro\/lexikon\/termek\/kiss-elek\/"},"modified":"2025-06-29T14:14:48","modified_gmt":"2025-06-29T12:14:48","slug":"kiss-elek","status":"publish","type":"product","link":"https:\/\/uj.adatbank.ro\/lexikon\/termek\/kiss-elek\/","title":{"rendered":"KISS Elek"},"content":{"rendered":"<p>K\u00e1poszt\u00e1sszentmikl\u00f3s, 1895. okt. 6., \u2020 Mv., 1984. jan. 4.: tan\u00edt\u00f3, zenetan\u00e1r, zeneszerz\u0151, karmester. \u2013 D\u00e9v\u00e1n v\u00e9gezte a tan\u00edt\u00f3k\u00e9pz\u0151t (1915). Majd a kv.-i Zenekonzervat\u00f3riumban tanult. Zenetan\u00e1r volt Dics\u0151szentm\u00e1rtonban a Ref. Polg\u00e1ri \u00e9s a Fels\u0151kereskedelmi iskol\u00e1kban (1920\u201322), a sz\u00e9kelyudvarhelyi Rom. Kat. F\u0151gimn\u00e1ziumban (1922\u201341), Mv.-en a tan\u00edt\u00f3k\u00e9pz\u0151ben (1941\u2013), az utobbinak igazgat\u00f3ja volt (1946. szept. 1. &#8211; 1948. \u00e1pr. 18.). A Sz\u00e9kely Dalegylet \u00e9s a M. Dalossz\u00f6vets\u00e9g karnagyak\u00e9nt t\u00f6bbsz\u00f6r r\u00e9sztvett a segesv\u00e1ri orsz\u00e1gos dalosversenyeken \u00e9s f\u00e9rfik\u00f3rusra \u00edrt darabjaival t\u00f6bbsz\u00f6r els\u0151 d\u00edjat nyert. Mv.-en tan\u00edtott. A mv.-i Munk\u00e1sk\u00f3rus karmesterek\u00e9nt a buk.-i zenei versenyen elismer\u0151 oklev\u00e9llel t\u00fcntett\u00e9k ki (1948). Mint zenetan\u00e1r t\u00f6bb \u00e9vtizeden \u00e1t a karvezet\u0151k eg\u00e9sz nemzed\u00e9k\u00e9t nevelte. Zeneszerz\u0151i munk\u00e1s\u00e1ga: Vonoszenekari darabok, von\u00f3sn\u00e9gyesek, G-d\u00far mise \u00e9nek- \u00e9s zenekarra, m\u0171dalok vegyes- \u00e9s f\u00e9rfikarra, n\u00e9pdalfeldolgoz\u00e1sok zongorak\u00eds\u00e9rettel. T\u00f6bbsz\u00f6r fell\u00e9pett mint sz\u00f3l\u00f3heged\u0171s; zeneelm\u00e9leti \u00e9s zenet\u00f6rt\u00e9neti el\u0151ad\u00e1sokat tartott. <br \/><strong>Irod.:<\/strong> \u00c1ment J\u00e1nos: Elek b\u00e1csi, nagyon sz\u00e9pen k\u00f6sz\u00f6nj\u00fck. (V. Z., 1984. jan. 13.); B\u00f6l\u00f6ni Domokos: Egykori tan\u00edt\u00f3k\u00e9pz\u0151nk (N\u00fa., 1994. \u00e1pr. 13.); Csekme; Csern\u00e1toni; EM; Guly\u00e1s; Katona Szab\u00f3 Istv\u00e1n: Az \u00daj \u00c9let lexikona, 90. (\u00daj \u00c9let, 6. sz. 1974.) [Nekrol\u00f3g] (V. Z., 1984. jan. 5.)<\/br><\/p>\n","protected":false},"excerpt":{"rendered":"<p>K\u00e1poszt\u00e1sszentmikl\u00f3s, 1895. okt. 6., \u2020 Mv., 1984. jan. 4.: tan\u00edt\u00f3, zenetan\u00e1r, zeneszerz\u0151, karmester. \u2013 D\u00e9v\u00e1n v\u00e9gezte a tan\u00edt\u00f3k\u00e9pz\u0151t (1915). Majd a kv.-i Zenekonzervat\u00f3riumban tanult. Zenetan\u00e1r volt Dics\u0151szentm\u00e1rtonban a Ref. Polg\u00e1ri \u00e9s a Fels\u0151kereskedelmi iskol\u00e1kban (1920\u201322), a sz\u00e9kelyudvarhelyi Rom. Kat. F\u0151gimn\u00e1ziumban (1922\u201341), Mv.-en a tan\u00edt\u00f3k\u00e9pz\u0151ben (1941\u2013), az utobbinak igazgat\u00f3ja volt (1946. szept. 1. &#8211; 1948. \u00e1pr. [&hellip;]<\/p>\n","protected":false},"featured_media":0,"comment_status":"open","ping_status":"closed","template":"","meta":[],"product_brand":[],"product_cat":[137],"product_tag":[],"class_list":{"0":"post-12079","1":"product","2":"type-product","3":"status-publish","5":"product_cat-maros-megyei-eletrajzi-lexikon","7":"first","8":"instock","9":"shipping-taxable","10":"product-type-simple"},"_links":{"self":[{"href":"https:\/\/uj.adatbank.ro\/lexikon\/wp-json\/wp\/v2\/product\/12079","targetHints":{"allow":["GET"]}}],"collection":[{"href":"https:\/\/uj.adatbank.ro\/lexikon\/wp-json\/wp\/v2\/product"}],"about":[{"href":"https:\/\/uj.adatbank.ro\/lexikon\/wp-json\/wp\/v2\/types\/product"}],"replies":[{"embeddable":true,"href":"https:\/\/uj.adatbank.ro\/lexikon\/wp-json\/wp\/v2\/comments?post=12079"}],"wp:attachment":[{"href":"https:\/\/uj.adatbank.ro\/lexikon\/wp-json\/wp\/v2\/media?parent=12079"}],"wp:term":[{"taxonomy":"product_brand","embeddable":true,"href":"https:\/\/uj.adatbank.ro\/lexikon\/wp-json\/wp\/v2\/product_brand?post=12079"},{"taxonomy":"product_cat","embeddable":true,"href":"https:\/\/uj.adatbank.ro\/lexikon\/wp-json\/wp\/v2\/product_cat?post=12079"},{"taxonomy":"product_tag","embeddable":true,"href":"https:\/\/uj.adatbank.ro\/lexikon\/wp-json\/wp\/v2\/product_tag?post=12079"}],"curies":[{"name":"wp","href":"https:\/\/api.w.org\/{rel}","templated":true}]}}