{"id":12081,"date":"2025-06-29T14:14:50","date_gmt":"2025-06-29T12:14:50","guid":{"rendered":"https:\/\/uj.adatbank.ro\/lexikon\/termek\/kiss-elek-lexi-%c2%a7\/"},"modified":"2025-06-29T14:14:50","modified_gmt":"2025-06-29T12:14:50","slug":"kiss-elek-lexi-%c2%a7","status":"publish","type":"product","link":"https:\/\/uj.adatbank.ro\/lexikon\/termek\/kiss-elek-lexi-%c2%a7\/","title":{"rendered":"KISS Elek, Lexi, \u00a7"},"content":{"rendered":"<p>Szab\u00e9d, 1938, \u2020 Bp., 1995. m\u00e1j.? : fest\u0151m\u0171v\u00e9sz. Kv.-on a K\u00e9pz\u0151m\u0171v\u00e9szeti F\u0151iskol\u00e1n v\u00e9gzett. Nagyv\u00e1radon dolgozott 1989-ig. Magyarorsz\u00e1gon folytatta tev\u00e9kenys\u00e9g\u00e9t, absztrakt k\u00e9peket festett. \u2013 Irod. [Nekrol\u00f3g] (N\u00fa., 1995. j\u00fan. 1.)<\/br><\/p>\n","protected":false},"excerpt":{"rendered":"<p>Szab\u00e9d, 1938, \u2020 Bp., 1995. m\u00e1j.? : fest\u0151m\u0171v\u00e9sz. Kv.-on a K\u00e9pz\u0151m\u0171v\u00e9szeti F\u0151iskol\u00e1n v\u00e9gzett. Nagyv\u00e1radon dolgozott 1989-ig. Magyarorsz\u00e1gon folytatta tev\u00e9kenys\u00e9g\u00e9t, absztrakt k\u00e9peket festett. \u2013 Irod. [Nekrol\u00f3g] (N\u00fa., 1995. j\u00fan. 1.)<\/p>\n","protected":false},"featured_media":0,"comment_status":"open","ping_status":"closed","template":"","meta":[],"product_brand":[],"product_cat":[137],"product_tag":[],"class_list":{"0":"post-12081","1":"product","2":"type-product","3":"status-publish","5":"product_cat-maros-megyei-eletrajzi-lexikon","7":"first","8":"instock","9":"shipping-taxable","10":"product-type-simple"},"_links":{"self":[{"href":"https:\/\/uj.adatbank.ro\/lexikon\/wp-json\/wp\/v2\/product\/12081","targetHints":{"allow":["GET"]}}],"collection":[{"href":"https:\/\/uj.adatbank.ro\/lexikon\/wp-json\/wp\/v2\/product"}],"about":[{"href":"https:\/\/uj.adatbank.ro\/lexikon\/wp-json\/wp\/v2\/types\/product"}],"replies":[{"embeddable":true,"href":"https:\/\/uj.adatbank.ro\/lexikon\/wp-json\/wp\/v2\/comments?post=12081"}],"wp:attachment":[{"href":"https:\/\/uj.adatbank.ro\/lexikon\/wp-json\/wp\/v2\/media?parent=12081"}],"wp:term":[{"taxonomy":"product_brand","embeddable":true,"href":"https:\/\/uj.adatbank.ro\/lexikon\/wp-json\/wp\/v2\/product_brand?post=12081"},{"taxonomy":"product_cat","embeddable":true,"href":"https:\/\/uj.adatbank.ro\/lexikon\/wp-json\/wp\/v2\/product_cat?post=12081"},{"taxonomy":"product_tag","embeddable":true,"href":"https:\/\/uj.adatbank.ro\/lexikon\/wp-json\/wp\/v2\/product_tag?post=12081"}],"curies":[{"name":"wp","href":"https:\/\/api.w.org\/{rel}","templated":true}]}}