{"id":12082,"date":"2025-06-29T14:14:52","date_gmt":"2025-06-29T12:14:52","guid":{"rendered":"https:\/\/uj.adatbank.ro\/lexikon\/termek\/kiss-elek-2\/"},"modified":"2025-06-29T14:14:52","modified_gmt":"2025-06-29T12:14:52","slug":"kiss-elek-2","status":"publish","type":"product","link":"https:\/\/uj.adatbank.ro\/lexikon\/termek\/kiss-elek-2\/","title":{"rendered":"KISS Elek"},"content":{"rendered":"<p>Geges, 1895, \u2020 Geges, 1984.: tan\u00edt\u00f3. \u2013 Tartal\u00e9kos hadnagy. Tan\u00edt\u00f3 Gegesben (1941). Vit\u00e9zi avat\u00e1sa (1944. febr. 28.). <br \/><strong>Irod.:<\/strong> Berekm\u00e9ri\u2013Nemes; Ref. egyetemes N\u00e9vt\u00e1r<\/br><\/p>\n","protected":false},"excerpt":{"rendered":"<p>Geges, 1895, \u2020 Geges, 1984.: tan\u00edt\u00f3. \u2013 Tartal\u00e9kos hadnagy. Tan\u00edt\u00f3 Gegesben (1941). Vit\u00e9zi avat\u00e1sa (1944. febr. 28.). Irod.: Berekm\u00e9ri\u2013Nemes; Ref. egyetemes N\u00e9vt\u00e1r<\/p>\n","protected":false},"featured_media":0,"comment_status":"open","ping_status":"closed","template":"","meta":[],"product_brand":[],"product_cat":[137],"product_tag":[],"class_list":{"0":"post-12082","1":"product","2":"type-product","3":"status-publish","5":"product_cat-maros-megyei-eletrajzi-lexikon","7":"first","8":"instock","9":"shipping-taxable","10":"product-type-simple"},"_links":{"self":[{"href":"https:\/\/uj.adatbank.ro\/lexikon\/wp-json\/wp\/v2\/product\/12082","targetHints":{"allow":["GET"]}}],"collection":[{"href":"https:\/\/uj.adatbank.ro\/lexikon\/wp-json\/wp\/v2\/product"}],"about":[{"href":"https:\/\/uj.adatbank.ro\/lexikon\/wp-json\/wp\/v2\/types\/product"}],"replies":[{"embeddable":true,"href":"https:\/\/uj.adatbank.ro\/lexikon\/wp-json\/wp\/v2\/comments?post=12082"}],"wp:attachment":[{"href":"https:\/\/uj.adatbank.ro\/lexikon\/wp-json\/wp\/v2\/media?parent=12082"}],"wp:term":[{"taxonomy":"product_brand","embeddable":true,"href":"https:\/\/uj.adatbank.ro\/lexikon\/wp-json\/wp\/v2\/product_brand?post=12082"},{"taxonomy":"product_cat","embeddable":true,"href":"https:\/\/uj.adatbank.ro\/lexikon\/wp-json\/wp\/v2\/product_cat?post=12082"},{"taxonomy":"product_tag","embeddable":true,"href":"https:\/\/uj.adatbank.ro\/lexikon\/wp-json\/wp\/v2\/product_tag?post=12082"}],"curies":[{"name":"wp","href":"https:\/\/api.w.org\/{rel}","templated":true}]}}