{"id":12083,"date":"2025-06-29T14:14:54","date_gmt":"2025-06-29T12:14:54","guid":{"rendered":"https:\/\/uj.adatbank.ro\/lexikon\/termek\/kiss-elemer\/"},"modified":"2025-06-29T14:14:54","modified_gmt":"2025-06-29T12:14:54","slug":"kiss-elemer","status":"publish","type":"product","link":"https:\/\/uj.adatbank.ro\/lexikon\/termek\/kiss-elemer\/","title":{"rendered":"KISS Elem\u00e9r"},"content":{"rendered":"<p>? \u2020 ?: igazgt\u00f3, zenetan\u00e1r. \u2013 A mv.-i M. Tan\u00edt\u00f3n\u0151-k\u00e9pz\u0151ben, igazgat\u00f3 (1946. szept. 1. \u2013 1948. \u00e1pr.), majd szaktan\u00e1r (1948. \u00e1pr. \u2013 1953). Igazgat\u00e1sa ideje alatt nagy hangs\u00falyt helyeztek a tanul\u00f3k kultur\u00e1lis k\u00e9pz\u00e9s\u00e9re is. Eml\u00e9kezetes maradt egy m\u0171v\u00e9szi m\u0171soruk, amelyet a M\u0171vel\u0151d\u00e9si Palota sz\u00ednpad\u00e1n mutattak be. <br \/><strong>Irod.:<\/strong> Chertes-Cioat\u0103<\/br><\/p>\n","protected":false},"excerpt":{"rendered":"<p>? \u2020 ?: igazgt\u00f3, zenetan\u00e1r. \u2013 A mv.-i M. Tan\u00edt\u00f3n\u0151-k\u00e9pz\u0151ben, igazgat\u00f3 (1946. szept. 1. \u2013 1948. \u00e1pr.), majd szaktan\u00e1r (1948. \u00e1pr. \u2013 1953). Igazgat\u00e1sa ideje alatt nagy hangs\u00falyt helyeztek a tanul\u00f3k kultur\u00e1lis k\u00e9pz\u00e9s\u00e9re is. Eml\u00e9kezetes maradt egy m\u0171v\u00e9szi m\u0171soruk, amelyet a M\u0171vel\u0151d\u00e9si Palota sz\u00ednpad\u00e1n mutattak be. Irod.: Chertes-Cioat\u0103<\/p>\n","protected":false},"featured_media":0,"comment_status":"open","ping_status":"closed","template":"","meta":[],"product_brand":[],"product_cat":[137],"product_tag":[],"class_list":{"0":"post-12083","1":"product","2":"type-product","3":"status-publish","5":"product_cat-maros-megyei-eletrajzi-lexikon","7":"first","8":"instock","9":"shipping-taxable","10":"product-type-simple"},"_links":{"self":[{"href":"https:\/\/uj.adatbank.ro\/lexikon\/wp-json\/wp\/v2\/product\/12083","targetHints":{"allow":["GET"]}}],"collection":[{"href":"https:\/\/uj.adatbank.ro\/lexikon\/wp-json\/wp\/v2\/product"}],"about":[{"href":"https:\/\/uj.adatbank.ro\/lexikon\/wp-json\/wp\/v2\/types\/product"}],"replies":[{"embeddable":true,"href":"https:\/\/uj.adatbank.ro\/lexikon\/wp-json\/wp\/v2\/comments?post=12083"}],"wp:attachment":[{"href":"https:\/\/uj.adatbank.ro\/lexikon\/wp-json\/wp\/v2\/media?parent=12083"}],"wp:term":[{"taxonomy":"product_brand","embeddable":true,"href":"https:\/\/uj.adatbank.ro\/lexikon\/wp-json\/wp\/v2\/product_brand?post=12083"},{"taxonomy":"product_cat","embeddable":true,"href":"https:\/\/uj.adatbank.ro\/lexikon\/wp-json\/wp\/v2\/product_cat?post=12083"},{"taxonomy":"product_tag","embeddable":true,"href":"https:\/\/uj.adatbank.ro\/lexikon\/wp-json\/wp\/v2\/product_tag?post=12083"}],"curies":[{"name":"wp","href":"https:\/\/api.w.org\/{rel}","templated":true}]}}