{"id":12084,"date":"2025-06-29T14:14:57","date_gmt":"2025-06-29T12:14:57","guid":{"rendered":"https:\/\/uj.adatbank.ro\/lexikon\/termek\/kiss-elemer-%c2%a7\/"},"modified":"2025-06-29T14:14:57","modified_gmt":"2025-06-29T12:14:57","slug":"kiss-elemer-%c2%a7","status":"publish","type":"product","link":"https:\/\/uj.adatbank.ro\/lexikon\/termek\/kiss-elemer-%c2%a7\/","title":{"rendered":"KISS Elem\u00e9r, \u00a7"},"content":{"rendered":"<p>Brass\u00f3, 1929. aug. 25., \u2020 Mv., 2006. aug. 23.: matematikus, egyetemi tan\u00e1r, akad\u00e9mikus. \u2013 Gyermekkor\u00e1t Cs\u00edkmenas\u00e1gon t\u00f6lt\u00f6tte. K\u00f6z\u00e9piskol\u00e1t a cs\u00edkszeredai R. K. F\u0151gim.-ban (1948), matematika-fizika szakot a kv.-i BTE-en v\u00e9gezte (1951). Doktori disszert\u00e1ci\u00f3j\u00e1t, a modern algebra t\u00e9mak\u00f6r\u00e9b\u0151l: Contribu\u0163ii la teoria semimodelelor (A f\u00e9lmodulosok elm\u00e9let\u00e9nek tov\u00e1bb-fejleszt\u00e9se), Pick Gy\u00f6rgy professzor ir\u00e1ny\u00edt\u00e1sa alatt v\u00e9dte meg Kv.-on (1974). A mv.-i Bolyai Farkas Lic. (1951\u201352, 1953\u201361), a sz\u00e1szr\u00e9geni Pedag\u00f3giai Iskola (1952\u201353) matematikatan\u00e1ra; a mv.-i tan\u00e1rk\u00e9z\u0151 Pedag\u00f3giai F\u0151iskola adjunktusa (1961\u201379), a matematikai tansz\u00e9k vezet\u0151je (1976\u201385); egyetemi el\u0151ad\u00f3tan\u00e1r az Alm\u00e9rn\u00f6ki Int\u00e9zetben (1979\u201380) majd az Int\u00e9zet \u00e1talakul\u00e1sa ut\u00e1n a mv.-i M\u0171szaki Egyetemen (1980\u201390), ill. a Petru Maior Egyetemen a matematika-informatika tansz\u00e9k professzora (1990\u20131999). R\u00e9szt vett az Erd\u00e9lyi Magyar Tudom\u00e1nyegyetem alap\u00edt\u00e1s\u00e1ban, a Sapientia Alap\u00edtv\u00e1ny mv.-i fi\u00f3kj\u00e1nak els\u0151 eln\u00f6ke volt. Az EMTE Sapientia matematika-professzora (2001\u20132006). Kutat\u00e1si ter\u00fclete: a modern algebra, sz\u00e1melm\u00e9let, Bolyai J\u00e1nos k\u00e9z\u00edr\u00e1sos hagyat\u00e9ka. Els\u0151 \u00edr\u00e1sait a Matematikai \u00e9s Fizikai Lapok k\u00f6z\u00f6lte (1957), majd a Gazeta Matematic\u0103 \u015fi Fizic\u0103; M\u0171vel\u0151d\u00e9s; Tan\u00fcgyi \u00dajs\u00e1g; Stomatologia; Buletinul IP Ia\u015fi; Analele Univ. din Timi\u015foara, Gazeta \u00eenv\u0103\u0163\u0103m\u0103ntului, Igaz Sz\u00f3, Lucr\u0103rile \u015ftiin\u0163ifice ale Institutului Ped. Tg. M.; Studia UBB Series Math. -mech.; Mathematica; Analele Academiei RSR, Ser. 4.; Matematikai Lapok; Term\u00e9szet Vil\u00e1ga; Preprint; Buletinul \u015ftiin\u0163ific al UT TgM; Pi, Matematikai foly\u00f3\u00edrat (Miskolc); Lattices, Ordered Sets and Univ. Algebra (Szeged); Term\u00e9szet Vil\u00e1ga; Math. And Physical Journal (Bp.); Polygon (Szeged); Mathematica Pannonica; N\u00e9p\u00fajs\u00e1g \u00c9vk\u00f6nyv; Polygon; Korunk; N\u00fa.; Octogon, Mathematical Magazine (Brass\u00f3); Acta Physica Hungarica; Historica Mathematica (San Diego); Fizikai Szemle; Gazeta matematic\u0103; \u00c9let \u00e9s Tudom\u00e1ny; Szeged; Nelinijni Kolavannija, Heavy Ion Physics (Debrecen). T\u00f6bb mint 120 cikke \u00e9s tanulm\u00e1nya jelent meg m., angol, rom\u00e1n, n\u00e9met, ukr\u00e1n nyelven. A Matematikai Lapok szerkeszt\u0151bizotts\u00e1g\u00e1nak tagja (1975\u201391). A Rom\u00e1niai Matematikai \u00e9s Fizikai Tudom\u00e1nyos T\u00e1rsas\u00e1g orsz\u00e1gos vezet\u0151s\u00e9gi tagja (1967\u2013), a Matematikai T\u00e1rsas\u00e1g mv.-i fi\u00f3kj\u00e1nak titk\u00e1ra (13 \u00e9ven \u00e1t). A Teleki-Bolyai k\u00f6nyvt\u00e1rban tal\u00e1lhat\u00f3 Bolyai J\u00e1nos k\u00e9ziratos hagyat\u00e9kot tanulm\u00e1nyozta t\u00f6bb mint m\u00e1sf\u00e9l \u00e9vtizeden \u00e1t. A Bolyai-\u00e9letm\u0171 eddig teljesen ismeretlen fejezeteire vil\u00e1g\u00edtott r\u00e1, Bolyai J\u00e1nos a sz\u00e1melm\u00e9let akkori aktu\u00e1lis k\u00e9rd\u00e9seivel is foglalkozott a geometria mellett. Munk\u00e1ja r\u00e9v\u00e9n Bolyai Farkas \u00e9s fia J\u00e1nos viszonya \u00e1rnyaltabb \u00e9s bens\u0151s\u00e9gesebb form\u00e1ban jelenik meg. Eredm\u00e9nyeit \u00e9rt\u00e9kelve a Munka \u00c9rdemrend III. Oszt. (1963), Conf. Univ. Eviden\u0163iat (1981), MTA \u00e9s Akad. Kiad\u00f3 N\u00edv\u00f3d\u00edja (2000), a Bolyai J\u00e1nos Alap\u00edtv\u00e1ny Bolyai-d\u00edja (2001) tulajdonosa. Tagja a Soc. de \u015etiin\u0163e Matematice din Rom\u00e2nia (1954), a Bolyai J\u00e1nos T\u00e1rsas\u00e1g tagja (1992), a MTA k\u00fcls\u0151 tagjai k\u00f6z\u00e9 v\u00e1lasztotta (2001), megkapta a Mv. d\u00edszpolg\u00e1ra c\u00edmet (2006). Tisztelet\u00e9re a cs\u00edkszeredai M\u00e1rton \u00c1ron Gimn. panteonj\u00e1ban (2007. m\u00e1j. 24.) \u00e9s Cs\u00edkmenas\u00e1gon, sz\u00fcl\u0151faluj\u00e1ban az iskola fal\u00e1ra K. E. eml\u00e9kt\u00e1bl\u00e1t helyeztek (2009. okt. 2.). Hal\u00e1l\u00e1nak 5. \u00e9vfordul\u00f3j\u00e1n Mv.-en az Er\u00e9lyi M. M\u0171szaki Tudom\u00e1nyos T\u00e1rsas\u00e1g Maros megyei fi\u00f3kj\u00e1nak sz\u00e9kh\u00e1za fal\u00e1ra feler\u0151s\u00edtett\u00e9k K. E. portr\u00e9j\u00e1nak aluminiumlemezb\u0151l k\u00e9sz\u00fclt dombor\u00edt\u00e1s\u00e1t, Ol\u00e1h- G\u00e1l R\u00f3bert alkot\u00e1s\u00e1t (2011. aug. 25.). \u2013 <strong>F. m.:<\/strong> Algebra: egyetemi jegyzet (Mv., 1976); Algebra. (Curs. Tg. -M., 1976), Haladv\u00e1nyok (Kv., 1984); On the Algebrical and Number Theoretic Researches of J\u00e1nos Bolyai (Tg. M., 1996); Matematikai kincsek Bolyai J\u00e1nos k\u00e9ziratos hagyat\u00e9k\u00e1b\u00f3l (Bp., 1999; 2005); Mathematical gems from the Bolyai Chests: J\u00e1nos Bolyai\u2019s discoveries in Number Theory and Algebra as recently dechiphered from his manuscripts (Bp., 1999); t\u00e1rssz: Matematici superioare pentru subingineri (Tg. M., 1980); Matematika alm\u00e9rn\u00f6k\u00f6knek (F\u0103rca\u015f Gh., Petrescu Adrian \u2013al; Mv., 1981); Proceeding of the national colloquium on Geometry and Topology org. in Cluj-Napoca and Tg. M. (Kv. -Mv., 1982.); UT din Tg. M. \u2013 30 de ani de activitate (Tg. M., 1991); Algebra: Culegere de probleme (Tg. M., 1992); Magyarok szerepe a vil\u00e1g term\u00e9szettudom\u00e1nyos \u00e9s m\u0171szaki halad\u00e1s\u00e1ban III. Tudom\u00e1nyos Tal\u00e1lkoz\u00f3 (Bp., 1992); Er\u0151s v\u00e1runk: Koll\u00e9giumi eml\u00e9kk\u00f6nyv (Mv., 1993; 1995); Viharban: Sz\u00e1z \u00e9ve sz\u00fcletett Miskolczy Dezs\u0151: Tanulm\u00e1nyok a mv.-i fels\u0151fok\u00fa oktat\u00e1s m\u00faltj\u00e1r\u00f3l \u00e9s jelen\u00e9r\u0151l (Mv., 1994); Proceeding of the sixth symposium of mathematics and applications (Timi\u015foara, 1995); Proceeding of the International Conference \u201eNon-Euclidian Geometry in Modern Phisics (Uzghorod, 1997); Millenniumi megeml\u00e9kez\u00e9s (Mv., 2000); 200 \u00e9ve sz\u00fcletett Bolyai J\u00e1nos = 200 de ani de la na\u015fterea lui J\u00e1nos Bolyai =200 Years Since the birth of J\u00e1nos Bolyai : Eml\u00e9kk\u00f6tet (Kv., 2002); Egy halhatatlan erd\u00e9lyi tud\u00f3s, Bolyai Farkas (Bp., 2002); Az eml\u00e9kez\u00e9s \u00e9ve (B\u00e9cs, 2002); A tudom\u00e1ny \u00e9vezred\u00e9ben: Az MTA Magyar Tudom\u00e1ny K\u00fclf\u00f6ld\u00f6n Eln\u00f6ki Bizotts\u00e1ga cs\u00edkszeredai kihelyezett \u00fcl\u00e9se (Cs\u00edkszereda, 2002); Nemzetk\u00f6zi magyar matematikai versenyek, 1992\u20132003 (Debrecen, 2003); A t\u00e9r \u00fatt\u00f6r\u0151je (Mv., 2003); Bolyai-eml\u00e9kk\u00f6nyv: Bolyai J\u00e1nos sz\u00fclet\u00e9s\u00e9nek 200. \u00e9vfordul\u00f3j\u00e1ra (Bp., 2004); Algebrai strukt\u00far\u00e1k: Feladatgy\u0171jtem\u00e9ny (Kv., 2006). <br \/><strong>Irod.:<\/strong> \u00c1goston Hug\u00f3: K\u00e9rdezz\u00fck meg Bolyai J\u00e1nost. Besz\u00e9lget\u00e9s K. E. akad\u00e9mikussal, matematikaprofesszorral, Bolyai-kutat\u00f3val (Kr\u00f3nika, 2003. febr. 1\u20132); Almanach; Barab\u00e1s Istv\u00e1n: A Teleki T\u00e9k\u00e1t\u00f3l a Magyar Tudom\u00e1nyos Akad\u00e9mi\u00e1ig (A H\u00e9t, 2002. m\u00e1j. 16.); Bodolai Gy\u00f6ngyi: Kincskeres\u0151 (N\u00fa., 2001. j\u00fan. 12.); Bodolai Gy\u00f6ngyi: Nem lehet abbahagyni a Bolyai-kutat\u00e1st (Korunk, 11. sz., 2002. nov.); Borz\u00e1si D\u00e1vid, Bencze \u00dcnige: Interj\u00fa K. E. akad\u00e9mikussal (Erd\u00e9lyi Matematikai Lapok, 2. sz., 2002. m\u00e1j.); DS; EMKK 2000; Ed\u00e9ly Ma H\u00edrlev\u00e9l (2009. okt. 11.); KKACs; KMKOF; Korunk; K\u00fclf\u00f6ldi; Magy kutat\u00f3k; Magy. prof;. M\u00e1t\u00e9 M\u00e1rta, Weszely Tibor, Csegzi S\u00e1ndor: Kaput nyitott a zsenik vil\u00e1ga fel\u00e9 (N\u00fa., 2006. szept. 5.); N\u00fa (2001. m\u00e1j. 4.; 2001. j\u00fan. 12.); M\u00e1th\u00e9 \u00c9va: A matematika \u00e9s Bolyai J\u00e1nos b\u0171v\u00f6let\u00e9ben (Sz\u00e9kelyf\u00f6ld, 11. sz., 2001. nov..); MKK; Nekrol\u00f3g (N\u00fa., 2006. aug. 24); RMIL; Staar Gyula: A Bolyai-k\u00e9p \u00faj sz\u00ednei (Magyar Tudom\u00e1ny, 4. sz., 1998; A H\u00e9t (21. sz., 1998. m\u00e1j. 21.); Staar Gyula: A Bolyai-k\u00e9p form\u00e1l\u00f3i (\u00c9let \u00e9s Tudom\u00e1ny, 1. sz., 2000); Staar Gyula: Matematikusok \u00e9s teremtett vil\u00e1guk: Besz\u00e9lget\u00e9sek (Bp., 2002); Sz\u00e9kely tud\u00f3sok; T\u00e9r \u00fatt\u00f6r\u0151je; Tizenk\u00e9t \u00e9v; MTA tagjai; Todea\u2013F\u00fcl\u00f6p\u2013Avram; Viharban; Weszely Tibor: Bolyai J\u00e1nos \u00faj megvil\u00e1g\u00edt\u00e1sban (N\u00fa., 1999. \u00e1pr. 27.); <\/br><\/p>\n","protected":false},"excerpt":{"rendered":"<p>Brass\u00f3, 1929. aug. 25., \u2020 Mv., 2006. aug. 23.: matematikus, egyetemi tan\u00e1r, akad\u00e9mikus. \u2013 Gyermekkor\u00e1t Cs\u00edkmenas\u00e1gon t\u00f6lt\u00f6tte. K\u00f6z\u00e9piskol\u00e1t a cs\u00edkszeredai R. K. F\u0151gim.-ban (1948), matematika-fizika szakot a kv.-i BTE-en v\u00e9gezte (1951). Doktori disszert\u00e1ci\u00f3j\u00e1t, a modern algebra t\u00e9mak\u00f6r\u00e9b\u0151l: Contribu\u0163ii la teoria semimodelelor (A f\u00e9lmodulosok elm\u00e9let\u00e9nek tov\u00e1bb-fejleszt\u00e9se), Pick Gy\u00f6rgy professzor ir\u00e1ny\u00edt\u00e1sa alatt v\u00e9dte meg Kv.-on (1974). A [&hellip;]<\/p>\n","protected":false},"featured_media":0,"comment_status":"open","ping_status":"closed","template":"","meta":[],"product_brand":[],"product_cat":[137],"product_tag":[],"class_list":{"0":"post-12084","1":"product","2":"type-product","3":"status-publish","5":"product_cat-maros-megyei-eletrajzi-lexikon","7":"first","8":"instock","9":"shipping-taxable","10":"product-type-simple"},"_links":{"self":[{"href":"https:\/\/uj.adatbank.ro\/lexikon\/wp-json\/wp\/v2\/product\/12084","targetHints":{"allow":["GET"]}}],"collection":[{"href":"https:\/\/uj.adatbank.ro\/lexikon\/wp-json\/wp\/v2\/product"}],"about":[{"href":"https:\/\/uj.adatbank.ro\/lexikon\/wp-json\/wp\/v2\/types\/product"}],"replies":[{"embeddable":true,"href":"https:\/\/uj.adatbank.ro\/lexikon\/wp-json\/wp\/v2\/comments?post=12084"}],"wp:attachment":[{"href":"https:\/\/uj.adatbank.ro\/lexikon\/wp-json\/wp\/v2\/media?parent=12084"}],"wp:term":[{"taxonomy":"product_brand","embeddable":true,"href":"https:\/\/uj.adatbank.ro\/lexikon\/wp-json\/wp\/v2\/product_brand?post=12084"},{"taxonomy":"product_cat","embeddable":true,"href":"https:\/\/uj.adatbank.ro\/lexikon\/wp-json\/wp\/v2\/product_cat?post=12084"},{"taxonomy":"product_tag","embeddable":true,"href":"https:\/\/uj.adatbank.ro\/lexikon\/wp-json\/wp\/v2\/product_tag?post=12084"}],"curies":[{"name":"wp","href":"https:\/\/api.w.org\/{rel}","templated":true}]}}