{"id":12086,"date":"2025-06-29T14:15:00","date_gmt":"2025-06-29T12:15:00","guid":{"rendered":"https:\/\/uj.adatbank.ro\/lexikon\/termek\/kiss-endre-sovaradi\/"},"modified":"2025-06-29T14:15:00","modified_gmt":"2025-06-29T12:15:00","slug":"kiss-endre-sovaradi","status":"publish","type":"product","link":"https:\/\/uj.adatbank.ro\/lexikon\/termek\/kiss-endre-sovaradi\/","title":{"rendered":"KISS Endre, s\u00f3v\u00e1radi"},"content":{"rendered":"<p>1839. jan. 21., \u2020 Mv., 1955. j\u00fan. 1: \u00e1rvasz\u00e9ki \u00fcln\u00f6k, tb. f\u0151jegyz\u0151. \u2013 Tb. f\u0151jegyz\u0151 Mv.-en, lemondott (1919), a megyei f\u0151jegyz\u0151 helyettese (\u20131941), \u00e1rvasz\u00e9ki \u00fcln\u00f6k (1941). <br \/><strong>Irod.:<\/strong> Id\u0151t\u00e1r 3 ; Mv.-i ref. temet\u0151<\/br><\/p>\n","protected":false},"excerpt":{"rendered":"<p>1839. jan. 21., \u2020 Mv., 1955. j\u00fan. 1: \u00e1rvasz\u00e9ki \u00fcln\u00f6k, tb. f\u0151jegyz\u0151. \u2013 Tb. f\u0151jegyz\u0151 Mv.-en, lemondott (1919), a megyei f\u0151jegyz\u0151 helyettese (\u20131941), \u00e1rvasz\u00e9ki \u00fcln\u00f6k (1941). Irod.: Id\u0151t\u00e1r 3 ; Mv.-i ref. temet\u0151<\/p>\n","protected":false},"featured_media":0,"comment_status":"open","ping_status":"closed","template":"","meta":[],"product_brand":[],"product_cat":[137],"product_tag":[],"class_list":{"0":"post-12086","1":"product","2":"type-product","3":"status-publish","5":"product_cat-maros-megyei-eletrajzi-lexikon","7":"first","8":"instock","9":"shipping-taxable","10":"product-type-simple"},"_links":{"self":[{"href":"https:\/\/uj.adatbank.ro\/lexikon\/wp-json\/wp\/v2\/product\/12086","targetHints":{"allow":["GET"]}}],"collection":[{"href":"https:\/\/uj.adatbank.ro\/lexikon\/wp-json\/wp\/v2\/product"}],"about":[{"href":"https:\/\/uj.adatbank.ro\/lexikon\/wp-json\/wp\/v2\/types\/product"}],"replies":[{"embeddable":true,"href":"https:\/\/uj.adatbank.ro\/lexikon\/wp-json\/wp\/v2\/comments?post=12086"}],"wp:attachment":[{"href":"https:\/\/uj.adatbank.ro\/lexikon\/wp-json\/wp\/v2\/media?parent=12086"}],"wp:term":[{"taxonomy":"product_brand","embeddable":true,"href":"https:\/\/uj.adatbank.ro\/lexikon\/wp-json\/wp\/v2\/product_brand?post=12086"},{"taxonomy":"product_cat","embeddable":true,"href":"https:\/\/uj.adatbank.ro\/lexikon\/wp-json\/wp\/v2\/product_cat?post=12086"},{"taxonomy":"product_tag","embeddable":true,"href":"https:\/\/uj.adatbank.ro\/lexikon\/wp-json\/wp\/v2\/product_tag?post=12086"}],"curies":[{"name":"wp","href":"https:\/\/api.w.org\/{rel}","templated":true}]}}