{"id":12089,"date":"2025-06-29T14:15:08","date_gmt":"2025-06-29T12:15:08","guid":{"rendered":"https:\/\/uj.adatbank.ro\/lexikon\/termek\/kiss-erno-gegesi\/"},"modified":"2025-06-29T14:15:08","modified_gmt":"2025-06-29T12:15:08","slug":"kiss-erno-gegesi","status":"publish","type":"product","link":"https:\/\/uj.adatbank.ro\/lexikon\/termek\/kiss-erno-gegesi\/","title":{"rendered":"KISS Ern\u0151, gegesi"},"content":{"rendered":"<p>1868.? \u2020 Mv., 1929. aug. 25.: erd\u00e9sz, f\u0151erd\u0151tan\u00e1csos. \u2013 Testv\u00e9re: gegesi K. Irma Gazda J\u00e1nosn\u00e9 Feles\u00e9ge: 1. Mass\u00e1nyi Ilona (1872 \u2013 Mv., 1896. dec. 2.). Gyermekeik: P\u00e9ter \u00e9s Mikl\u00f3s; 2. ka\u00e1li Nagy M\u00e1ria. Gyermekeik: P\u00e1l, Ferenc, Magda Ziegler Gy\u00f6rgyn\u00e9. \u2013 F\u0151erd\u0151tan\u00e1csos, a br. Kem\u00e9ny J\u00e1nos erd\u0151uradalm\u00e1nak igazgat\u00f3ja. A Mv.-i Kaszin\u00f3 v\u00e1lasztm\u00e1nyi tagja (1919\u2013). Cikkei az Erd\u00e9szeti Lapok-ban (1911). \u2013 <strong>F. m.:<\/strong> Az ak\u00e1cz \u00e9s szil-mag szed\u00e9se, vet\u00e9se, s e fanemek csemet\u00e9inek nevel\u00e9se csemetekertekben (Mv., 1899); Az erd\u0151gazdas\u00e1gnak Marostordamegy\u00e9ben legs\u00fcrg\u00f6sebben megoldand\u00f3 feladatair\u00f3l s a kop\u00e1rok bef\u00e1s\u00edt\u00e1s\u00e1r\u00f3l (Mv., 1899); A Marostordamegy\u00e9ben teny\u00e9szt\u00e9sre \u00e9rdemes t\u00f6lgyfajok r\u00f6vid ismertet\u00e9se s azok teny\u00e9szt\u00e9s\u00e9r\u0151l \u00e1ltal\u00e1ban (Mv., 1899). <br \/><strong>Irod.:<\/strong> Bi\u00e1s Istv\u00e1n; F\u00fcl\u00f6p\u2013Ferencz; Guly\u00e1s; Gy\u00e1szjelent\u0151<\/br><\/p>\n","protected":false},"excerpt":{"rendered":"<p>1868.? \u2020 Mv., 1929. aug. 25.: erd\u00e9sz, f\u0151erd\u0151tan\u00e1csos. \u2013 Testv\u00e9re: gegesi K. Irma Gazda J\u00e1nosn\u00e9 Feles\u00e9ge: 1. Mass\u00e1nyi Ilona (1872 \u2013 Mv., 1896. dec. 2.). Gyermekeik: P\u00e9ter \u00e9s Mikl\u00f3s; 2. ka\u00e1li Nagy M\u00e1ria. Gyermekeik: P\u00e1l, Ferenc, Magda Ziegler Gy\u00f6rgyn\u00e9. \u2013 F\u0151erd\u0151tan\u00e1csos, a br. Kem\u00e9ny J\u00e1nos erd\u0151uradalm\u00e1nak igazgat\u00f3ja. A Mv.-i Kaszin\u00f3 v\u00e1lasztm\u00e1nyi tagja (1919\u2013). Cikkei az [&hellip;]<\/p>\n","protected":false},"featured_media":0,"comment_status":"open","ping_status":"closed","template":"","meta":[],"product_brand":[],"product_cat":[137],"product_tag":[],"class_list":{"0":"post-12089","1":"product","2":"type-product","3":"status-publish","5":"product_cat-maros-megyei-eletrajzi-lexikon","7":"first","8":"instock","9":"shipping-taxable","10":"product-type-simple"},"_links":{"self":[{"href":"https:\/\/uj.adatbank.ro\/lexikon\/wp-json\/wp\/v2\/product\/12089","targetHints":{"allow":["GET"]}}],"collection":[{"href":"https:\/\/uj.adatbank.ro\/lexikon\/wp-json\/wp\/v2\/product"}],"about":[{"href":"https:\/\/uj.adatbank.ro\/lexikon\/wp-json\/wp\/v2\/types\/product"}],"replies":[{"embeddable":true,"href":"https:\/\/uj.adatbank.ro\/lexikon\/wp-json\/wp\/v2\/comments?post=12089"}],"wp:attachment":[{"href":"https:\/\/uj.adatbank.ro\/lexikon\/wp-json\/wp\/v2\/media?parent=12089"}],"wp:term":[{"taxonomy":"product_brand","embeddable":true,"href":"https:\/\/uj.adatbank.ro\/lexikon\/wp-json\/wp\/v2\/product_brand?post=12089"},{"taxonomy":"product_cat","embeddable":true,"href":"https:\/\/uj.adatbank.ro\/lexikon\/wp-json\/wp\/v2\/product_cat?post=12089"},{"taxonomy":"product_tag","embeddable":true,"href":"https:\/\/uj.adatbank.ro\/lexikon\/wp-json\/wp\/v2\/product_tag?post=12089"}],"curies":[{"name":"wp","href":"https:\/\/api.w.org\/{rel}","templated":true}]}}