{"id":12091,"date":"2025-06-29T14:15:10","date_gmt":"2025-06-29T12:15:10","guid":{"rendered":"https:\/\/uj.adatbank.ro\/lexikon\/termek\/kiss-ervin\/"},"modified":"2025-06-29T14:15:10","modified_gmt":"2025-06-29T12:15:10","slug":"kiss-ervin","status":"publish","type":"product","link":"https:\/\/uj.adatbank.ro\/lexikon\/termek\/kiss-ervin\/","title":{"rendered":"KISS Ervin"},"content":{"rendered":"<p>Sz\u00e9kelykereszt\u00far, 1929. \u00e1pr. 29., \u2020 Mv., 2019. febr. 3.: orvos, szak\u00edr\u00f3, grafikus. \u2013 Nagyv\u00e1radon \u00e9retts\u00e9gizett (1948); orvosi diplom\u00e1t a MOGYI-n szerzett (1954); doktor\u00e1lt (1972). A MOGYI J\u00e1rv\u00e1nytani Tansz\u00e9k\u00e9nek vezet\u0151je (1972\u2013). Kutat\u00e1si ter\u00fclete: j\u00e1rv\u00e1nytan. A Revista Medical\u0103-Orvosi Szemle, Via\u0163a Medical\u0103, Revista Medico-Chirurgical\u0103, Igiena, Bacteriologie s m\u00e1s szakfoly\u00f3iratokban megjelent k\u00f6zlem\u00e9nyeiben az iatrogen fert\u0151z\u00e9sek, dift\u00e9ria, hepatitis, dizent\u00e9ria k\u00f3roktan\u00e1val \u00e9s j\u00e1rv\u00e1nytan\u00e1val foglalkozik. Grafik\u00e1kat, akvarelleket k\u00e9sz\u00edtett- k\u00f6zel 100 rajza jelent meg nyomtat\u00e1sban, s t\u00f6bb mint 2000 akvarellje rom\u00e1niai \u00e9s k\u00fclf\u00f6ldi mag\u00e1ngy\u0171jtem\u00e9nyekben tal\u00e1lhat\u00f3. \u2013 <strong>F. m.:<\/strong> <strong>t\u00e1rssz.:<\/strong> Bakteriologiai gyakorlatok (Mv., 1958); Din istoria luptei antiepidemice din Rom\u00e2nia (Buk., 1972); \u00cendreptar practic de epidemiologie (Sab\u0103u Monica \u2013val, Tg. M., 1977); \u00c1ltal\u00e1nos \u00e9s r\u00e9szletes j\u00e1rv\u00e1nytani jegyzet (Sab\u0103u Monicaval; Mv., 1979). <br \/><strong>Irod.:<\/strong> Barab\u00e1s-P\u00e9ter M.\u2013P\u00e9ter H. M.; Genersich; KKACs; Barab\u00e1s-P\u00e9ter M.\u2013P\u00e9ter H. M.; RMIL; Nekrol\u00f3g (N\u00fa., 2019. febr. 4.)<\/br><\/p>\n","protected":false},"excerpt":{"rendered":"<p>Sz\u00e9kelykereszt\u00far, 1929. \u00e1pr. 29., \u2020 Mv., 2019. febr. 3.: orvos, szak\u00edr\u00f3, grafikus. \u2013 Nagyv\u00e1radon \u00e9retts\u00e9gizett (1948); orvosi diplom\u00e1t a MOGYI-n szerzett (1954); doktor\u00e1lt (1972). A MOGYI J\u00e1rv\u00e1nytani Tansz\u00e9k\u00e9nek vezet\u0151je (1972\u2013). Kutat\u00e1si ter\u00fclete: j\u00e1rv\u00e1nytan. A Revista Medical\u0103-Orvosi Szemle, Via\u0163a Medical\u0103, Revista Medico-Chirurgical\u0103, Igiena, Bacteriologie s m\u00e1s szakfoly\u00f3iratokban megjelent k\u00f6zlem\u00e9nyeiben az iatrogen fert\u0151z\u00e9sek, dift\u00e9ria, hepatitis, dizent\u00e9ria k\u00f3roktan\u00e1val [&hellip;]<\/p>\n","protected":false},"featured_media":0,"comment_status":"open","ping_status":"closed","template":"","meta":[],"product_brand":[],"product_cat":[137],"product_tag":[],"class_list":{"0":"post-12091","1":"product","2":"type-product","3":"status-publish","5":"product_cat-maros-megyei-eletrajzi-lexikon","7":"first","8":"instock","9":"shipping-taxable","10":"product-type-simple"},"_links":{"self":[{"href":"https:\/\/uj.adatbank.ro\/lexikon\/wp-json\/wp\/v2\/product\/12091","targetHints":{"allow":["GET"]}}],"collection":[{"href":"https:\/\/uj.adatbank.ro\/lexikon\/wp-json\/wp\/v2\/product"}],"about":[{"href":"https:\/\/uj.adatbank.ro\/lexikon\/wp-json\/wp\/v2\/types\/product"}],"replies":[{"embeddable":true,"href":"https:\/\/uj.adatbank.ro\/lexikon\/wp-json\/wp\/v2\/comments?post=12091"}],"wp:attachment":[{"href":"https:\/\/uj.adatbank.ro\/lexikon\/wp-json\/wp\/v2\/media?parent=12091"}],"wp:term":[{"taxonomy":"product_brand","embeddable":true,"href":"https:\/\/uj.adatbank.ro\/lexikon\/wp-json\/wp\/v2\/product_brand?post=12091"},{"taxonomy":"product_cat","embeddable":true,"href":"https:\/\/uj.adatbank.ro\/lexikon\/wp-json\/wp\/v2\/product_cat?post=12091"},{"taxonomy":"product_tag","embeddable":true,"href":"https:\/\/uj.adatbank.ro\/lexikon\/wp-json\/wp\/v2\/product_tag?post=12091"}],"curies":[{"name":"wp","href":"https:\/\/api.w.org\/{rel}","templated":true}]}}