{"id":12092,"date":"2025-06-29T14:15:12","date_gmt":"2025-06-29T12:15:12","guid":{"rendered":"https:\/\/uj.adatbank.ro\/lexikon\/termek\/kiss-ervin-dr\/"},"modified":"2025-06-29T14:15:12","modified_gmt":"2025-06-29T12:15:12","slug":"kiss-ervin-dr","status":"publish","type":"product","link":"https:\/\/uj.adatbank.ro\/lexikon\/termek\/kiss-ervin-dr\/","title":{"rendered":"KISS Ervin, dr."},"content":{"rendered":"<p>Sz\u00e9kelykereszt\u00far, 1929., \u2020 Mv., 2019. febr. 3.: orvos. \u2013 A MOGYE gyermekgy\u00f3gy\u00e1szati kar\u00e1n v\u00e9gzett (1954). Tan\u00e1rseg\u00e9d a J\u00e1rv\u00e1nytan Tansz\u00e9ken dr. Bo\u00e9r L\u00e1szl\u00f3 egyetemi tan\u00e1r idej\u00e9n (1960\u2013), adjunktus (1967\u2013), tansz\u00e9kvezet\u0151 (1972\u2013), a J\u00e1rv\u00e1nytani Tansz\u00e9k nyugalmazott adjunktusa \u00e9s magyar \u00f3raad\u00f3 el\u0151ad\u00f3 (1992\u201393.). Az orvostudom\u00e1nyok doktora fokozat. birtokosa. M\u0171kedvel\u0151 k\u00e9pz\u0151m\u0171v\u00e9sk\u00e9nt akvarelleket, olajfestm\u00e9nyeket \u00e1ll\u00edtott ki \u00e9veken kereszt\u00fcl a t\u00e1rlatokon. <br \/><strong>Irod.:<\/strong> Nekrol\u00f3g; Kiss Cs. M 4.<\/br><\/p>\n","protected":false},"excerpt":{"rendered":"<p>Sz\u00e9kelykereszt\u00far, 1929., \u2020 Mv., 2019. febr. 3.: orvos. \u2013 A MOGYE gyermekgy\u00f3gy\u00e1szati kar\u00e1n v\u00e9gzett (1954). Tan\u00e1rseg\u00e9d a J\u00e1rv\u00e1nytan Tansz\u00e9ken dr. Bo\u00e9r L\u00e1szl\u00f3 egyetemi tan\u00e1r idej\u00e9n (1960\u2013), adjunktus (1967\u2013), tansz\u00e9kvezet\u0151 (1972\u2013), a J\u00e1rv\u00e1nytani Tansz\u00e9k nyugalmazott adjunktusa \u00e9s magyar \u00f3raad\u00f3 el\u0151ad\u00f3 (1992\u201393.). Az orvostudom\u00e1nyok doktora fokozat. birtokosa. M\u0171kedvel\u0151 k\u00e9pz\u0151m\u0171v\u00e9sk\u00e9nt akvarelleket, olajfestm\u00e9nyeket \u00e1ll\u00edtott ki \u00e9veken kereszt\u00fcl a t\u00e1rlatokon. [&hellip;]<\/p>\n","protected":false},"featured_media":0,"comment_status":"open","ping_status":"closed","template":"","meta":[],"product_brand":[],"product_cat":[137],"product_tag":[],"class_list":{"0":"post-12092","1":"product","2":"type-product","3":"status-publish","5":"product_cat-maros-megyei-eletrajzi-lexikon","7":"first","8":"instock","9":"shipping-taxable","10":"product-type-simple"},"_links":{"self":[{"href":"https:\/\/uj.adatbank.ro\/lexikon\/wp-json\/wp\/v2\/product\/12092","targetHints":{"allow":["GET"]}}],"collection":[{"href":"https:\/\/uj.adatbank.ro\/lexikon\/wp-json\/wp\/v2\/product"}],"about":[{"href":"https:\/\/uj.adatbank.ro\/lexikon\/wp-json\/wp\/v2\/types\/product"}],"replies":[{"embeddable":true,"href":"https:\/\/uj.adatbank.ro\/lexikon\/wp-json\/wp\/v2\/comments?post=12092"}],"wp:attachment":[{"href":"https:\/\/uj.adatbank.ro\/lexikon\/wp-json\/wp\/v2\/media?parent=12092"}],"wp:term":[{"taxonomy":"product_brand","embeddable":true,"href":"https:\/\/uj.adatbank.ro\/lexikon\/wp-json\/wp\/v2\/product_brand?post=12092"},{"taxonomy":"product_cat","embeddable":true,"href":"https:\/\/uj.adatbank.ro\/lexikon\/wp-json\/wp\/v2\/product_cat?post=12092"},{"taxonomy":"product_tag","embeddable":true,"href":"https:\/\/uj.adatbank.ro\/lexikon\/wp-json\/wp\/v2\/product_tag?post=12092"}],"curies":[{"name":"wp","href":"https:\/\/api.w.org\/{rel}","templated":true}]}}