{"id":12093,"date":"2025-06-29T14:15:13","date_gmt":"2025-06-29T12:15:13","guid":{"rendered":"https:\/\/uj.adatbank.ro\/lexikon\/termek\/kiss-erzsebet-szuletett-kovacs\/"},"modified":"2025-06-29T14:15:13","modified_gmt":"2025-06-29T12:15:13","slug":"kiss-erzsebet-szuletett-kovacs","status":"publish","type":"product","link":"https:\/\/uj.adatbank.ro\/lexikon\/termek\/kiss-erzsebet-szuletett-kovacs\/","title":{"rendered":"KISS Erzs\u00e9bet, sz\u00fcletett Kov\u00e1cs. \u2013"},"content":{"rendered":"<p>Sz\u00e9kelyh\u00f3dos, 1912. jan. 3. \u2020 ? : Apja marostordai-, anyja gyergy\u00f3i sz\u00e9kely. Mindketten Sz\u00e1szr\u00e9genben szolg\u00e1ltak. Az anya 5 gyermek\u00e9vel maradt, az ap\u00e1t a h\u00e1bor\u00fa v\u00e9g\u00e9n, mint foglyot \u00f6lt\u00e9k meg. \u00d6n\u00e9letrajzi \u0151szinte besz\u00e1mol\u00f3, hogyan \u00e9lt egy \u00fcgyes csel\u00e9dl\u00e1ny a neh\u00e9z k\u00f6r\u00fclm\u00e9nyek k\u00f6z\u00f6tt Sz\u00e9kelyhodos- \u00e9s Kolozsv\u00e1ron. \u2013 <strong>F. m.:<\/strong> Sz\u00e9kelyh\u00f3dost\u00f3l Kolozsv\u00e1rig. (Temesv\u00e1r, 2006). <br \/><strong>Irod.:<\/strong><\/br><\/p>\n","protected":false},"excerpt":{"rendered":"<p>Sz\u00e9kelyh\u00f3dos, 1912. jan. 3. \u2020 ? : Apja marostordai-, anyja gyergy\u00f3i sz\u00e9kely. Mindketten Sz\u00e1szr\u00e9genben szolg\u00e1ltak. Az anya 5 gyermek\u00e9vel maradt, az ap\u00e1t a h\u00e1bor\u00fa v\u00e9g\u00e9n, mint foglyot \u00f6lt\u00e9k meg. \u00d6n\u00e9letrajzi \u0151szinte besz\u00e1mol\u00f3, hogyan \u00e9lt egy \u00fcgyes csel\u00e9dl\u00e1ny a neh\u00e9z k\u00f6r\u00fclm\u00e9nyek k\u00f6z\u00f6tt Sz\u00e9kelyhodos- \u00e9s Kolozsv\u00e1ron. \u2013 F. m.: Sz\u00e9kelyh\u00f3dost\u00f3l Kolozsv\u00e1rig. (Temesv\u00e1r, 2006). Irod.:<\/p>\n","protected":false},"featured_media":0,"comment_status":"open","ping_status":"closed","template":"","meta":[],"product_brand":[],"product_cat":[137],"product_tag":[],"class_list":{"0":"post-12093","1":"product","2":"type-product","3":"status-publish","5":"product_cat-maros-megyei-eletrajzi-lexikon","7":"first","8":"instock","9":"shipping-taxable","10":"product-type-simple"},"_links":{"self":[{"href":"https:\/\/uj.adatbank.ro\/lexikon\/wp-json\/wp\/v2\/product\/12093","targetHints":{"allow":["GET"]}}],"collection":[{"href":"https:\/\/uj.adatbank.ro\/lexikon\/wp-json\/wp\/v2\/product"}],"about":[{"href":"https:\/\/uj.adatbank.ro\/lexikon\/wp-json\/wp\/v2\/types\/product"}],"replies":[{"embeddable":true,"href":"https:\/\/uj.adatbank.ro\/lexikon\/wp-json\/wp\/v2\/comments?post=12093"}],"wp:attachment":[{"href":"https:\/\/uj.adatbank.ro\/lexikon\/wp-json\/wp\/v2\/media?parent=12093"}],"wp:term":[{"taxonomy":"product_brand","embeddable":true,"href":"https:\/\/uj.adatbank.ro\/lexikon\/wp-json\/wp\/v2\/product_brand?post=12093"},{"taxonomy":"product_cat","embeddable":true,"href":"https:\/\/uj.adatbank.ro\/lexikon\/wp-json\/wp\/v2\/product_cat?post=12093"},{"taxonomy":"product_tag","embeddable":true,"href":"https:\/\/uj.adatbank.ro\/lexikon\/wp-json\/wp\/v2\/product_tag?post=12093"}],"curies":[{"name":"wp","href":"https:\/\/api.w.org\/{rel}","templated":true}]}}