{"id":12094,"date":"2025-06-29T14:15:15","date_gmt":"2025-06-29T12:15:15","guid":{"rendered":"https:\/\/uj.adatbank.ro\/lexikon\/termek\/kiss-eva\/"},"modified":"2025-06-29T14:15:15","modified_gmt":"2025-06-29T12:15:15","slug":"kiss-eva","status":"publish","type":"product","link":"https:\/\/uj.adatbank.ro\/lexikon\/termek\/kiss-eva\/","title":{"rendered":"KISS \u00c9va"},"content":{"rendered":"<p>Mv., 1943., \u2020 London, 1998. szept.: orvos. \u2013 Kiss Elek unit. p\u00fcsp\u00f6k le\u00e1nya. \u2013 A MOGYI I. Gyermekklinika volt munkat\u00e1rsa, a gyermek nephrol\u00f3gia, \u00e1ltal\u00e1nos gyermekgy\u00f3gy\u00e1sz, bp.-i orvos nyugd\u00edjaz\u00e1s\u00e1ig. A National Geografic t\u00e1rsas\u00e1g tagja. <br \/><strong>Irod.:<\/strong> [Nekrol\u00f3g] (N\u00fa., 1998. szept. 18.); Magy. kutat\u00f3k.<\/br><\/p>\n","protected":false},"excerpt":{"rendered":"<p>Mv., 1943., \u2020 London, 1998. szept.: orvos. \u2013 Kiss Elek unit. p\u00fcsp\u00f6k le\u00e1nya. \u2013 A MOGYI I. Gyermekklinika volt munkat\u00e1rsa, a gyermek nephrol\u00f3gia, \u00e1ltal\u00e1nos gyermekgy\u00f3gy\u00e1sz, bp.-i orvos nyugd\u00edjaz\u00e1s\u00e1ig. A National Geografic t\u00e1rsas\u00e1g tagja. Irod.: [Nekrol\u00f3g] (N\u00fa., 1998. szept. 18.); Magy. kutat\u00f3k.<\/p>\n","protected":false},"featured_media":0,"comment_status":"open","ping_status":"closed","template":"","meta":[],"product_brand":[],"product_cat":[137],"product_tag":[],"class_list":{"0":"post-12094","1":"product","2":"type-product","3":"status-publish","5":"product_cat-maros-megyei-eletrajzi-lexikon","7":"first","8":"instock","9":"shipping-taxable","10":"product-type-simple"},"_links":{"self":[{"href":"https:\/\/uj.adatbank.ro\/lexikon\/wp-json\/wp\/v2\/product\/12094","targetHints":{"allow":["GET"]}}],"collection":[{"href":"https:\/\/uj.adatbank.ro\/lexikon\/wp-json\/wp\/v2\/product"}],"about":[{"href":"https:\/\/uj.adatbank.ro\/lexikon\/wp-json\/wp\/v2\/types\/product"}],"replies":[{"embeddable":true,"href":"https:\/\/uj.adatbank.ro\/lexikon\/wp-json\/wp\/v2\/comments?post=12094"}],"wp:attachment":[{"href":"https:\/\/uj.adatbank.ro\/lexikon\/wp-json\/wp\/v2\/media?parent=12094"}],"wp:term":[{"taxonomy":"product_brand","embeddable":true,"href":"https:\/\/uj.adatbank.ro\/lexikon\/wp-json\/wp\/v2\/product_brand?post=12094"},{"taxonomy":"product_cat","embeddable":true,"href":"https:\/\/uj.adatbank.ro\/lexikon\/wp-json\/wp\/v2\/product_cat?post=12094"},{"taxonomy":"product_tag","embeddable":true,"href":"https:\/\/uj.adatbank.ro\/lexikon\/wp-json\/wp\/v2\/product_tag?post=12094"}],"curies":[{"name":"wp","href":"https:\/\/api.w.org\/{rel}","templated":true}]}}