{"id":12097,"date":"2025-06-29T14:15:22","date_gmt":"2025-06-29T12:15:22","guid":{"rendered":"https:\/\/uj.adatbank.ro\/lexikon\/termek\/kiss-ferenc-3\/"},"modified":"2025-06-29T14:15:22","modified_gmt":"2025-06-29T12:15:22","slug":"kiss-ferenc-3","status":"publish","type":"product","link":"https:\/\/uj.adatbank.ro\/lexikon\/termek\/kiss-ferenc-3\/","title":{"rendered":"KISS Ferenc"},"content":{"rendered":"<p>? \u2020 ? : k\u00e1ntortan\u00edt\u00f3. \u2013 Mez\u0151b\u00e1ndi ev. ref. k\u00e1ntortan\u00edt\u00f3 (1895\u2013). A MT megyei \u00c1ltal\u00e1nos Tan\u00edt\u00f3test\u00fclet mez\u0151s\u00e9gi k\u00f6r\u00e9nek jegyyz\u0151je (1903). Cikke az Erd\u00e9lyi Protest\u00e1ns Lap-ban (1901) <br \/><strong>Irod.:<\/strong> Eml\u00e9kk\u00f6nyv, Guly\u00e1s<\/br><\/p>\n","protected":false},"excerpt":{"rendered":"<p>? \u2020 ? : k\u00e1ntortan\u00edt\u00f3. \u2013 Mez\u0151b\u00e1ndi ev. ref. k\u00e1ntortan\u00edt\u00f3 (1895\u2013). A MT megyei \u00c1ltal\u00e1nos Tan\u00edt\u00f3test\u00fclet mez\u0151s\u00e9gi k\u00f6r\u00e9nek jegyyz\u0151je (1903). Cikke az Erd\u00e9lyi Protest\u00e1ns Lap-ban (1901) Irod.: Eml\u00e9kk\u00f6nyv, Guly\u00e1s<\/p>\n","protected":false},"featured_media":0,"comment_status":"open","ping_status":"closed","template":"","meta":[],"product_brand":[],"product_cat":[137],"product_tag":[],"class_list":{"0":"post-12097","1":"product","2":"type-product","3":"status-publish","5":"product_cat-maros-megyei-eletrajzi-lexikon","7":"first","8":"instock","9":"shipping-taxable","10":"product-type-simple"},"_links":{"self":[{"href":"https:\/\/uj.adatbank.ro\/lexikon\/wp-json\/wp\/v2\/product\/12097","targetHints":{"allow":["GET"]}}],"collection":[{"href":"https:\/\/uj.adatbank.ro\/lexikon\/wp-json\/wp\/v2\/product"}],"about":[{"href":"https:\/\/uj.adatbank.ro\/lexikon\/wp-json\/wp\/v2\/types\/product"}],"replies":[{"embeddable":true,"href":"https:\/\/uj.adatbank.ro\/lexikon\/wp-json\/wp\/v2\/comments?post=12097"}],"wp:attachment":[{"href":"https:\/\/uj.adatbank.ro\/lexikon\/wp-json\/wp\/v2\/media?parent=12097"}],"wp:term":[{"taxonomy":"product_brand","embeddable":true,"href":"https:\/\/uj.adatbank.ro\/lexikon\/wp-json\/wp\/v2\/product_brand?post=12097"},{"taxonomy":"product_cat","embeddable":true,"href":"https:\/\/uj.adatbank.ro\/lexikon\/wp-json\/wp\/v2\/product_cat?post=12097"},{"taxonomy":"product_tag","embeddable":true,"href":"https:\/\/uj.adatbank.ro\/lexikon\/wp-json\/wp\/v2\/product_tag?post=12097"}],"curies":[{"name":"wp","href":"https:\/\/api.w.org\/{rel}","templated":true}]}}