{"id":12098,"date":"2025-06-29T14:15:25","date_gmt":"2025-06-29T12:15:25","guid":{"rendered":"https:\/\/uj.adatbank.ro\/lexikon\/termek\/kiss-ferenc-4\/"},"modified":"2025-06-29T14:15:25","modified_gmt":"2025-06-29T12:15:25","slug":"kiss-ferenc-4","status":"publish","type":"product","link":"https:\/\/uj.adatbank.ro\/lexikon\/termek\/kiss-ferenc-4\/","title":{"rendered":"KISS Ferenc"},"content":{"rendered":"<p>Eger, 1879., \u2020 ?: g\u00e9pszerel\u0151, malomg\u00e9p\u00e9sz. \u2013 Iskol\u00e1i elv\u00e9gz\u00e9se ut\u00e1n ipari p\u00e1ly\u00e1ra l\u00e9pett \u00e9s kitanulta a g\u00e9pszerel\u00e9st Bp.-en a R\u00f6kk g\u00e9pgy\u00e1rban dolgozott 5 \u00e9vig., a Fegyver \u00e9s G\u00e9pgy\u00e1rban 6 \u00e9vig. Mint malomtulajdonos \u00f6n\u00e1ll\u00f3s\u00edtotta mag\u00e1t Mez\u0151r\u00fccs\u00f6n (1924), malma le\u00e9gett (1935), ezut\u00e1n \u00e1ll\u00e1sba ment. Az els\u0151 vh.-ban a 10. h. gy. ezredben mint \u00f6rvezet\u0151 teljes\u00edtett szolg\u00e1latot. <br \/><strong>Irod.:<\/strong> Sz\u00e9kelyf\u00f6ld \u00ed. k.<\/br><\/p>\n","protected":false},"excerpt":{"rendered":"<p>Eger, 1879., \u2020 ?: g\u00e9pszerel\u0151, malomg\u00e9p\u00e9sz. \u2013 Iskol\u00e1i elv\u00e9gz\u00e9se ut\u00e1n ipari p\u00e1ly\u00e1ra l\u00e9pett \u00e9s kitanulta a g\u00e9pszerel\u00e9st Bp.-en a R\u00f6kk g\u00e9pgy\u00e1rban dolgozott 5 \u00e9vig., a Fegyver \u00e9s G\u00e9pgy\u00e1rban 6 \u00e9vig. Mint malomtulajdonos \u00f6n\u00e1ll\u00f3s\u00edtotta mag\u00e1t Mez\u0151r\u00fccs\u00f6n (1924), malma le\u00e9gett (1935), ezut\u00e1n \u00e1ll\u00e1sba ment. Az els\u0151 vh.-ban a 10. h. gy. ezredben mint \u00f6rvezet\u0151 teljes\u00edtett szolg\u00e1latot. Irod.: [&hellip;]<\/p>\n","protected":false},"featured_media":0,"comment_status":"open","ping_status":"closed","template":"","meta":[],"product_brand":[],"product_cat":[137],"product_tag":[],"class_list":{"0":"post-12098","1":"product","2":"type-product","3":"status-publish","5":"product_cat-maros-megyei-eletrajzi-lexikon","7":"first","8":"instock","9":"shipping-taxable","10":"product-type-simple"},"_links":{"self":[{"href":"https:\/\/uj.adatbank.ro\/lexikon\/wp-json\/wp\/v2\/product\/12098","targetHints":{"allow":["GET"]}}],"collection":[{"href":"https:\/\/uj.adatbank.ro\/lexikon\/wp-json\/wp\/v2\/product"}],"about":[{"href":"https:\/\/uj.adatbank.ro\/lexikon\/wp-json\/wp\/v2\/types\/product"}],"replies":[{"embeddable":true,"href":"https:\/\/uj.adatbank.ro\/lexikon\/wp-json\/wp\/v2\/comments?post=12098"}],"wp:attachment":[{"href":"https:\/\/uj.adatbank.ro\/lexikon\/wp-json\/wp\/v2\/media?parent=12098"}],"wp:term":[{"taxonomy":"product_brand","embeddable":true,"href":"https:\/\/uj.adatbank.ro\/lexikon\/wp-json\/wp\/v2\/product_brand?post=12098"},{"taxonomy":"product_cat","embeddable":true,"href":"https:\/\/uj.adatbank.ro\/lexikon\/wp-json\/wp\/v2\/product_cat?post=12098"},{"taxonomy":"product_tag","embeddable":true,"href":"https:\/\/uj.adatbank.ro\/lexikon\/wp-json\/wp\/v2\/product_tag?post=12098"}],"curies":[{"name":"wp","href":"https:\/\/api.w.org\/{rel}","templated":true}]}}