{"id":12099,"date":"2025-06-29T14:15:28","date_gmt":"2025-06-29T12:15:28","guid":{"rendered":"https:\/\/uj.adatbank.ro\/lexikon\/termek\/kiss-ferenc-5\/"},"modified":"2025-06-29T14:15:28","modified_gmt":"2025-06-29T12:15:28","slug":"kiss-ferenc-5","status":"publish","type":"product","link":"https:\/\/uj.adatbank.ro\/lexikon\/termek\/kiss-ferenc-5\/","title":{"rendered":"KISS Ferenc"},"content":{"rendered":"<p>Csejd, 1881. aug. 10., \u2020 ? : katona. \u2013 Feles\u00e9ge: nagyernyei M\u00e1rkos Eszter. Fi\u00fak a II. vh.-ban halt meg. \u2013 Mv.-en a 9. husz\u00e1rokn\u00e1l szolg\u00e1lt (1903\u201306), az I. vh.-ban az orosz frontra vez\u00e9nyelt\u00e9k (1914\u2013), sebes\u00fclten Pesten a katonak\u00f3rh\u00e1zban kezelt\u00e9k (1916), majd beiratkozott egy tanfolyamra, a Kallai g\u00e9pgy\u00e1rba, k\u00e9pkezel\u0151 k\u00e9pes\u00edt\u00e9st kapott. Tud\u00e1s\u00e1t Csejden a cs\u00e9pl\u0151g\u00e9p \u00fczemeltet\u00e9s\u00e9vel hasznos\u00edtotta. <br \/><strong>Irod.:<\/strong> Csejd \u2013T\u00f3falva<\/br><\/p>\n","protected":false},"excerpt":{"rendered":"<p>Csejd, 1881. aug. 10., \u2020 ? : katona. \u2013 Feles\u00e9ge: nagyernyei M\u00e1rkos Eszter. Fi\u00fak a II. vh.-ban halt meg. \u2013 Mv.-en a 9. husz\u00e1rokn\u00e1l szolg\u00e1lt (1903\u201306), az I. vh.-ban az orosz frontra vez\u00e9nyelt\u00e9k (1914\u2013), sebes\u00fclten Pesten a katonak\u00f3rh\u00e1zban kezelt\u00e9k (1916), majd beiratkozott egy tanfolyamra, a Kallai g\u00e9pgy\u00e1rba, k\u00e9pkezel\u0151 k\u00e9pes\u00edt\u00e9st kapott. Tud\u00e1s\u00e1t Csejden a cs\u00e9pl\u0151g\u00e9p \u00fczemeltet\u00e9s\u00e9vel [&hellip;]<\/p>\n","protected":false},"featured_media":0,"comment_status":"open","ping_status":"closed","template":"","meta":[],"product_brand":[],"product_cat":[137],"product_tag":[],"class_list":{"0":"post-12099","1":"product","2":"type-product","3":"status-publish","5":"product_cat-maros-megyei-eletrajzi-lexikon","7":"first","8":"instock","9":"shipping-taxable","10":"product-type-simple"},"_links":{"self":[{"href":"https:\/\/uj.adatbank.ro\/lexikon\/wp-json\/wp\/v2\/product\/12099","targetHints":{"allow":["GET"]}}],"collection":[{"href":"https:\/\/uj.adatbank.ro\/lexikon\/wp-json\/wp\/v2\/product"}],"about":[{"href":"https:\/\/uj.adatbank.ro\/lexikon\/wp-json\/wp\/v2\/types\/product"}],"replies":[{"embeddable":true,"href":"https:\/\/uj.adatbank.ro\/lexikon\/wp-json\/wp\/v2\/comments?post=12099"}],"wp:attachment":[{"href":"https:\/\/uj.adatbank.ro\/lexikon\/wp-json\/wp\/v2\/media?parent=12099"}],"wp:term":[{"taxonomy":"product_brand","embeddable":true,"href":"https:\/\/uj.adatbank.ro\/lexikon\/wp-json\/wp\/v2\/product_brand?post=12099"},{"taxonomy":"product_cat","embeddable":true,"href":"https:\/\/uj.adatbank.ro\/lexikon\/wp-json\/wp\/v2\/product_cat?post=12099"},{"taxonomy":"product_tag","embeddable":true,"href":"https:\/\/uj.adatbank.ro\/lexikon\/wp-json\/wp\/v2\/product_tag?post=12099"}],"curies":[{"name":"wp","href":"https:\/\/api.w.org\/{rel}","templated":true}]}}