{"id":12105,"date":"2025-06-29T14:15:38","date_gmt":"2025-06-29T12:15:38","guid":{"rendered":"https:\/\/uj.adatbank.ro\/lexikon\/termek\/kiss-ferenc-gegesi\/"},"modified":"2025-06-29T14:15:38","modified_gmt":"2025-06-29T12:15:38","slug":"kiss-ferenc-gegesi","status":"publish","type":"product","link":"https:\/\/uj.adatbank.ro\/lexikon\/termek\/kiss-ferenc-gegesi\/","title":{"rendered":"KISS Ferenc, gegesi"},"content":{"rendered":"<p>Geges, 1867. febr. 13., \u2020 Holtmaros, 1928. jan. 4.: ref. lelk\u00e9sz. \u2013 Apja gegesi K. J\u00f3zsef. A mv.-i Ref. Koll.-ban \u00e9retts\u00e9gizett, a nagyenyedi ref. lelkip\u00e1sztork\u00e9pz\u0151ben v\u00e9gzett. Lelk\u00e9sz volt sz\u00fcl\u0151fa\u00faj\u00e1ban, Gegesen (1891\u2013) \u00f6t \u00e9vig, majd Holtmarosra h\u00edvt\u00e1k meg (1904\u201327). Itt \u00faj papilakot \u00e9p\u00edtettek az \u0151 idej\u00e9n, kib\u0151v\u00edtett\u00e9k az iskol\u00e1t. Cikke az Erd\u00e9lyi Protst\u00e1ns Lap-ban (1898). <br \/><strong>Irod.:<\/strong> B\u00f6jthe Andor: A G\u00f6rg\u00e9nyi ev. ref. egyh\u00e1zmegye t\u00f6rt\u00e9nete [k\u00e9zirat]; Csekme Ferenc: K\u00e9pek a par\u00f3ki\u00e1r\u00f3l. 4. k\u00f6t. (Mv., 1927); Guly\u00e1s; Vita<\/br><\/p>\n","protected":false},"excerpt":{"rendered":"<p>Geges, 1867. febr. 13., \u2020 Holtmaros, 1928. jan. 4.: ref. lelk\u00e9sz. \u2013 Apja gegesi K. J\u00f3zsef. A mv.-i Ref. Koll.-ban \u00e9retts\u00e9gizett, a nagyenyedi ref. lelkip\u00e1sztork\u00e9pz\u0151ben v\u00e9gzett. Lelk\u00e9sz volt sz\u00fcl\u0151fa\u00faj\u00e1ban, Gegesen (1891\u2013) \u00f6t \u00e9vig, majd Holtmarosra h\u00edvt\u00e1k meg (1904\u201327). Itt \u00faj papilakot \u00e9p\u00edtettek az \u0151 idej\u00e9n, kib\u0151v\u00edtett\u00e9k az iskol\u00e1t. Cikke az Erd\u00e9lyi Protst\u00e1ns Lap-ban (1898). Irod.: [&hellip;]<\/p>\n","protected":false},"featured_media":0,"comment_status":"open","ping_status":"closed","template":"","meta":[],"product_brand":[],"product_cat":[137],"product_tag":[],"class_list":{"0":"post-12105","1":"product","2":"type-product","3":"status-publish","5":"product_cat-maros-megyei-eletrajzi-lexikon","7":"first","8":"instock","9":"shipping-taxable","10":"product-type-simple"},"_links":{"self":[{"href":"https:\/\/uj.adatbank.ro\/lexikon\/wp-json\/wp\/v2\/product\/12105","targetHints":{"allow":["GET"]}}],"collection":[{"href":"https:\/\/uj.adatbank.ro\/lexikon\/wp-json\/wp\/v2\/product"}],"about":[{"href":"https:\/\/uj.adatbank.ro\/lexikon\/wp-json\/wp\/v2\/types\/product"}],"replies":[{"embeddable":true,"href":"https:\/\/uj.adatbank.ro\/lexikon\/wp-json\/wp\/v2\/comments?post=12105"}],"wp:attachment":[{"href":"https:\/\/uj.adatbank.ro\/lexikon\/wp-json\/wp\/v2\/media?parent=12105"}],"wp:term":[{"taxonomy":"product_brand","embeddable":true,"href":"https:\/\/uj.adatbank.ro\/lexikon\/wp-json\/wp\/v2\/product_brand?post=12105"},{"taxonomy":"product_cat","embeddable":true,"href":"https:\/\/uj.adatbank.ro\/lexikon\/wp-json\/wp\/v2\/product_cat?post=12105"},{"taxonomy":"product_tag","embeddable":true,"href":"https:\/\/uj.adatbank.ro\/lexikon\/wp-json\/wp\/v2\/product_tag?post=12105"}],"curies":[{"name":"wp","href":"https:\/\/api.w.org\/{rel}","templated":true}]}}