{"id":12107,"date":"2025-06-29T14:15:42","date_gmt":"2025-06-29T12:15:42","guid":{"rendered":"https:\/\/uj.adatbank.ro\/lexikon\/termek\/kiss-gergely-backamadarasi-kis-gergely\/"},"modified":"2025-06-29T14:15:42","modified_gmt":"2025-06-29T12:15:42","slug":"kiss-gergely-backamadarasi-kis-gergely","status":"publish","type":"product","link":"https:\/\/uj.adatbank.ro\/lexikon\/termek\/kiss-gergely-backamadarasi-kis-gergely\/","title":{"rendered":"KISS Gergely, backamadarasi; Kis Gergely,"},"content":{"rendered":"<p>Backamadaras, 1737\u20131738 k., \u2020 Sz\u00e9kelyudvarhely, 1787. \u00e1pr. 25.: ref. tan\u00e1r, szak\u00edr\u00f3, az erd\u00e9lyi ref. egyh\u00e1z f\u0151jegyz\u0151je. \u2013 Sz\u00fcl\u0151faluj\u00e1ban a falusi iskol\u00e1t elv\u00e9gezv\u00e9n a Mv-i Ref. Koll.-ban szolgadi\u00e1k (1751\u201364) \u00e9s Toldalagi L\u00e1szl\u00f3 gr. fiait tan\u00edtotta. II. J\u00f3zsef enged\u00e9ly\u00e9vel B\u00e1zelben, Berlinben tanult (1765\u201368) mechanik\u00e1t, fizik\u00e1t, botanik\u00e1t, anat\u00f3mi\u00e1t, egyh\u00e1z \u00e9s politika t\u00f6rt\u00e9nelmet, keleti nyelveket, jogot, teol\u00f3gi\u00e1t. Bernben kieg\u00e9sz\u00edt\u0151 tanulm\u00e1nyokat folytatott (1767\u201368). Kinevezt\u00e9k a sz\u00e9kelyudvarhelyi a Ref. Koll. -ba melynek jeles tan\u00e1ra, igazgat\u00f3ja \u00e9s \u201em\u00e1sodik megalap\u00edt\u00f3ja\u201d lett (1768. okt. 20. \u201387); kezdem\u00e9nyez\u00e9s\u00e9re elk\u00e9sz\u00fclt az iskola (1771\u201381), a 45 helyis\u00e9get mag\u00e1ba foglal\u00f3 ref. koll. (1773), ref. templomot \u00e9p\u00edttetett (1780\u201381), k\u00f6nyvt\u00e1rat alap\u00edtott. Rektors\u00e1gaideje alatt az udvarhelyi koll. zenei \u00e9lete gazdag volt. Minden \u00e9vben k\u00e9t fiatalt k\u00fcld\u00f6tt k\u00fclf\u00f6ldi egyetemekre. A Parajdon tart\u00f3zkod\u00f3 II. J\u00f3zsef cs\u00e1sz\u00e1rnak el\u0151adta egyh\u00e1za s\u00e9relmeit (1783. j\u00fan. 10.). Az erd\u00e9lyi egyh\u00e1zker\u00fclet a p\u00fcsp\u00f6ki sz\u00e9k ut\u00f3d\u00adl\u00e1s\u00e1nak jog\u00e1val, f\u0151jegyz\u0151v\u00e9 (gener\u00e1lis n\u00f3t\u00e1\u00adrius) v\u00e1lasztotta (1784), hal\u00e1la el\u0151tt p\u00fcsp\u00f6khelyettesi megb\u00edz\u00e1st is kapott, de a p\u00fcsp\u00f6ks\u00e9get m\u00e1r nem \u00e9rte meg. S\u00edrja felett tan\u00edtv\u00e1nyai d\u00edszes eml\u00e9koszlopot emeltek (1867); ugyancsak eml\u00e9koszlopot emeltek azon iskola udvar\u00e1n, amelyet \u0151 \u00e9p\u00edttetett \u00e9s eml\u00e9k\u00e9re minden \u00f6t\u00f6dik \u00e9vben eml\u00e9k\u00fcnnep\u00e9lyt tartottak \u00e9s az iskola felvette a nev\u00e9t. Backamadaras els\u0151 \u00edr\u00e1sos eml\u00edt\u00e9s\u00e9nek 600. \u00e9vfordul\u00f3ja alkalm\u00e1b\u00f3l, az iskola el\u00e9 faragott kopjaf\u00e1t \u00e1ll\u00edtottak eml\u00e9k\u00e9re (1992). A sz\u00e9kelyudvarhelyi ref. gimn. \u00e9s egyh\u00e1z B. K. G. mellszobr\u00e1t aj\u00e1nd\u00e9kozta a k\u00f6zs\u00e9gnek. \u2013 <strong>F. m.:<\/strong> Halotti or\u00e1tio a hal\u00e1lnak r\u00fat \u00e9s sz\u00e9p \u00e1br\u00e1zatj\u00e1r\u00f3l, melyet n\u00e9hai m\u00e9lt. gr. tantsi F\u00f6ldv\u00e1ri Ferenc \u0151nagys\u00e1g\u00e1nak utols\u00f3 tisztess\u00e9ge megadattatas\u00e1nak alkalmatoss\u00e1g\u00e1val mondott\u2026, 1770. febr. 10. (Kv., 1771); Kedves \u00e9s tisztes Daniel, n\u00e9hai l. b. Vargyasi id. Daniel Istv\u00e1n \u00far \u0151nagys\u00e1ga \u2026\u00e1ldott eml\u00e9kezet\u00e9t\u2026halotti oratioval tisztelte\u2026, 1774. m\u00e1j. 29. (Kv., 1775); Agenda. azaz : Egyh\u00e1zi szolg\u00e1latb\u00e9li okos isteni tisztelet m\u00f3dja\u2026 (Gy\u0151r, 1788; Magyar\u00adigen, 1820). <br \/><strong>Irod.:<\/strong> Backamadaras 600 \u00e9ve; Cs\u00e1v\u00e1si eml\u00e9kk\u00f6nyv; Ferenczy-Danielik; Fogarasi; Gligor, Guly\u00e1s; Kr\u00f3n F\u00fcz. (1939. 4\/8); Kiss-K\u00e1lm\u00e1n-Bierbrunne; Kolumb\u00e1n Vilmos J\u00f3zsef: Backamadarasi Kiss G. (\u00daj Kezdet, 8. sz., 2007. aug.); Maros megye; MMK; M\u0171vel\u0151d\u00e9s (1995. okt., 10. sz.); Ny\u00e1r\u00e1d mente; P\u00e1lmay, Rugonfalvi Kiss; Sepsisz\u00e9ki; Szinnyei, Szinnyei J.; T\u0151k\u00e9s Istv\u00e1n: Backamadarasi K. G. \u00c1gend\u00e1ja (Kr\u00f3nika, 2002. okt. 26\u201327.); Zov\u00e1nyi<\/br><\/p>\n","protected":false},"excerpt":{"rendered":"<p>Backamadaras, 1737\u20131738 k., \u2020 Sz\u00e9kelyudvarhely, 1787. \u00e1pr. 25.: ref. tan\u00e1r, szak\u00edr\u00f3, az erd\u00e9lyi ref. egyh\u00e1z f\u0151jegyz\u0151je. \u2013 Sz\u00fcl\u0151faluj\u00e1ban a falusi iskol\u00e1t elv\u00e9gezv\u00e9n a Mv-i Ref. Koll.-ban szolgadi\u00e1k (1751\u201364) \u00e9s Toldalagi L\u00e1szl\u00f3 gr. fiait tan\u00edtotta. II. J\u00f3zsef enged\u00e9ly\u00e9vel B\u00e1zelben, Berlinben tanult (1765\u201368) mechanik\u00e1t, fizik\u00e1t, botanik\u00e1t, anat\u00f3mi\u00e1t, egyh\u00e1z \u00e9s politika t\u00f6rt\u00e9nelmet, keleti nyelveket, jogot, teol\u00f3gi\u00e1t. Bernben kieg\u00e9sz\u00edt\u0151 [&hellip;]<\/p>\n","protected":false},"featured_media":0,"comment_status":"open","ping_status":"closed","template":"","meta":[],"product_brand":[],"product_cat":[137],"product_tag":[],"class_list":{"0":"post-12107","1":"product","2":"type-product","3":"status-publish","5":"product_cat-maros-megyei-eletrajzi-lexikon","7":"first","8":"instock","9":"shipping-taxable","10":"product-type-simple"},"_links":{"self":[{"href":"https:\/\/uj.adatbank.ro\/lexikon\/wp-json\/wp\/v2\/product\/12107","targetHints":{"allow":["GET"]}}],"collection":[{"href":"https:\/\/uj.adatbank.ro\/lexikon\/wp-json\/wp\/v2\/product"}],"about":[{"href":"https:\/\/uj.adatbank.ro\/lexikon\/wp-json\/wp\/v2\/types\/product"}],"replies":[{"embeddable":true,"href":"https:\/\/uj.adatbank.ro\/lexikon\/wp-json\/wp\/v2\/comments?post=12107"}],"wp:attachment":[{"href":"https:\/\/uj.adatbank.ro\/lexikon\/wp-json\/wp\/v2\/media?parent=12107"}],"wp:term":[{"taxonomy":"product_brand","embeddable":true,"href":"https:\/\/uj.adatbank.ro\/lexikon\/wp-json\/wp\/v2\/product_brand?post=12107"},{"taxonomy":"product_cat","embeddable":true,"href":"https:\/\/uj.adatbank.ro\/lexikon\/wp-json\/wp\/v2\/product_cat?post=12107"},{"taxonomy":"product_tag","embeddable":true,"href":"https:\/\/uj.adatbank.ro\/lexikon\/wp-json\/wp\/v2\/product_tag?post=12107"}],"curies":[{"name":"wp","href":"https:\/\/api.w.org\/{rel}","templated":true}]}}