{"id":12109,"date":"2025-06-29T14:15:48","date_gmt":"2025-06-29T12:15:48","guid":{"rendered":"https:\/\/uj.adatbank.ro\/lexikon\/termek\/kiss-geza-%c2%a7\/"},"modified":"2025-06-29T14:15:48","modified_gmt":"2025-06-29T12:15:48","slug":"kiss-geza-%c2%a7","status":"publish","type":"product","link":"https:\/\/uj.adatbank.ro\/lexikon\/termek\/kiss-geza-%c2%a7\/","title":{"rendered":"KISS G\u00e9za, \u00a7"},"content":{"rendered":"<p>? 1919., \u2020 Mv., 1998 j\u00fal. 23.: tan\u00e1r, jog\u00e1sz. \u2013 Mv.-en a Ref. Koll. \u00e9rett\u00e9sgizett. Jogot v\u00e9gzett, dr. A mv.-i \u00fcgyv\u00e9di kamara tagja (1946), a tan\u00e1rk\u00e9pz\u0151t is elv\u00e9gezte. Mv.-en tan\u00edtott a Kereskedelmi iskol\u00e1ban \u00e9s a Bolyai Farkas l\u00edc. -ban. \u2013 <strong>F. m.:<\/strong> <strong>t\u00e1rssz.:<\/strong> K. G. \u2013 Turnowszky S\u00e1ndor: Sz\u00e1sz K\u00e1roly (Buk., 1955). <br \/><strong>Irod.:<\/strong> Gy\u00e1rf\u00e1s 2013;. Mikl\u00f3s: Dr. K. G. (V. Z., 1981. febr. 1.); Mv.-i R. K. okt; [Nekrol\u00f3g] (N\u00fa., 1998. j\u00fal. 24.)<\/br><\/p>\n","protected":false},"excerpt":{"rendered":"<p>? 1919., \u2020 Mv., 1998 j\u00fal. 23.: tan\u00e1r, jog\u00e1sz. \u2013 Mv.-en a Ref. Koll. \u00e9rett\u00e9sgizett. Jogot v\u00e9gzett, dr. A mv.-i \u00fcgyv\u00e9di kamara tagja (1946), a tan\u00e1rk\u00e9pz\u0151t is elv\u00e9gezte. Mv.-en tan\u00edtott a Kereskedelmi iskol\u00e1ban \u00e9s a Bolyai Farkas l\u00edc. -ban. \u2013 F. m.: t\u00e1rssz.: K. G. \u2013 Turnowszky S\u00e1ndor: Sz\u00e1sz K\u00e1roly (Buk., 1955). Irod.: Gy\u00e1rf\u00e1s 2013;. [&hellip;]<\/p>\n","protected":false},"featured_media":0,"comment_status":"open","ping_status":"closed","template":"","meta":[],"product_brand":[],"product_cat":[137],"product_tag":[],"class_list":{"0":"post-12109","1":"product","2":"type-product","3":"status-publish","5":"product_cat-maros-megyei-eletrajzi-lexikon","7":"first","8":"instock","9":"shipping-taxable","10":"product-type-simple"},"_links":{"self":[{"href":"https:\/\/uj.adatbank.ro\/lexikon\/wp-json\/wp\/v2\/product\/12109","targetHints":{"allow":["GET"]}}],"collection":[{"href":"https:\/\/uj.adatbank.ro\/lexikon\/wp-json\/wp\/v2\/product"}],"about":[{"href":"https:\/\/uj.adatbank.ro\/lexikon\/wp-json\/wp\/v2\/types\/product"}],"replies":[{"embeddable":true,"href":"https:\/\/uj.adatbank.ro\/lexikon\/wp-json\/wp\/v2\/comments?post=12109"}],"wp:attachment":[{"href":"https:\/\/uj.adatbank.ro\/lexikon\/wp-json\/wp\/v2\/media?parent=12109"}],"wp:term":[{"taxonomy":"product_brand","embeddable":true,"href":"https:\/\/uj.adatbank.ro\/lexikon\/wp-json\/wp\/v2\/product_brand?post=12109"},{"taxonomy":"product_cat","embeddable":true,"href":"https:\/\/uj.adatbank.ro\/lexikon\/wp-json\/wp\/v2\/product_cat?post=12109"},{"taxonomy":"product_tag","embeddable":true,"href":"https:\/\/uj.adatbank.ro\/lexikon\/wp-json\/wp\/v2\/product_tag?post=12109"}],"curies":[{"name":"wp","href":"https:\/\/api.w.org\/{rel}","templated":true}]}}