{"id":12110,"date":"2025-06-29T14:15:50","date_gmt":"2025-06-29T12:15:50","guid":{"rendered":"https:\/\/uj.adatbank.ro\/lexikon\/termek\/kiss-gyorgy\/"},"modified":"2025-06-29T14:15:50","modified_gmt":"2025-06-29T12:15:50","slug":"kiss-gyorgy","status":"publish","type":"product","link":"https:\/\/uj.adatbank.ro\/lexikon\/termek\/kiss-gyorgy\/","title":{"rendered":"KISS Gy\u00f6rgy"},"content":{"rendered":"<p>Szentgerice, 1923. nov. 27., \u2020 Mv., 1996. jan. 25.: hematol\u00f3gus orvos, igazgat\u00f3, szak\u00edr\u00f3. \u2013 A k\u00f6z\u00e9piskol\u00e1t a mv.-i Ref. Koll.-ban v\u00e9gezte (1942), orvosi diplom\u00e1j\u00e1t a MOGYIN szerezte (1948). P\u00e1ly\u00e1j\u00e1t a MOGYI Gy\u00f3gyszertani tansz\u00e9k\u00e9n mint tan\u00e1rseg\u00e9d kezdte (1948), majd a mv.-i v\u00e9rk\u00f6zpont f\u0151orvosa, igazgat\u00f3ja (1949\u201381). A V\u00f6r\u00f6s Keresztn\u00e9l ismeretterjeszt\u0151 el\u0151ad\u00e1sokat tartott. Hematol\u00f3giai kutat\u00e1sair\u00f3l cikkei : Orvosi Szemle amelynek munkat\u00e1rsa, Ideggy\u00f3gy\u00e1szati Szemle, A H\u00e9t, V\u00f6r\u00f6s Z\u00e1szl\u00f3-ban. \u2013 <strong>F. m.:<\/strong> Ritmusos \u00e9letjelens\u00e9gek vizsg\u00e1lata az \u00e9l\u0151 szervezetben (Mv., 1948); A v\u00e9rad\u00f3k oszt\u00e1ly\u00e1nak munk\u00e1j\u00e1r\u00f3l \u00e9s v\u00e9rad\u00f3k kiv\u00e1laszt\u00e1s\u00e1nak jelent\u0151s\u00e9g\u00e9r\u0151l. (Mv., 1957); Az \u00e9letment\u0151 v\u00e9r ( Mv., 1959); Amit a v\u00e9rad\u00e1sr\u00f3l \u00e9s v\u00e9r\u00e1t\u00f6mleszt\u00e9sr\u0151l mindenkinek tudni kell. (Cs\u00edkszereda v. Buk, 1969); V\u00e9reddel mentheted meg az \u00e9letemet! (Cs\u00edkszereda (1978); Unele aspecte ale hematologiei transfuzionale la opera\u0163iile pe cord deschis. (Buc., 1979). <br \/><strong>Irod.:<\/strong> Genersich; Kiss\u2013P\u00e9terffy\u2013P\u00e9terffy; KKACs; [Nekrol\u00f3g] (N\u00fa., 1996. jan. 26.); RMIL<\/br><\/p>\n","protected":false},"excerpt":{"rendered":"<p>Szentgerice, 1923. nov. 27., \u2020 Mv., 1996. jan. 25.: hematol\u00f3gus orvos, igazgat\u00f3, szak\u00edr\u00f3. \u2013 A k\u00f6z\u00e9piskol\u00e1t a mv.-i Ref. Koll.-ban v\u00e9gezte (1942), orvosi diplom\u00e1j\u00e1t a MOGYIN szerezte (1948). P\u00e1ly\u00e1j\u00e1t a MOGYI Gy\u00f3gyszertani tansz\u00e9k\u00e9n mint tan\u00e1rseg\u00e9d kezdte (1948), majd a mv.-i v\u00e9rk\u00f6zpont f\u0151orvosa, igazgat\u00f3ja (1949\u201381). A V\u00f6r\u00f6s Keresztn\u00e9l ismeretterjeszt\u0151 el\u0151ad\u00e1sokat tartott. Hematol\u00f3giai kutat\u00e1sair\u00f3l cikkei : Orvosi [&hellip;]<\/p>\n","protected":false},"featured_media":0,"comment_status":"open","ping_status":"closed","template":"","meta":[],"product_brand":[],"product_cat":[137],"product_tag":[],"class_list":{"0":"post-12110","1":"product","2":"type-product","3":"status-publish","5":"product_cat-maros-megyei-eletrajzi-lexikon","7":"first","8":"instock","9":"shipping-taxable","10":"product-type-simple"},"_links":{"self":[{"href":"https:\/\/uj.adatbank.ro\/lexikon\/wp-json\/wp\/v2\/product\/12110","targetHints":{"allow":["GET"]}}],"collection":[{"href":"https:\/\/uj.adatbank.ro\/lexikon\/wp-json\/wp\/v2\/product"}],"about":[{"href":"https:\/\/uj.adatbank.ro\/lexikon\/wp-json\/wp\/v2\/types\/product"}],"replies":[{"embeddable":true,"href":"https:\/\/uj.adatbank.ro\/lexikon\/wp-json\/wp\/v2\/comments?post=12110"}],"wp:attachment":[{"href":"https:\/\/uj.adatbank.ro\/lexikon\/wp-json\/wp\/v2\/media?parent=12110"}],"wp:term":[{"taxonomy":"product_brand","embeddable":true,"href":"https:\/\/uj.adatbank.ro\/lexikon\/wp-json\/wp\/v2\/product_brand?post=12110"},{"taxonomy":"product_cat","embeddable":true,"href":"https:\/\/uj.adatbank.ro\/lexikon\/wp-json\/wp\/v2\/product_cat?post=12110"},{"taxonomy":"product_tag","embeddable":true,"href":"https:\/\/uj.adatbank.ro\/lexikon\/wp-json\/wp\/v2\/product_tag?post=12110"}],"curies":[{"name":"wp","href":"https:\/\/api.w.org\/{rel}","templated":true}]}}