{"id":12111,"date":"2025-06-29T14:15:51","date_gmt":"2025-06-29T12:15:51","guid":{"rendered":"https:\/\/uj.adatbank.ro\/lexikon\/termek\/kiss-gyorgy-2\/"},"modified":"2025-06-29T14:15:51","modified_gmt":"2025-06-29T12:15:51","slug":"kiss-gyorgy-2","status":"publish","type":"product","link":"https:\/\/uj.adatbank.ro\/lexikon\/termek\/kiss-gyorgy-2\/","title":{"rendered":"KISS Gy\u00f6rgy"},"content":{"rendered":"<p>? \u2020 ? : cip\u00e9sz. \u2013 Mv.-i cip\u00e9sz r\u00e9szt vett a bp.-i Orsz\u00e1gos \u00c1ltal\u00e1nos ki\u00e1ll.-on (1885), ahol j\u00f3 munk\u00e1j\u00e1\u00e9rt nagy \u00e9remmel t\u0171ntett\u00e9k ki. <br \/><strong>Irod.:<\/strong> 1885. \u00e9vi ki\u00e1ll.; Hivatalos jelent\u00e9s a bp.-i 1885. Orsz\u00e1gos Ki\u00e1ll\u00edt\u00e1sr\u00f3l (Bp., 1886)<\/br><\/p>\n","protected":false},"excerpt":{"rendered":"<p>? \u2020 ? : cip\u00e9sz. \u2013 Mv.-i cip\u00e9sz r\u00e9szt vett a bp.-i Orsz\u00e1gos \u00c1ltal\u00e1nos ki\u00e1ll.-on (1885), ahol j\u00f3 munk\u00e1j\u00e1\u00e9rt nagy \u00e9remmel t\u0171ntett\u00e9k ki. Irod.: 1885. \u00e9vi ki\u00e1ll.; Hivatalos jelent\u00e9s a bp.-i 1885. Orsz\u00e1gos Ki\u00e1ll\u00edt\u00e1sr\u00f3l (Bp., 1886)<\/p>\n","protected":false},"featured_media":0,"comment_status":"open","ping_status":"closed","template":"","meta":[],"product_brand":[],"product_cat":[137],"product_tag":[],"class_list":{"0":"post-12111","1":"product","2":"type-product","3":"status-publish","5":"product_cat-maros-megyei-eletrajzi-lexikon","7":"first","8":"instock","9":"shipping-taxable","10":"product-type-simple"},"_links":{"self":[{"href":"https:\/\/uj.adatbank.ro\/lexikon\/wp-json\/wp\/v2\/product\/12111","targetHints":{"allow":["GET"]}}],"collection":[{"href":"https:\/\/uj.adatbank.ro\/lexikon\/wp-json\/wp\/v2\/product"}],"about":[{"href":"https:\/\/uj.adatbank.ro\/lexikon\/wp-json\/wp\/v2\/types\/product"}],"replies":[{"embeddable":true,"href":"https:\/\/uj.adatbank.ro\/lexikon\/wp-json\/wp\/v2\/comments?post=12111"}],"wp:attachment":[{"href":"https:\/\/uj.adatbank.ro\/lexikon\/wp-json\/wp\/v2\/media?parent=12111"}],"wp:term":[{"taxonomy":"product_brand","embeddable":true,"href":"https:\/\/uj.adatbank.ro\/lexikon\/wp-json\/wp\/v2\/product_brand?post=12111"},{"taxonomy":"product_cat","embeddable":true,"href":"https:\/\/uj.adatbank.ro\/lexikon\/wp-json\/wp\/v2\/product_cat?post=12111"},{"taxonomy":"product_tag","embeddable":true,"href":"https:\/\/uj.adatbank.ro\/lexikon\/wp-json\/wp\/v2\/product_tag?post=12111"}],"curies":[{"name":"wp","href":"https:\/\/api.w.org\/{rel}","templated":true}]}}