{"id":12113,"date":"2025-06-29T14:15:55","date_gmt":"2025-06-29T12:15:55","guid":{"rendered":"https:\/\/uj.adatbank.ro\/lexikon\/termek\/kiss-gyula\/"},"modified":"2025-06-29T14:15:55","modified_gmt":"2025-06-29T12:15:55","slug":"kiss-gyula","status":"publish","type":"product","link":"https:\/\/uj.adatbank.ro\/lexikon\/termek\/kiss-gyula\/","title":{"rendered":"KISS Gyula"},"content":{"rendered":"<p>Bp., 1893. m\u00e1rc. 20., \u2020 Bp., 1923. nov. 25 : \u00edr\u00f3, m\u0171ford\u00edt\u00f3, szerkeszt\u0151, sz\u00edn\u00e9sz. \u2013 Sz\u00edn\u00e9szi p\u00e1ly\u00e1j\u00e1t 1918-ban kezdte. Fell\u00e9pett Mv.-en Szab\u00f3 P\u00e1l t\u00e1rsulat\u00e1val (1920\u201321) Kov\u00e1cs Imre t\u00e1rsulat\u00e1val (1922\u201323); Nagyv\u00e1radon (1922\u201324). Kiv\u00e1l\u00f3an alk\u00edtotta t\u00f6rt\u00e9nelmi dr\u00e1m\u00e1k h\u0151seit. Szerkeszt\u00e9s\u00e9ben jelent meg Mv.-en az egyetlen sz\u00e1mot meg\u00e9rt Holnap (1919), majd a Rivalda c. sz\u00ednh\u00e1zi \u00e9s irodalmi hetilap (1919\u201320). Itt \u00e9s az Osv\u00e1th K\u00e1lm\u00e1n szerkeszt\u00e9s\u00e9ben megindult Zord Id\u0151-ben jelentek meg Heine ford\u00edt\u00e1sai (1921), a Sz\u00e1sz B\u00e9la alap\u00edt\u00e1s\u00e1ban megjelent Sz\u00ednh\u00e1zi H\u00e9t munkat\u00e1rsa; a KZST negyven\u00e9ves fenn\u00e1ll\u00e1s\u00e1nak \u00fcnnep\u00e9n mutatt\u00e1k be Balassa Erd\u00e9lyben c. j\u00e1t\u00e9k\u00e1t D\u00e9k\u00e1nin\u00e9 M\u00e1th\u00e9 Mariska magyar t\u00e1ncaival \u00e9s dalaival (1921). Filoz\u00f3fikus l\u00e9lek volt. Idegbajt kapott, beutalt\u00e1k Bp. -re a Lip\u00f3tmezei elmegy\u00f3gyint\u00e9zetbe, ahol \u00f6ngyilkos lett \u2013 <strong>F. m.:<\/strong> Sztr\u00e1jkol a hal\u00e1l (reg\u00e9ny, Mv., 1919); Balassa B\u00e1lint Erd\u00e9lyben ( D\u00e9k\u00e1nin\u00e9 M\u00e1th\u00e9 Marisk\u00e1val Mv., 1921); A Matr\u00e1c-s\u00edr vir\u00e1gai (Heine ford\u00edt\u00e1sok, Mv., 1922), <strong>F. sz.:<\/strong> J\u00e1go (Shakespeare: Othelo); Lucifer (Mad\u00e1ch : Az ember trag\u00e9di\u00e1ja); c\u00edmszerepek : Katona J\u00f3zsef : B\u00e1nk b\u00e1n; Shakespeare : Hamlet; Moliere : Tartuffe. <br \/><strong>Irod.:<\/strong> Guly\u00e1s; Gy\u00f6rgy; Gy\u00f6rgy 1926; Hars\u00e1nyi Mikl\u00f3s: K. Gy. meghalt. (Sz\u00ednh\u00e1zi H\u00e9t 1923\/8); Id\u0151t\u00e1r 3; K\u00f6t\u0151; RMIL; S\u00e9nyi L\u00e1szl\u00f3: K. Gy. Sz\u00ednh\u00e1zi H\u00e9t 1922\/21.<\/br><\/p>\n","protected":false},"excerpt":{"rendered":"<p>Bp., 1893. m\u00e1rc. 20., \u2020 Bp., 1923. nov. 25 : \u00edr\u00f3, m\u0171ford\u00edt\u00f3, szerkeszt\u0151, sz\u00edn\u00e9sz. \u2013 Sz\u00edn\u00e9szi p\u00e1ly\u00e1j\u00e1t 1918-ban kezdte. Fell\u00e9pett Mv.-en Szab\u00f3 P\u00e1l t\u00e1rsulat\u00e1val (1920\u201321) Kov\u00e1cs Imre t\u00e1rsulat\u00e1val (1922\u201323); Nagyv\u00e1radon (1922\u201324). Kiv\u00e1l\u00f3an alk\u00edtotta t\u00f6rt\u00e9nelmi dr\u00e1m\u00e1k h\u0151seit. Szerkeszt\u00e9s\u00e9ben jelent meg Mv.-en az egyetlen sz\u00e1mot meg\u00e9rt Holnap (1919), majd a Rivalda c. sz\u00ednh\u00e1zi \u00e9s irodalmi hetilap (1919\u201320). [&hellip;]<\/p>\n","protected":false},"featured_media":0,"comment_status":"open","ping_status":"closed","template":"","meta":[],"product_brand":[],"product_cat":[137],"product_tag":[],"class_list":{"0":"post-12113","1":"product","2":"type-product","3":"status-publish","5":"product_cat-maros-megyei-eletrajzi-lexikon","7":"first","8":"instock","9":"shipping-taxable","10":"product-type-simple"},"_links":{"self":[{"href":"https:\/\/uj.adatbank.ro\/lexikon\/wp-json\/wp\/v2\/product\/12113","targetHints":{"allow":["GET"]}}],"collection":[{"href":"https:\/\/uj.adatbank.ro\/lexikon\/wp-json\/wp\/v2\/product"}],"about":[{"href":"https:\/\/uj.adatbank.ro\/lexikon\/wp-json\/wp\/v2\/types\/product"}],"replies":[{"embeddable":true,"href":"https:\/\/uj.adatbank.ro\/lexikon\/wp-json\/wp\/v2\/comments?post=12113"}],"wp:attachment":[{"href":"https:\/\/uj.adatbank.ro\/lexikon\/wp-json\/wp\/v2\/media?parent=12113"}],"wp:term":[{"taxonomy":"product_brand","embeddable":true,"href":"https:\/\/uj.adatbank.ro\/lexikon\/wp-json\/wp\/v2\/product_brand?post=12113"},{"taxonomy":"product_cat","embeddable":true,"href":"https:\/\/uj.adatbank.ro\/lexikon\/wp-json\/wp\/v2\/product_cat?post=12113"},{"taxonomy":"product_tag","embeddable":true,"href":"https:\/\/uj.adatbank.ro\/lexikon\/wp-json\/wp\/v2\/product_tag?post=12113"}],"curies":[{"name":"wp","href":"https:\/\/api.w.org\/{rel}","templated":true}]}}