{"id":12114,"date":"2025-06-29T14:15:57","date_gmt":"2025-06-29T12:15:57","guid":{"rendered":"https:\/\/uj.adatbank.ro\/lexikon\/termek\/kiss-gyula-2\/"},"modified":"2025-06-29T14:15:57","modified_gmt":"2025-06-29T12:15:57","slug":"kiss-gyula-2","status":"publish","type":"product","link":"https:\/\/uj.adatbank.ro\/lexikon\/termek\/kiss-gyula-2\/","title":{"rendered":"KISS Gyula"},"content":{"rendered":"<p>1919., \u2020 Mv., 2003. j\u00fal. 10, : igazgat\u00f3. \u2013 A mv.-i volt Augusztus 23 b\u00fatorgy\u00e1r, a gal\u00f3c\u00e1si faipari v\u00e1llalat igazgat\u00f3ja \u00e9s az UJCM Mure\u015f eln\u00f6ke. <br \/><strong>Irod.:<\/strong> [Nekrol\u00f3g] (N\u00fa., 2003. j\u00fal. 11.)<\/br><\/p>\n","protected":false},"excerpt":{"rendered":"<p>1919., \u2020 Mv., 2003. j\u00fal. 10, : igazgat\u00f3. \u2013 A mv.-i volt Augusztus 23 b\u00fatorgy\u00e1r, a gal\u00f3c\u00e1si faipari v\u00e1llalat igazgat\u00f3ja \u00e9s az UJCM Mure\u015f eln\u00f6ke. Irod.: [Nekrol\u00f3g] (N\u00fa., 2003. j\u00fal. 11.)<\/p>\n","protected":false},"featured_media":0,"comment_status":"open","ping_status":"closed","template":"","meta":[],"product_brand":[],"product_cat":[137],"product_tag":[],"class_list":{"0":"post-12114","1":"product","2":"type-product","3":"status-publish","5":"product_cat-maros-megyei-eletrajzi-lexikon","7":"first","8":"instock","9":"shipping-taxable","10":"product-type-simple"},"_links":{"self":[{"href":"https:\/\/uj.adatbank.ro\/lexikon\/wp-json\/wp\/v2\/product\/12114","targetHints":{"allow":["GET"]}}],"collection":[{"href":"https:\/\/uj.adatbank.ro\/lexikon\/wp-json\/wp\/v2\/product"}],"about":[{"href":"https:\/\/uj.adatbank.ro\/lexikon\/wp-json\/wp\/v2\/types\/product"}],"replies":[{"embeddable":true,"href":"https:\/\/uj.adatbank.ro\/lexikon\/wp-json\/wp\/v2\/comments?post=12114"}],"wp:attachment":[{"href":"https:\/\/uj.adatbank.ro\/lexikon\/wp-json\/wp\/v2\/media?parent=12114"}],"wp:term":[{"taxonomy":"product_brand","embeddable":true,"href":"https:\/\/uj.adatbank.ro\/lexikon\/wp-json\/wp\/v2\/product_brand?post=12114"},{"taxonomy":"product_cat","embeddable":true,"href":"https:\/\/uj.adatbank.ro\/lexikon\/wp-json\/wp\/v2\/product_cat?post=12114"},{"taxonomy":"product_tag","embeddable":true,"href":"https:\/\/uj.adatbank.ro\/lexikon\/wp-json\/wp\/v2\/product_tag?post=12114"}],"curies":[{"name":"wp","href":"https:\/\/api.w.org\/{rel}","templated":true}]}}