{"id":12115,"date":"2025-06-29T14:15:58","date_gmt":"2025-06-29T12:15:58","guid":{"rendered":"https:\/\/uj.adatbank.ro\/lexikon\/termek\/kiss-ibolya-szanto-ibolya\/"},"modified":"2025-06-29T14:15:58","modified_gmt":"2025-06-29T12:15:58","slug":"kiss-ibolya-szanto-ibolya","status":"publish","type":"product","link":"https:\/\/uj.adatbank.ro\/lexikon\/termek\/kiss-ibolya-szanto-ibolya\/","title":{"rendered":"KISS Ibolya, Sz\u00e1nt\u00f3 Ibolya"},"content":{"rendered":"<p>Istv\u00e1nh\u00e1za, 1928. aug. 16., \u2020 ?: tan\u00e1r, amat\u0151r fest\u0151m\u0171v\u00e9sz. \u2013 Tan\u00edt\u00f3i oklevel\u00e9t Nagyenyeden szerzte (1949); a kv.-i Ped F\u0151iskol\u00e1n rom\u00e1n szakos tan\u00e1ri oklevelet nyert (1964). Tan\u00edtott Marosludason \u00e1ltal\u00e1nos iskol\u00e1ban, majd a l\u00edc.-ban (1949\u201483). Az Amat\u00f6r K\u00e9pz\u0151m\u0171v\u00e9szek Sz\u00f6vets\u00e9g\u00e9nek tagja, 42 egy\u00e9ni t\u00e1rlata volt \u00e9s 55 ki\u00e1ll\u00edt\u00e1son vett r\u00e9szt. Munk\u00e1i egy\u00e9ni gy\u0171jtem\u00e9nyekben Eur\u00f3pa minden orsz\u00e1g\u00e1ban, Izraelben, D\u00e9l-Afrik\u00e1ban \u00e9s az A E \u00c1.-ban is megtal\u00e1lhat\u00f3k. D\u00edja: Maros megyei ki\u00e1ll\u00edt\u00e1sokon (1978 \u00e9s 1984. I. d\u00edj); megyek\u00f6zi ki\u00e1ll\u00edt\u00e1son II. d\u00edj (1980); Mo.-on P\u00fcsp\u00f6klad\u00e1nyban a nemzetk\u00f6zi alkot\u00f3 t\u00e1borban k\u00fcl\u00f6nd\u00edjat nyert (1985.). R\u00e9szt vett az alkot\u00f3t\u00e1borokban is: P\u00fcsp\u00f6klad\u00e1ny (Mo., 1985), Szov\u00e1ta (1978, \u201390, \u201392), Segesv\u00e1r (1989), Nagyenyed (1996, \u201397), Madaras (2002, 2003). A K M M Sz. \u00e1ltal Mv.-en az Unirea Teremben szervezett \u00f6sszes kollekt\u00edv \u00e9s csoportos ki\u00e1ll\u00edt\u00e1s\u00e1n jelen volt. Marosludas (1981, 1986, 1990); Szov\u00e1ta (1981); Mv. (1981, 1984, 1986); Kv. (2003). \u2013 <strong>F. m.:<\/strong> T\u00edzparancsolat (Hollandia, 199.); Engedj\u00e9tek hozz\u00e1m a gyermekeket (Ia\u015fi, 1995). <br \/><strong>Irod.:<\/strong> AAPM; J\u00e1ray Fekete Katalin: Hivat\u00e1sa: a Mez\u0151s\u00e9g \u00e1br\u00e1zol\u00e1sa (N\u00fa., 2003. j\u00fal. 22.); KKACs; Opri\u015f 2018; RMKK<\/br><\/p>\n","protected":false},"excerpt":{"rendered":"<p>Istv\u00e1nh\u00e1za, 1928. aug. 16., \u2020 ?: tan\u00e1r, amat\u0151r fest\u0151m\u0171v\u00e9sz. \u2013 Tan\u00edt\u00f3i oklevel\u00e9t Nagyenyeden szerzte (1949); a kv.-i Ped F\u0151iskol\u00e1n rom\u00e1n szakos tan\u00e1ri oklevelet nyert (1964). Tan\u00edtott Marosludason \u00e1ltal\u00e1nos iskol\u00e1ban, majd a l\u00edc.-ban (1949\u201483). Az Amat\u00f6r K\u00e9pz\u0151m\u0171v\u00e9szek Sz\u00f6vets\u00e9g\u00e9nek tagja, 42 egy\u00e9ni t\u00e1rlata volt \u00e9s 55 ki\u00e1ll\u00edt\u00e1son vett r\u00e9szt. Munk\u00e1i egy\u00e9ni gy\u0171jtem\u00e9nyekben Eur\u00f3pa minden orsz\u00e1g\u00e1ban, Izraelben, D\u00e9l-Afrik\u00e1ban [&hellip;]<\/p>\n","protected":false},"featured_media":0,"comment_status":"open","ping_status":"closed","template":"","meta":[],"product_brand":[],"product_cat":[137],"product_tag":[],"class_list":{"0":"post-12115","1":"product","2":"type-product","3":"status-publish","5":"product_cat-maros-megyei-eletrajzi-lexikon","7":"first","8":"instock","9":"shipping-taxable","10":"product-type-simple"},"_links":{"self":[{"href":"https:\/\/uj.adatbank.ro\/lexikon\/wp-json\/wp\/v2\/product\/12115","targetHints":{"allow":["GET"]}}],"collection":[{"href":"https:\/\/uj.adatbank.ro\/lexikon\/wp-json\/wp\/v2\/product"}],"about":[{"href":"https:\/\/uj.adatbank.ro\/lexikon\/wp-json\/wp\/v2\/types\/product"}],"replies":[{"embeddable":true,"href":"https:\/\/uj.adatbank.ro\/lexikon\/wp-json\/wp\/v2\/comments?post=12115"}],"wp:attachment":[{"href":"https:\/\/uj.adatbank.ro\/lexikon\/wp-json\/wp\/v2\/media?parent=12115"}],"wp:term":[{"taxonomy":"product_brand","embeddable":true,"href":"https:\/\/uj.adatbank.ro\/lexikon\/wp-json\/wp\/v2\/product_brand?post=12115"},{"taxonomy":"product_cat","embeddable":true,"href":"https:\/\/uj.adatbank.ro\/lexikon\/wp-json\/wp\/v2\/product_cat?post=12115"},{"taxonomy":"product_tag","embeddable":true,"href":"https:\/\/uj.adatbank.ro\/lexikon\/wp-json\/wp\/v2\/product_tag?post=12115"}],"curies":[{"name":"wp","href":"https:\/\/api.w.org\/{rel}","templated":true}]}}