{"id":12117,"date":"2025-06-29T14:16:02","date_gmt":"2025-06-29T12:16:02","guid":{"rendered":"https:\/\/uj.adatbank.ro\/lexikon\/termek\/kiss-ilona-balogh-ilon\/"},"modified":"2025-06-29T14:16:02","modified_gmt":"2025-06-29T12:16:02","slug":"kiss-ilona-balogh-ilon","status":"publish","type":"product","link":"https:\/\/uj.adatbank.ro\/lexikon\/termek\/kiss-ilona-balogh-ilon\/","title":{"rendered":"KISS Ilona, Balogh Ilon."},"content":{"rendered":"<p>Marosszentgy\u00f6rgy, 1923. jan. 23., \u2020 ?: mat. -fiz. tan\u00e1r. \u2013 A k\u00f6z\u00e9piskol\u00e1t Mv.-en (1938), az \u00c1llami Tan\u00edt\u00f3k\u00e9pz\u0151t Kv.-on v\u00e9gezte (1944) ; a BTE levelez\u0151 szak\u00e1n mat. -fiz. szakos tan\u00e1ri oklevelet szerzett (1953). Tan\u00edtott Mv.-en a Rom. Kat. Le\u00e1nyiskol\u00e1ban (1944\u201348), Jobb\u00e1gyfalv\u00e1n (1948\u201351), Cs\u00edkfalv\u00e1n (1951\u201355), Marosszentgy\u00f6rgy\u00f6n (1955\u201378). <br \/><strong>Irod.:<\/strong> KKACs<\/br><\/p>\n","protected":false},"excerpt":{"rendered":"<p>Marosszentgy\u00f6rgy, 1923. jan. 23., \u2020 ?: mat. -fiz. tan\u00e1r. \u2013 A k\u00f6z\u00e9piskol\u00e1t Mv.-en (1938), az \u00c1llami Tan\u00edt\u00f3k\u00e9pz\u0151t Kv.-on v\u00e9gezte (1944) ; a BTE levelez\u0151 szak\u00e1n mat. -fiz. szakos tan\u00e1ri oklevelet szerzett (1953). Tan\u00edtott Mv.-en a Rom. Kat. Le\u00e1nyiskol\u00e1ban (1944\u201348), Jobb\u00e1gyfalv\u00e1n (1948\u201351), Cs\u00edkfalv\u00e1n (1951\u201355), Marosszentgy\u00f6rgy\u00f6n (1955\u201378). Irod.: KKACs<\/p>\n","protected":false},"featured_media":0,"comment_status":"open","ping_status":"closed","template":"","meta":[],"product_brand":[],"product_cat":[137],"product_tag":[],"class_list":{"0":"post-12117","1":"product","2":"type-product","3":"status-publish","5":"product_cat-maros-megyei-eletrajzi-lexikon","7":"first","8":"instock","9":"shipping-taxable","10":"product-type-simple"},"_links":{"self":[{"href":"https:\/\/uj.adatbank.ro\/lexikon\/wp-json\/wp\/v2\/product\/12117","targetHints":{"allow":["GET"]}}],"collection":[{"href":"https:\/\/uj.adatbank.ro\/lexikon\/wp-json\/wp\/v2\/product"}],"about":[{"href":"https:\/\/uj.adatbank.ro\/lexikon\/wp-json\/wp\/v2\/types\/product"}],"replies":[{"embeddable":true,"href":"https:\/\/uj.adatbank.ro\/lexikon\/wp-json\/wp\/v2\/comments?post=12117"}],"wp:attachment":[{"href":"https:\/\/uj.adatbank.ro\/lexikon\/wp-json\/wp\/v2\/media?parent=12117"}],"wp:term":[{"taxonomy":"product_brand","embeddable":true,"href":"https:\/\/uj.adatbank.ro\/lexikon\/wp-json\/wp\/v2\/product_brand?post=12117"},{"taxonomy":"product_cat","embeddable":true,"href":"https:\/\/uj.adatbank.ro\/lexikon\/wp-json\/wp\/v2\/product_cat?post=12117"},{"taxonomy":"product_tag","embeddable":true,"href":"https:\/\/uj.adatbank.ro\/lexikon\/wp-json\/wp\/v2\/product_tag?post=12117"}],"curies":[{"name":"wp","href":"https:\/\/api.w.org\/{rel}","templated":true}]}}