{"id":12120,"date":"2025-06-29T14:16:07","date_gmt":"2025-06-29T12:16:07","guid":{"rendered":"https:\/\/uj.adatbank.ro\/lexikon\/termek\/kiss-iren\/"},"modified":"2025-06-29T14:16:07","modified_gmt":"2025-06-29T12:16:07","slug":"kiss-iren","status":"publish","type":"product","link":"https:\/\/uj.adatbank.ro\/lexikon\/termek\/kiss-iren\/","title":{"rendered":"KISS Ir\u00e9n"},"content":{"rendered":"<p>Sz\u00e9kelyszenterzs\u00e9bet (Har.), 1923. nov. 28., \u2020 ?: tan\u00e1r, n\u00e9pm\u0171vel\u0151. \u2013 A kv.-i BBTE magyar ny. \u00e9s irodalom szak\u00e1n v\u00e9gzett (196). Tan\u00edt\u00f3 Feh\u00e9regyh\u00e1z\u00e1n (1942\u201347), Sz\u00e9kelykereszt\u00faron (1947\u201348), Sz\u00e9kelyszenterzs\u00e9beten (1948\u201357); Segesv\u00e1ron a Liceumban magyar tan\u00e1r (1957\u2013). <br \/><strong>Irod.:<\/strong> RMKK<\/br><\/p>\n","protected":false},"excerpt":{"rendered":"<p>Sz\u00e9kelyszenterzs\u00e9bet (Har.), 1923. nov. 28., \u2020 ?: tan\u00e1r, n\u00e9pm\u0171vel\u0151. \u2013 A kv.-i BBTE magyar ny. \u00e9s irodalom szak\u00e1n v\u00e9gzett (196). Tan\u00edt\u00f3 Feh\u00e9regyh\u00e1z\u00e1n (1942\u201347), Sz\u00e9kelykereszt\u00faron (1947\u201348), Sz\u00e9kelyszenterzs\u00e9beten (1948\u201357); Segesv\u00e1ron a Liceumban magyar tan\u00e1r (1957\u2013). Irod.: RMKK<\/p>\n","protected":false},"featured_media":0,"comment_status":"open","ping_status":"closed","template":"","meta":[],"product_brand":[],"product_cat":[137],"product_tag":[],"class_list":{"0":"post-12120","1":"product","2":"type-product","3":"status-publish","5":"product_cat-maros-megyei-eletrajzi-lexikon","7":"first","8":"instock","9":"shipping-taxable","10":"product-type-simple"},"_links":{"self":[{"href":"https:\/\/uj.adatbank.ro\/lexikon\/wp-json\/wp\/v2\/product\/12120","targetHints":{"allow":["GET"]}}],"collection":[{"href":"https:\/\/uj.adatbank.ro\/lexikon\/wp-json\/wp\/v2\/product"}],"about":[{"href":"https:\/\/uj.adatbank.ro\/lexikon\/wp-json\/wp\/v2\/types\/product"}],"replies":[{"embeddable":true,"href":"https:\/\/uj.adatbank.ro\/lexikon\/wp-json\/wp\/v2\/comments?post=12120"}],"wp:attachment":[{"href":"https:\/\/uj.adatbank.ro\/lexikon\/wp-json\/wp\/v2\/media?parent=12120"}],"wp:term":[{"taxonomy":"product_brand","embeddable":true,"href":"https:\/\/uj.adatbank.ro\/lexikon\/wp-json\/wp\/v2\/product_brand?post=12120"},{"taxonomy":"product_cat","embeddable":true,"href":"https:\/\/uj.adatbank.ro\/lexikon\/wp-json\/wp\/v2\/product_cat?post=12120"},{"taxonomy":"product_tag","embeddable":true,"href":"https:\/\/uj.adatbank.ro\/lexikon\/wp-json\/wp\/v2\/product_tag?post=12120"}],"curies":[{"name":"wp","href":"https:\/\/api.w.org\/{rel}","templated":true}]}}