{"id":12124,"date":"2025-06-29T14:16:17","date_gmt":"2025-06-29T12:16:17","guid":{"rendered":"https:\/\/uj.adatbank.ro\/lexikon\/termek\/kiss-istvan-4\/"},"modified":"2025-06-29T14:16:17","modified_gmt":"2025-06-29T12:16:17","slug":"kiss-istvan-4","status":"publish","type":"product","link":"https:\/\/uj.adatbank.ro\/lexikon\/termek\/kiss-istvan-4\/","title":{"rendered":"KISS Istv\u00e1n"},"content":{"rendered":"<p>? \u2020 ?: m\u0171\u00e9p\u00edt\u00e9sz, m\u0171egyetemi tan\u00e1r. \u2013 A mv.-i Sz\u00e9kelyf\u00f6ldi Iparm\u00fazeum Csarnok\u00e1t tervezte, aminek az \u00e1tad\u00e1sa is megt\u00f6rt\u00e9nt (1893. j\u00fal. 1). Tervei alapj\u00e1n \u00e9p\u00fclt a T\u00f6rv\u00e9nysz\u00e9ki Palota (1897), kivitelez\u0151je M\u00fcller J\u00e1nos sz\u00e1szr\u00e9geni pall\u00e9rmester. \u2013 <strong>F. m.:<\/strong> Sz\u00e9kelyf\u00f6ldi iparm\u0171zeum le\u00edr\u00e1sa (Bp., 1893). <br \/><strong>Irod.:<\/strong> Ga\u00e1l Korn\u00e9lia: Sz\u00e1z \u00e9ve, 1893. j\u00falius m\u00e1sodik\u00e1n avatt\u00e1k fel a Sz\u00e9kelyf\u00f6ldi Iparm\u00fazeum csarnok\u00e1t (N\u00fa., 1993. j\u00fal. 9.; 1993. j\u00fal. 23.); Kar\u00e1csony Istv\u00e1n: A Sz\u00e9kelyf\u00f6ldi Iparm\u00fazeum marosv\u00e1s\u00e1rhelyi \u00e9p\u00fclete  =  Liber discipulorum; Mv. m\u0171v. v\u00e1r.<\/br><\/p>\n","protected":false},"excerpt":{"rendered":"<p>? \u2020 ?: m\u0171\u00e9p\u00edt\u00e9sz, m\u0171egyetemi tan\u00e1r. \u2013 A mv.-i Sz\u00e9kelyf\u00f6ldi Iparm\u00fazeum Csarnok\u00e1t tervezte, aminek az \u00e1tad\u00e1sa is megt\u00f6rt\u00e9nt (1893. j\u00fal. 1). Tervei alapj\u00e1n \u00e9p\u00fclt a T\u00f6rv\u00e9nysz\u00e9ki Palota (1897), kivitelez\u0151je M\u00fcller J\u00e1nos sz\u00e1szr\u00e9geni pall\u00e9rmester. \u2013 F. m.: Sz\u00e9kelyf\u00f6ldi iparm\u0171zeum le\u00edr\u00e1sa (Bp., 1893). Irod.: Ga\u00e1l Korn\u00e9lia: Sz\u00e1z \u00e9ve, 1893. j\u00falius m\u00e1sodik\u00e1n avatt\u00e1k fel a Sz\u00e9kelyf\u00f6ldi Iparm\u00fazeum csarnok\u00e1t [&hellip;]<\/p>\n","protected":false},"featured_media":0,"comment_status":"open","ping_status":"closed","template":"","meta":[],"product_brand":[],"product_cat":[137],"product_tag":[],"class_list":{"0":"post-12124","1":"product","2":"type-product","3":"status-publish","5":"product_cat-maros-megyei-eletrajzi-lexikon","7":"first","8":"instock","9":"shipping-taxable","10":"product-type-simple"},"_links":{"self":[{"href":"https:\/\/uj.adatbank.ro\/lexikon\/wp-json\/wp\/v2\/product\/12124","targetHints":{"allow":["GET"]}}],"collection":[{"href":"https:\/\/uj.adatbank.ro\/lexikon\/wp-json\/wp\/v2\/product"}],"about":[{"href":"https:\/\/uj.adatbank.ro\/lexikon\/wp-json\/wp\/v2\/types\/product"}],"replies":[{"embeddable":true,"href":"https:\/\/uj.adatbank.ro\/lexikon\/wp-json\/wp\/v2\/comments?post=12124"}],"wp:attachment":[{"href":"https:\/\/uj.adatbank.ro\/lexikon\/wp-json\/wp\/v2\/media?parent=12124"}],"wp:term":[{"taxonomy":"product_brand","embeddable":true,"href":"https:\/\/uj.adatbank.ro\/lexikon\/wp-json\/wp\/v2\/product_brand?post=12124"},{"taxonomy":"product_cat","embeddable":true,"href":"https:\/\/uj.adatbank.ro\/lexikon\/wp-json\/wp\/v2\/product_cat?post=12124"},{"taxonomy":"product_tag","embeddable":true,"href":"https:\/\/uj.adatbank.ro\/lexikon\/wp-json\/wp\/v2\/product_tag?post=12124"}],"curies":[{"name":"wp","href":"https:\/\/api.w.org\/{rel}","templated":true}]}}