{"id":12125,"date":"2025-06-29T14:16:18","date_gmt":"2025-06-29T12:16:18","guid":{"rendered":"https:\/\/uj.adatbank.ro\/lexikon\/termek\/kiss-istvan-5\/"},"modified":"2025-06-29T14:16:18","modified_gmt":"2025-06-29T12:16:18","slug":"kiss-istvan-5","status":"publish","type":"product","link":"https:\/\/uj.adatbank.ro\/lexikon\/termek\/kiss-istvan-5\/","title":{"rendered":"KISS Istv\u00e1n"},"content":{"rendered":"<p>Vadad, 1902. szept. 2., \u2020 Vadad, 1950. j\u00fal. 21 : gazd\u00e1lkod\u00f3. \u2013 Iskol\u00e1i elv\u00e9gz\u00e9se ut\u00e1n a sz\u00fcl\u0151i h\u00e1zn\u00e1l tanulta a gazd\u00e1lkod\u00e1st, \u00f6n\u00e1ll\u00f3 40 hold f\u00f6ldj\u00e9n sz\u00fcl\u0151faluj\u00e1ban (1923\u2013). Tekint\u00e9lyes polg\u00e1ra a k\u00f6zs\u00e9g\u00e9nek. Vadadon kul\u00e1knak min\u0151s\u00fclt, ekkor 17\u201335 hekt\u00e1ros h\u00e1zt\u00e1jija volt. A mv.-i \u00e1llambiztons\u00e1g (szekuritate) kul\u00e1kellenes akci\u00f3t ind\u00edtott megf\u00e9leml\u00edt\u00e9si c\u00e9llal, hogy a kollektiviz\u00e1l\u00e1st megval\u00f3s\u00edts\u00e1k (1950. j\u00fal.). \u0150rizetbe vette L\u0151te L\u00e1szl\u00f3 Securitate hadnagy, T\u00f3th Zolt\u00e1n \u00e9s Turcu Adrian Securitate f\u0151t\u00f6rzs\u0151rmesterek (1950. j\u00fal. 20. \u00e9jjel), a falu hat\u00e1r\u00e1ban brut\u00e1lisan lel\u0151tt\u00e9k. M\u00e1snap (1950. j\u00fal. 21.), a Maros megyei \u00dcgy\u00e9szs\u00e9g beid\u00e9zte t\u00e1rgyal\u00e1sra szabot\u00e1zs v\u00e1dj\u00e1val, amelyet a gyan\u00fas\u00edtott hi\u00e1ny\u00e1ban is megtartottak, a v\u00e1dlottat egy \u00e9s f\u00e9l \u00e9vi b\u00f6rt\u00f6nre, \u00e9s teljes ingatlanvagyon\u00e1nak elkobz\u00e1s\u00e1ra \u00edt\u00e9lt\u00e9k. Vagyon\u00e1t \u00e1tj\u00e1tszott\u00e1k a megalakuland\u00f3 kollekt\u00edv gazdas\u00e1gnak, \u00f6zvegy\u00e9t kilakoltatt\u00e1k. <br \/><strong>Irod.:<\/strong> Autonom magyarok; Bak\u00f3 Zolt\u00e1n: Hatvan \u00e9ve k\u00eds\u00e9rt egy gyilkoss\u00e1g eml\u00e9ke Vadadban (V\u00e1s\u00e1rhelyi H\u00edrlap, 2010. aug. 16.; 2010. aug. 17.); Cs\u00edkfalva; L\u00e1szl\u00f3 M\u00e1rton: Kollekt\u00edv gazdas\u00e1g-ellenes akci\u00f3k Maros tartom\u00e1nyban 1950\u20131951 k\u00f6z\u00f6tt (Sz\u00e9kelyf\u00f6ld, 6. sz., 2005. j\u00fan.); P\u00e1l-Antal \u2013 Simon; Sz\u00e9kelyf\u00f6ld \u00ed. k.<\/br><\/p>\n","protected":false},"excerpt":{"rendered":"<p>Vadad, 1902. szept. 2., \u2020 Vadad, 1950. j\u00fal. 21 : gazd\u00e1lkod\u00f3. \u2013 Iskol\u00e1i elv\u00e9gz\u00e9se ut\u00e1n a sz\u00fcl\u0151i h\u00e1zn\u00e1l tanulta a gazd\u00e1lkod\u00e1st, \u00f6n\u00e1ll\u00f3 40 hold f\u00f6ldj\u00e9n sz\u00fcl\u0151faluj\u00e1ban (1923\u2013). Tekint\u00e9lyes polg\u00e1ra a k\u00f6zs\u00e9g\u00e9nek. Vadadon kul\u00e1knak min\u0151s\u00fclt, ekkor 17\u201335 hekt\u00e1ros h\u00e1zt\u00e1jija volt. A mv.-i \u00e1llambiztons\u00e1g (szekuritate) kul\u00e1kellenes akci\u00f3t ind\u00edtott megf\u00e9leml\u00edt\u00e9si c\u00e9llal, hogy a kollektiviz\u00e1l\u00e1st megval\u00f3s\u00edts\u00e1k (1950. j\u00fal.). \u0150rizetbe [&hellip;]<\/p>\n","protected":false},"featured_media":0,"comment_status":"open","ping_status":"closed","template":"","meta":[],"product_brand":[],"product_cat":[137],"product_tag":[],"class_list":{"0":"post-12125","1":"product","2":"type-product","3":"status-publish","5":"product_cat-maros-megyei-eletrajzi-lexikon","7":"first","8":"instock","9":"shipping-taxable","10":"product-type-simple"},"_links":{"self":[{"href":"https:\/\/uj.adatbank.ro\/lexikon\/wp-json\/wp\/v2\/product\/12125","targetHints":{"allow":["GET"]}}],"collection":[{"href":"https:\/\/uj.adatbank.ro\/lexikon\/wp-json\/wp\/v2\/product"}],"about":[{"href":"https:\/\/uj.adatbank.ro\/lexikon\/wp-json\/wp\/v2\/types\/product"}],"replies":[{"embeddable":true,"href":"https:\/\/uj.adatbank.ro\/lexikon\/wp-json\/wp\/v2\/comments?post=12125"}],"wp:attachment":[{"href":"https:\/\/uj.adatbank.ro\/lexikon\/wp-json\/wp\/v2\/media?parent=12125"}],"wp:term":[{"taxonomy":"product_brand","embeddable":true,"href":"https:\/\/uj.adatbank.ro\/lexikon\/wp-json\/wp\/v2\/product_brand?post=12125"},{"taxonomy":"product_cat","embeddable":true,"href":"https:\/\/uj.adatbank.ro\/lexikon\/wp-json\/wp\/v2\/product_cat?post=12125"},{"taxonomy":"product_tag","embeddable":true,"href":"https:\/\/uj.adatbank.ro\/lexikon\/wp-json\/wp\/v2\/product_tag?post=12125"}],"curies":[{"name":"wp","href":"https:\/\/api.w.org\/{rel}","templated":true}]}}