{"id":12127,"date":"2025-06-29T14:16:21","date_gmt":"2025-06-29T12:16:21","guid":{"rendered":"https:\/\/uj.adatbank.ro\/lexikon\/termek\/kiss-istvan-7\/"},"modified":"2025-06-29T14:16:21","modified_gmt":"2025-06-29T12:16:21","slug":"kiss-istvan-7","status":"publish","type":"product","link":"https:\/\/uj.adatbank.ro\/lexikon\/termek\/kiss-istvan-7\/","title":{"rendered":"KISS Istv\u00e1n"},"content":{"rendered":"<p>Szenth\u00e1roms\u00e1g, 1930. j\u00fan. 28., \u2020 Mv., 1992. febr. 18.: k\u00e9mikus, tan\u00e1r. \u2013 A mv.-i Ref. Koll. (ill. Bolyai Farkas L\u00edc., 1948\u2013) tanul\u00f3ja (1942\u201350), majd a BTE K\u00e9mia Kar\u00e1n szerzett diplom\u00e1t (1954). A mv.-i OGYI-n gyakornok (1954\u201356), tan\u00e1rseg\u00e9d (1956\u201360); a mv.-i Tan\u00e1rk\u00e9pz\u0151 F\u0151iskola adjunktusa (1960\u201377); az Unirea L\u00edc. tan\u00e1ra nyugd\u00edjaz\u00e1s\u00e1ig (1977\u201390). Kutat\u00e1si ter\u00fclete : a feh\u00e9rj\u00e9k pap\u00edrelektrofor\u00e9zises vizsg\u00e1lata. Tank\u00f6nyveket \u00edrt. A Munka\u00e9rdemrend III. fokozat\u00e1val t\u0171ntett\u00e9k ki. Cikkei : Orvosi Szemle, Orvosi Hetilap, Naturwissenschaften-ben. \u2013 <strong>F. m.:<\/strong> \u00c1ltal\u00e1nos k\u00e9mia: F\u0151iskolai jegyzet (Mv., 1968); Nemf\u00e9mek: F\u0151iskolai jegyzet (Mv., 1977); F\u00e9mek: F\u0151iskolai jegyzet (Mv., 1977). <br \/><strong>Irod.:<\/strong> KKACs; Kusz\u00e1lik; Viharban<\/br><\/p>\n","protected":false},"excerpt":{"rendered":"<p>Szenth\u00e1roms\u00e1g, 1930. j\u00fan. 28., \u2020 Mv., 1992. febr. 18.: k\u00e9mikus, tan\u00e1r. \u2013 A mv.-i Ref. Koll. (ill. Bolyai Farkas L\u00edc., 1948\u2013) tanul\u00f3ja (1942\u201350), majd a BTE K\u00e9mia Kar\u00e1n szerzett diplom\u00e1t (1954). A mv.-i OGYI-n gyakornok (1954\u201356), tan\u00e1rseg\u00e9d (1956\u201360); a mv.-i Tan\u00e1rk\u00e9pz\u0151 F\u0151iskola adjunktusa (1960\u201377); az Unirea L\u00edc. tan\u00e1ra nyugd\u00edjaz\u00e1s\u00e1ig (1977\u201390). Kutat\u00e1si ter\u00fclete : a feh\u00e9rj\u00e9k [&hellip;]<\/p>\n","protected":false},"featured_media":0,"comment_status":"open","ping_status":"closed","template":"","meta":[],"product_brand":[],"product_cat":[137],"product_tag":[],"class_list":{"0":"post-12127","1":"product","2":"type-product","3":"status-publish","5":"product_cat-maros-megyei-eletrajzi-lexikon","7":"first","8":"instock","9":"shipping-taxable","10":"product-type-simple"},"_links":{"self":[{"href":"https:\/\/uj.adatbank.ro\/lexikon\/wp-json\/wp\/v2\/product\/12127","targetHints":{"allow":["GET"]}}],"collection":[{"href":"https:\/\/uj.adatbank.ro\/lexikon\/wp-json\/wp\/v2\/product"}],"about":[{"href":"https:\/\/uj.adatbank.ro\/lexikon\/wp-json\/wp\/v2\/types\/product"}],"replies":[{"embeddable":true,"href":"https:\/\/uj.adatbank.ro\/lexikon\/wp-json\/wp\/v2\/comments?post=12127"}],"wp:attachment":[{"href":"https:\/\/uj.adatbank.ro\/lexikon\/wp-json\/wp\/v2\/media?parent=12127"}],"wp:term":[{"taxonomy":"product_brand","embeddable":true,"href":"https:\/\/uj.adatbank.ro\/lexikon\/wp-json\/wp\/v2\/product_brand?post=12127"},{"taxonomy":"product_cat","embeddable":true,"href":"https:\/\/uj.adatbank.ro\/lexikon\/wp-json\/wp\/v2\/product_cat?post=12127"},{"taxonomy":"product_tag","embeddable":true,"href":"https:\/\/uj.adatbank.ro\/lexikon\/wp-json\/wp\/v2\/product_tag?post=12127"}],"curies":[{"name":"wp","href":"https:\/\/api.w.org\/{rel}","templated":true}]}}