{"id":12129,"date":"2025-06-29T14:16:26","date_gmt":"2025-06-29T12:16:26","guid":{"rendered":"https:\/\/uj.adatbank.ro\/lexikon\/termek\/kiss-istvan-%c2%a7-bill\/"},"modified":"2025-06-29T14:16:26","modified_gmt":"2025-06-29T12:16:26","slug":"kiss-istvan-%c2%a7-bill","status":"publish","type":"product","link":"https:\/\/uj.adatbank.ro\/lexikon\/termek\/kiss-istvan-%c2%a7-bill\/","title":{"rendered":"KISS Istv\u00e1n, \u00a7 Bill"},"content":{"rendered":"<p>1949., \u2020 Mv., 2009. \u00e1pr. 24.: testnevel\u0151 tan\u00e1r. \u2013 Mv.-en a Bolyai Farkas K\u00f6z\u00e9piskola sportoszt\u00e1ly\u00e1ban \u00e9retts\u00e9gizett (1967), tagja volt az iskol\u00e1sok orsz\u00e1gos kos\u00e1rlabda bajnokcsapat\u00e1nak (1965). Testnevel\u0151 tan\u00e1rk\u00e9nt m\u0171k\u0151d\u00f6tt. Az I. lig\u00e1s teremlabdar\u00fag\u00f3 \u00e9s n\u0151i labdar\u00fag\u00f3csapatokat m\u0171k\u0151dtet\u0151 City\u2019us klub alap\u00edt\u00f3ja. Sportszervez\u0151k\u00e9nt nev\u00e9hez f\u0171z\u0151dnek a v\u00e1rosban \u00e9s k\u00f6rny\u00e9k\u00e9n lebonyol\u00edtott motorsportversenyek, a minifocibajnoks\u00e1gok \u00e9s a Mv.-i Napok sportrendezv\u00e9nyei. \u00c9lete utols\u00f3 \u00e9veit az \u00e1ltala alap\u00edtott City\u2019us klubnak szentelte. A klub teremlabdar\u00fag\u00f3i Rom\u00e1nia-kup\u00e1t, a bajnoks\u00e1gban pedig bronz\u00e9rmet nyertek (2008). A v\u00e1ros els\u0151 n\u0151i labdar\u00fag\u00f3csapata n\u00e9h\u00e1ny \u00e9v alatt az orsz\u00e1g negyedik legjobb egy\u00fcttes\u00e9v\u00e9 n\u0151tte ki mag\u00e1t, \u00e9s t\u00f6bb j\u00e1t\u00e9kosa ker\u00fclt Rom\u00e1nia v\u00e1logatottj\u00e1ba. <br \/><strong>Irod.:<\/strong> [Nekrol\u00f3g] (N\u00fa., 2009 \u00e1pr. 27.; V\u00e1s\u00e1rhelyi H\u00edrlap, 2009 \u00e1pr. 27.)<\/br><\/p>\n","protected":false},"excerpt":{"rendered":"<p>1949., \u2020 Mv., 2009. \u00e1pr. 24.: testnevel\u0151 tan\u00e1r. \u2013 Mv.-en a Bolyai Farkas K\u00f6z\u00e9piskola sportoszt\u00e1ly\u00e1ban \u00e9retts\u00e9gizett (1967), tagja volt az iskol\u00e1sok orsz\u00e1gos kos\u00e1rlabda bajnokcsapat\u00e1nak (1965). Testnevel\u0151 tan\u00e1rk\u00e9nt m\u0171k\u0151d\u00f6tt. Az I. lig\u00e1s teremlabdar\u00fag\u00f3 \u00e9s n\u0151i labdar\u00fag\u00f3csapatokat m\u0171k\u0151dtet\u0151 City\u2019us klub alap\u00edt\u00f3ja. Sportszervez\u0151k\u00e9nt nev\u00e9hez f\u0171z\u0151dnek a v\u00e1rosban \u00e9s k\u00f6rny\u00e9k\u00e9n lebonyol\u00edtott motorsportversenyek, a minifocibajnoks\u00e1gok \u00e9s a Mv.-i Napok sportrendezv\u00e9nyei. [&hellip;]<\/p>\n","protected":false},"featured_media":0,"comment_status":"open","ping_status":"closed","template":"","meta":[],"product_brand":[],"product_cat":[137],"product_tag":[],"class_list":{"0":"post-12129","1":"product","2":"type-product","3":"status-publish","5":"product_cat-maros-megyei-eletrajzi-lexikon","7":"first","8":"instock","9":"shipping-taxable","10":"product-type-simple"},"_links":{"self":[{"href":"https:\/\/uj.adatbank.ro\/lexikon\/wp-json\/wp\/v2\/product\/12129","targetHints":{"allow":["GET"]}}],"collection":[{"href":"https:\/\/uj.adatbank.ro\/lexikon\/wp-json\/wp\/v2\/product"}],"about":[{"href":"https:\/\/uj.adatbank.ro\/lexikon\/wp-json\/wp\/v2\/types\/product"}],"replies":[{"embeddable":true,"href":"https:\/\/uj.adatbank.ro\/lexikon\/wp-json\/wp\/v2\/comments?post=12129"}],"wp:attachment":[{"href":"https:\/\/uj.adatbank.ro\/lexikon\/wp-json\/wp\/v2\/media?parent=12129"}],"wp:term":[{"taxonomy":"product_brand","embeddable":true,"href":"https:\/\/uj.adatbank.ro\/lexikon\/wp-json\/wp\/v2\/product_brand?post=12129"},{"taxonomy":"product_cat","embeddable":true,"href":"https:\/\/uj.adatbank.ro\/lexikon\/wp-json\/wp\/v2\/product_cat?post=12129"},{"taxonomy":"product_tag","embeddable":true,"href":"https:\/\/uj.adatbank.ro\/lexikon\/wp-json\/wp\/v2\/product_tag?post=12129"}],"curies":[{"name":"wp","href":"https:\/\/api.w.org\/{rel}","templated":true}]}}