{"id":12132,"date":"2025-06-29T14:16:32","date_gmt":"2025-06-29T12:16:32","guid":{"rendered":"https:\/\/uj.adatbank.ro\/lexikon\/termek\/kiss-janos-2\/"},"modified":"2025-06-29T14:16:32","modified_gmt":"2025-06-29T12:16:32","slug":"kiss-janos-2","status":"publish","type":"product","link":"https:\/\/uj.adatbank.ro\/lexikon\/termek\/kiss-janos-2\/","title":{"rendered":"KISS J\u00e1nos"},"content":{"rendered":"<p>? \u2020 ? : kir. tan\u00e1csos. \u2013 <strong>F. m.:<\/strong> el\u0151sz\u00f3: Gyakorlati \u00fatmutat\u00f3 az 1913. jan. 1. \u2013\u00e9n \u00e9letbel\u00e9p\u0151 \u00faj \u00c1ltal\u00e1nos kereseti ad\u00f3 \u00e9s J\u00f6vedelem ad\u00f3 \u2013hoz (Mv., 1912). <br \/><strong>Irod.:<\/strong> F\u00fcl\u00f6p\u2013Ferencz<\/br><\/p>\n","protected":false},"excerpt":{"rendered":"<p>? \u2020 ? : kir. tan\u00e1csos. \u2013 F. m.: el\u0151sz\u00f3: Gyakorlati \u00fatmutat\u00f3 az 1913. jan. 1. \u2013\u00e9n \u00e9letbel\u00e9p\u0151 \u00faj \u00c1ltal\u00e1nos kereseti ad\u00f3 \u00e9s J\u00f6vedelem ad\u00f3 \u2013hoz (Mv., 1912). Irod.: F\u00fcl\u00f6p\u2013Ferencz<\/p>\n","protected":false},"featured_media":0,"comment_status":"open","ping_status":"closed","template":"","meta":[],"product_brand":[],"product_cat":[137],"product_tag":[],"class_list":{"0":"post-12132","1":"product","2":"type-product","3":"status-publish","5":"product_cat-maros-megyei-eletrajzi-lexikon","7":"first","8":"instock","9":"shipping-taxable","10":"product-type-simple"},"_links":{"self":[{"href":"https:\/\/uj.adatbank.ro\/lexikon\/wp-json\/wp\/v2\/product\/12132","targetHints":{"allow":["GET"]}}],"collection":[{"href":"https:\/\/uj.adatbank.ro\/lexikon\/wp-json\/wp\/v2\/product"}],"about":[{"href":"https:\/\/uj.adatbank.ro\/lexikon\/wp-json\/wp\/v2\/types\/product"}],"replies":[{"embeddable":true,"href":"https:\/\/uj.adatbank.ro\/lexikon\/wp-json\/wp\/v2\/comments?post=12132"}],"wp:attachment":[{"href":"https:\/\/uj.adatbank.ro\/lexikon\/wp-json\/wp\/v2\/media?parent=12132"}],"wp:term":[{"taxonomy":"product_brand","embeddable":true,"href":"https:\/\/uj.adatbank.ro\/lexikon\/wp-json\/wp\/v2\/product_brand?post=12132"},{"taxonomy":"product_cat","embeddable":true,"href":"https:\/\/uj.adatbank.ro\/lexikon\/wp-json\/wp\/v2\/product_cat?post=12132"},{"taxonomy":"product_tag","embeddable":true,"href":"https:\/\/uj.adatbank.ro\/lexikon\/wp-json\/wp\/v2\/product_tag?post=12132"}],"curies":[{"name":"wp","href":"https:\/\/api.w.org\/{rel}","templated":true}]}}