{"id":12135,"date":"2025-06-29T14:16:38","date_gmt":"2025-06-29T12:16:38","guid":{"rendered":"https:\/\/uj.adatbank.ro\/lexikon\/termek\/kiss-janos-5\/"},"modified":"2025-06-29T14:16:38","modified_gmt":"2025-06-29T12:16:38","slug":"kiss-janos-5","status":"publish","type":"product","link":"https:\/\/uj.adatbank.ro\/lexikon\/termek\/kiss-janos-5\/","title":{"rendered":"KISS J\u00e1nos"},"content":{"rendered":"<p>1903., \u2020 1974.: ref. lelk\u00e9sz. \u2013 Esperesi seg\u00e9dlelk\u00e9sz Rettegen (1923), Magyard\u00e9cse gy\u00fclekezet\u00e9ben m\u0171k\u00f6d\u00f6tt (1926\u20131973). A szekt\u00e1k ellen v\u00e9dekezve jelent meg \u00edr\u00e1sa: Tartsd meg ami n\u00e1lad van. <br \/><strong>Irod.:<\/strong> Cs\u00e1ky<\/br><\/p>\n","protected":false},"excerpt":{"rendered":"<p>1903., \u2020 1974.: ref. lelk\u00e9sz. \u2013 Esperesi seg\u00e9dlelk\u00e9sz Rettegen (1923), Magyard\u00e9cse gy\u00fclekezet\u00e9ben m\u0171k\u00f6d\u00f6tt (1926\u20131973). A szekt\u00e1k ellen v\u00e9dekezve jelent meg \u00edr\u00e1sa: Tartsd meg ami n\u00e1lad van. Irod.: Cs\u00e1ky<\/p>\n","protected":false},"featured_media":0,"comment_status":"open","ping_status":"closed","template":"","meta":[],"product_brand":[],"product_cat":[137],"product_tag":[],"class_list":{"0":"post-12135","1":"product","2":"type-product","3":"status-publish","5":"product_cat-maros-megyei-eletrajzi-lexikon","7":"first","8":"instock","9":"shipping-taxable","10":"product-type-simple"},"_links":{"self":[{"href":"https:\/\/uj.adatbank.ro\/lexikon\/wp-json\/wp\/v2\/product\/12135","targetHints":{"allow":["GET"]}}],"collection":[{"href":"https:\/\/uj.adatbank.ro\/lexikon\/wp-json\/wp\/v2\/product"}],"about":[{"href":"https:\/\/uj.adatbank.ro\/lexikon\/wp-json\/wp\/v2\/types\/product"}],"replies":[{"embeddable":true,"href":"https:\/\/uj.adatbank.ro\/lexikon\/wp-json\/wp\/v2\/comments?post=12135"}],"wp:attachment":[{"href":"https:\/\/uj.adatbank.ro\/lexikon\/wp-json\/wp\/v2\/media?parent=12135"}],"wp:term":[{"taxonomy":"product_brand","embeddable":true,"href":"https:\/\/uj.adatbank.ro\/lexikon\/wp-json\/wp\/v2\/product_brand?post=12135"},{"taxonomy":"product_cat","embeddable":true,"href":"https:\/\/uj.adatbank.ro\/lexikon\/wp-json\/wp\/v2\/product_cat?post=12135"},{"taxonomy":"product_tag","embeddable":true,"href":"https:\/\/uj.adatbank.ro\/lexikon\/wp-json\/wp\/v2\/product_tag?post=12135"}],"curies":[{"name":"wp","href":"https:\/\/api.w.org\/{rel}","templated":true}]}}