{"id":12136,"date":"2025-06-29T14:16:40","date_gmt":"2025-06-29T12:16:40","guid":{"rendered":"https:\/\/uj.adatbank.ro\/lexikon\/termek\/kiss-janos-%c2%a7-vitez-1922-tol\/"},"modified":"2025-06-29T14:16:40","modified_gmt":"2025-06-29T12:16:40","slug":"kiss-janos-%c2%a7-vitez-1922-tol","status":"publish","type":"product","link":"https:\/\/uj.adatbank.ro\/lexikon\/termek\/kiss-janos-%c2%a7-vitez-1922-tol\/","title":{"rendered":"KISS J\u00e1nos, \u00a7 vit\u00e9z (1922-t\u0151l)"},"content":{"rendered":"<p>Erd\u0151szentgy\u00f6rgy, 1883. m\u00e1rc. 24., \u2020 Bp., 1944. dec. 8.: katonatiszt. \u2013 K. J\u00e1nos \u00e9s Kar\u00e1csony R\u00f3za fia. \u2013 A cs. \u00e9s kir. katonai alre\u00e1liskol\u00e1ban Kass\u00e1n (1894\u20131898), cs. kir. hadapr\u00f3diskol\u00e1ban Nagyszebenben tanult (1898\u20131902). Hadapr\u00f3d tiszthelyettes (1902. aug. 18.), hadnagy (1903. nov. 1.), f\u0151hadnagy (1910. m\u00e1j. 1.), sz\u00e1zados (1915. jan. 1.), \u0151rnagy (?), alezredes (1921. szept. 1.), ezredes (1927. nov. 1.), t\u00e1bornok (1936. m\u00e1j. 1.), alt\u00e1bornay (1938. nov. 1.). Nagyszebenben v\u00e9gezte a hadapr\u00f3diskol\u00e1t (1902); az I. vil\u00e1gh\u00e1bor\u00fa ut\u00e1n a k\u0151szegi katonai alre\u00e1liskola tan\u00e1ra, majd egy ker\u00e9kp\u00e1ros dand\u00e1r parancsnoka, v\u00e9g\u00fcl a honv\u00e9ds\u00e9g gyalogs\u00e1gi szeml\u00e9l\u0151je. Hadnagy (1903), f\u0151hadnagy (1910), sz\u00e1zados (1915), alezredes (1921), ezredes (1927), t\u00e1bornok (1936), alt\u00e1bornagy (1938), vez\u00e9rezredes (posz\u00adtumusz, 1945). A hadvezet\u00e9s n\u00e9met orient\u00e1ci\u00f3ja elleni tiltakoz\u00e1sk\u00e9nt nyugd\u00edjba vonult (1939); K\u0151szegen \u00e9lt visszavonultan. Bajcsy Zsilinszky bar\u00e1ti k\u00f6r\u00e9hez tartozott; Bajcsy-Zsilinszky Endre felk\u00e9\u00adr\u00e9s\u00e9re elv\u00e1llalta a M. Nemzeti Felkel\u00e9s Fel\u00adszabad\u00edt\u00f3 Bizotts\u00e1ga Katonai Vez\u00e9rkar\u00e1nak vezet\u00e9s\u00e9t, K\u0151szegr\u0151l Bp. -re utazott, s kidol\u00adgozta a bp.-i felkel\u00e9s katonai terv\u00e9t, tagja az \u00fajvid\u00e9ki v\u00e9rengz\u00e9s b\u0171n\u00f6sei \u00fcgy\u00e9nek t\u00e1rgyal\u00e1s\u00e1ra kirendelt hadb\u00edr\u00f3s\u00e1gnak (1943. dec.); \u00e1tvette az ellen\u00e1ll\u00e1si mozgalom katonai szervezet\u00e9nek ir\u00e1ny\u00edt\u00e1s\u00e1t (1944. nov.), emiatt a nyilas nyomoz\u00f3 szervek letart\u00f3ztatt\u00e1k (1944. nov. 24.), megk\u00ed\u00adnozt\u00e1k, a stat\u00e1ri\u00e1lis b\u00edr\u00f3s\u00e1g k\u00f6t\u00e9l \u00e1ltali hal\u00e1lra \u00edt\u00e9lte (1944. dec. 7.); kiv\u00e9gezt\u00e9k. Posztumusz vez\u00e9rezredess\u00e9 l\u00e9ptett\u00e9k el\u0151 (1945). Ma Bp.-en, a XII. ker\u00fcletben utcan\u00e9v \u0151rzi az eml\u00e9k\u00e9t. <br \/><strong>Irod.:<\/strong> Czirj\u00e1k; Encyc. Hung.; KKMT; M\u00c9L ; MNL; R\u00daL; Sepsisz\u00e9ki; Szak\u00e1ly S\u00e1ndor; \u00daM\u00c9L<\/br><\/p>\n","protected":false},"excerpt":{"rendered":"<p>Erd\u0151szentgy\u00f6rgy, 1883. m\u00e1rc. 24., \u2020 Bp., 1944. dec. 8.: katonatiszt. \u2013 K. J\u00e1nos \u00e9s Kar\u00e1csony R\u00f3za fia. \u2013 A cs. \u00e9s kir. katonai alre\u00e1liskol\u00e1ban Kass\u00e1n (1894\u20131898), cs. kir. hadapr\u00f3diskol\u00e1ban Nagyszebenben tanult (1898\u20131902). Hadapr\u00f3d tiszthelyettes (1902. aug. 18.), hadnagy (1903. nov. 1.), f\u0151hadnagy (1910. m\u00e1j. 1.), sz\u00e1zados (1915. jan. 1.), \u0151rnagy (?), alezredes (1921. szept. 1.), [&hellip;]<\/p>\n","protected":false},"featured_media":0,"comment_status":"open","ping_status":"closed","template":"","meta":[],"product_brand":[],"product_cat":[137],"product_tag":[],"class_list":{"0":"post-12136","1":"product","2":"type-product","3":"status-publish","5":"product_cat-maros-megyei-eletrajzi-lexikon","7":"first","8":"instock","9":"shipping-taxable","10":"product-type-simple"},"_links":{"self":[{"href":"https:\/\/uj.adatbank.ro\/lexikon\/wp-json\/wp\/v2\/product\/12136","targetHints":{"allow":["GET"]}}],"collection":[{"href":"https:\/\/uj.adatbank.ro\/lexikon\/wp-json\/wp\/v2\/product"}],"about":[{"href":"https:\/\/uj.adatbank.ro\/lexikon\/wp-json\/wp\/v2\/types\/product"}],"replies":[{"embeddable":true,"href":"https:\/\/uj.adatbank.ro\/lexikon\/wp-json\/wp\/v2\/comments?post=12136"}],"wp:attachment":[{"href":"https:\/\/uj.adatbank.ro\/lexikon\/wp-json\/wp\/v2\/media?parent=12136"}],"wp:term":[{"taxonomy":"product_brand","embeddable":true,"href":"https:\/\/uj.adatbank.ro\/lexikon\/wp-json\/wp\/v2\/product_brand?post=12136"},{"taxonomy":"product_cat","embeddable":true,"href":"https:\/\/uj.adatbank.ro\/lexikon\/wp-json\/wp\/v2\/product_cat?post=12136"},{"taxonomy":"product_tag","embeddable":true,"href":"https:\/\/uj.adatbank.ro\/lexikon\/wp-json\/wp\/v2\/product_tag?post=12136"}],"curies":[{"name":"wp","href":"https:\/\/api.w.org\/{rel}","templated":true}]}}