{"id":12140,"date":"2025-06-29T14:16:47","date_gmt":"2025-06-29T12:16:47","guid":{"rendered":"https:\/\/uj.adatbank.ro\/lexikon\/termek\/kiss-jeno-3\/"},"modified":"2025-06-29T14:16:47","modified_gmt":"2025-06-29T12:16:47","slug":"kiss-jeno-3","status":"publish","type":"product","link":"https:\/\/uj.adatbank.ro\/lexikon\/termek\/kiss-jeno-3\/","title":{"rendered":"KISS Jen\u0151"},"content":{"rendered":"<p>Rigm\u00e1ny, 1905., \u2020 Mv., 1997. szept. 19.: ref. lp. \u2013 Feles\u00e9ge: Kov\u00e1cs Ir\u00e9n (1907\u20131997). \u2013 Helyettes lelk\u00e9sz Szil\u00e1gyszegen (1932\u2013). M\u00e1j\u00e1ban volt lelk\u00e9sz (1934\u201349). Hivat\u00e1s\u00e1t becs\u00fclettel teljes\u00edtette az egyh\u00e1zban is \u00e9s a nevel\u0151 munk\u00e1ban is. Az \u0151 idej\u00e9ben ifj\u00fas\u00e1gi egyes\u00fclet, n\u0151sz\u00f6vets\u00e9g m\u0171k\u0151d\u00f6tt a faluban, vall\u00e1sos \u00fcnnepeket, tead\u00e9lut\u00e1nokat, sz\u00edniel\u0151ad\u00e1sokat, t\u00e1ncmulats\u00e1gokat szerveztek a gyermekek \u00e9s feln\u0151ttek sz\u00e1m\u00e1ra. A rendezv\u00e9nyek bev\u00e9tel\u00e9t hasznos dolgokra ford\u00edtott\u00e1k, de nagyobb volt az erk\u00f6lcsi nyeres\u00e9g, a falu szil\u00e1rd \u00f6sszefog\u00e1sa, a kult\u00fara ir\u00e1nti \u00e9rdekl\u0151d\u00e9s felkelt\u00e9se. Ebben az id\u0151ben \u00fajb\u00f3l kezdett visszat\u00e9rni az emberekben a \u201ehit \u00e9s a rem\u00e9ny\u201d, amire a h\u00e1bor\u00fas viszonyok k\u00f6zepette sz\u00fcks\u00e9g\u00fck is volt. Fel\u00faj\u00edtott\u00e1k a lelk\u00e9szi lak\u00e1st. Megalakult az IKE. A lelk\u00e9sz ezek ellen\u00e9re elt\u00e1vozott a falub\u00f3l. Megh\u00edvta Berekereszt\u00far \u00e9s Bere gy\u00fclekezlete h\u00edvta meg (1968-ig). <br \/><strong>Irod.:<\/strong> Cs\u00e1ky; M\u00e1ja; [Nekrol\u00f3g] (N\u00fa., 1997. szept. 20.); Ref. egyetemes n\u00e9vt\u00e1r<\/br><\/p>\n","protected":false},"excerpt":{"rendered":"<p>Rigm\u00e1ny, 1905., \u2020 Mv., 1997. szept. 19.: ref. lp. \u2013 Feles\u00e9ge: Kov\u00e1cs Ir\u00e9n (1907\u20131997). \u2013 Helyettes lelk\u00e9sz Szil\u00e1gyszegen (1932\u2013). M\u00e1j\u00e1ban volt lelk\u00e9sz (1934\u201349). Hivat\u00e1s\u00e1t becs\u00fclettel teljes\u00edtette az egyh\u00e1zban is \u00e9s a nevel\u0151 munk\u00e1ban is. Az \u0151 idej\u00e9ben ifj\u00fas\u00e1gi egyes\u00fclet, n\u0151sz\u00f6vets\u00e9g m\u0171k\u0151d\u00f6tt a faluban, vall\u00e1sos \u00fcnnepeket, tead\u00e9lut\u00e1nokat, sz\u00edniel\u0151ad\u00e1sokat, t\u00e1ncmulats\u00e1gokat szerveztek a gyermekek \u00e9s feln\u0151ttek sz\u00e1m\u00e1ra. A [&hellip;]<\/p>\n","protected":false},"featured_media":0,"comment_status":"open","ping_status":"closed","template":"","meta":[],"product_brand":[],"product_cat":[137],"product_tag":[],"class_list":{"0":"post-12140","1":"product","2":"type-product","3":"status-publish","5":"product_cat-maros-megyei-eletrajzi-lexikon","7":"first","8":"instock","9":"shipping-taxable","10":"product-type-simple"},"_links":{"self":[{"href":"https:\/\/uj.adatbank.ro\/lexikon\/wp-json\/wp\/v2\/product\/12140","targetHints":{"allow":["GET"]}}],"collection":[{"href":"https:\/\/uj.adatbank.ro\/lexikon\/wp-json\/wp\/v2\/product"}],"about":[{"href":"https:\/\/uj.adatbank.ro\/lexikon\/wp-json\/wp\/v2\/types\/product"}],"replies":[{"embeddable":true,"href":"https:\/\/uj.adatbank.ro\/lexikon\/wp-json\/wp\/v2\/comments?post=12140"}],"wp:attachment":[{"href":"https:\/\/uj.adatbank.ro\/lexikon\/wp-json\/wp\/v2\/media?parent=12140"}],"wp:term":[{"taxonomy":"product_brand","embeddable":true,"href":"https:\/\/uj.adatbank.ro\/lexikon\/wp-json\/wp\/v2\/product_brand?post=12140"},{"taxonomy":"product_cat","embeddable":true,"href":"https:\/\/uj.adatbank.ro\/lexikon\/wp-json\/wp\/v2\/product_cat?post=12140"},{"taxonomy":"product_tag","embeddable":true,"href":"https:\/\/uj.adatbank.ro\/lexikon\/wp-json\/wp\/v2\/product_tag?post=12140"}],"curies":[{"name":"wp","href":"https:\/\/api.w.org\/{rel}","templated":true}]}}