{"id":12142,"date":"2025-06-29T14:16:51","date_gmt":"2025-06-29T12:16:51","guid":{"rendered":"https:\/\/uj.adatbank.ro\/lexikon\/termek\/kiss-jozsef\/"},"modified":"2025-06-29T14:16:51","modified_gmt":"2025-06-29T12:16:51","slug":"kiss-jozsef","status":"publish","type":"product","link":"https:\/\/uj.adatbank.ro\/lexikon\/termek\/kiss-jozsef\/","title":{"rendered":"KISS J\u00f3zsef"},"content":{"rendered":"<p>? \u2020 ?: erd\u0151fel\u00fcgyel\u0151. \u2013 A selmecb\u00e1nyai akad\u00e9mi\u00e1n \u00f6szt\u00f6nd\u00edjjal tanult (1807 k.), az erd\u00e9szetet val\u00f3sz\u00edn\u00fcleg a b\u00e1nyam\u0171vel\u00e9stan keret\u00e9ben hallgatta. Torda megyei erd\u0151fel\u00fcgyel\u0151, az erd\u00e9lyi f\u0151korm\u00e1nysz\u00e9khez k\u00e9t javaslatot is beny\u00fajtott (1816, 1825). <br \/><strong>Irod.:<\/strong> K\u00e1d\u00e1r Zsombor: Az erd\u00e9szek els\u0151 \u00e9s m\u00e1sodik szakk\u00e9pzett nemzed\u00e9k\u00e9r\u0151l = K\u00e1d\u00e1r Zsombor: Sz\u00e9kelyf\u00f6ldi erd\u00e9szeti arck\u00e9pcsarnok (Bp., 1999)<\/br><\/p>\n","protected":false},"excerpt":{"rendered":"<p>? \u2020 ?: erd\u0151fel\u00fcgyel\u0151. \u2013 A selmecb\u00e1nyai akad\u00e9mi\u00e1n \u00f6szt\u00f6nd\u00edjjal tanult (1807 k.), az erd\u00e9szetet val\u00f3sz\u00edn\u00fcleg a b\u00e1nyam\u0171vel\u00e9stan keret\u00e9ben hallgatta. Torda megyei erd\u0151fel\u00fcgyel\u0151, az erd\u00e9lyi f\u0151korm\u00e1nysz\u00e9khez k\u00e9t javaslatot is beny\u00fajtott (1816, 1825). Irod.: K\u00e1d\u00e1r Zsombor: Az erd\u00e9szek els\u0151 \u00e9s m\u00e1sodik szakk\u00e9pzett nemzed\u00e9k\u00e9r\u0151l = K\u00e1d\u00e1r Zsombor: Sz\u00e9kelyf\u00f6ldi erd\u00e9szeti arck\u00e9pcsarnok (Bp., 1999)<\/p>\n","protected":false},"featured_media":0,"comment_status":"open","ping_status":"closed","template":"","meta":[],"product_brand":[],"product_cat":[137],"product_tag":[],"class_list":{"0":"post-12142","1":"product","2":"type-product","3":"status-publish","5":"product_cat-maros-megyei-eletrajzi-lexikon","7":"first","8":"instock","9":"shipping-taxable","10":"product-type-simple"},"_links":{"self":[{"href":"https:\/\/uj.adatbank.ro\/lexikon\/wp-json\/wp\/v2\/product\/12142","targetHints":{"allow":["GET"]}}],"collection":[{"href":"https:\/\/uj.adatbank.ro\/lexikon\/wp-json\/wp\/v2\/product"}],"about":[{"href":"https:\/\/uj.adatbank.ro\/lexikon\/wp-json\/wp\/v2\/types\/product"}],"replies":[{"embeddable":true,"href":"https:\/\/uj.adatbank.ro\/lexikon\/wp-json\/wp\/v2\/comments?post=12142"}],"wp:attachment":[{"href":"https:\/\/uj.adatbank.ro\/lexikon\/wp-json\/wp\/v2\/media?parent=12142"}],"wp:term":[{"taxonomy":"product_brand","embeddable":true,"href":"https:\/\/uj.adatbank.ro\/lexikon\/wp-json\/wp\/v2\/product_brand?post=12142"},{"taxonomy":"product_cat","embeddable":true,"href":"https:\/\/uj.adatbank.ro\/lexikon\/wp-json\/wp\/v2\/product_cat?post=12142"},{"taxonomy":"product_tag","embeddable":true,"href":"https:\/\/uj.adatbank.ro\/lexikon\/wp-json\/wp\/v2\/product_tag?post=12142"}],"curies":[{"name":"wp","href":"https:\/\/api.w.org\/{rel}","templated":true}]}}