{"id":12146,"date":"2025-06-29T14:16:59","date_gmt":"2025-06-29T12:16:59","guid":{"rendered":"https:\/\/uj.adatbank.ro\/lexikon\/termek\/kiss-jozsef-5\/"},"modified":"2025-06-29T14:16:59","modified_gmt":"2025-06-29T12:16:59","slug":"kiss-jozsef-5","status":"publish","type":"product","link":"https:\/\/uj.adatbank.ro\/lexikon\/termek\/kiss-jozsef-5\/","title":{"rendered":"KISS J\u00f3zsef"},"content":{"rendered":"<p>Buzi\u00e1sf\u00fcrd\u0151, 1905., \u2020 ? : rom. kat. pl\u00e9b\u00e1nos. \u2013 Tanulm\u00e1nyait Besztercenasz\u00f3don, Kalocs\u00e1n, Krakk\u00f3ban, Belgiumban \u00e9s Lublinban v\u00e9gezte, itt szentelt\u00e9k papp\u00e1 (1933). Mint jezsuita Szatm\u00e1ron kezdte m\u0171k\u00f6d\u00e9s\u00e9t, majd Ditr\u00f3n volt k\u00e1pl\u00e1n \u00e9s mint lelk\u00e9sz Sinfalv\u00e1n, Feleken \u00e9s Radnalajosfalv\u00e1n m\u0171k\u00f6d\u00f6tt ; G\u00f6rg\u00e9nyszentimr\u00e9n pl\u00e9b\u00e1nos (1940\u2013). T\u00f6bb cikke jelent meg f\u0151leg a Nemzeti \u00dajs\u00e1gban n\u00e9pismereti tanulm\u00e1nyok \u00e9s \u00fatle\u00edr\u00e1sok, t\u00f6bb sz\u00edndarabot is \u00edrt ; az erd\u00e9lyi r\u00e9szi Sz\u00edv \u00dajs\u00e1g alap\u00edt\u00f3ja., minden szoci\u00e1lis \u00e9s vall\u00e1sos egylet t\u00e1mogat\u00f3ja. <br \/><strong>Irod.:<\/strong> Sz\u00e9kelyf\u00f6ld \u00ed. k.<\/br><\/p>\n","protected":false},"excerpt":{"rendered":"<p>Buzi\u00e1sf\u00fcrd\u0151, 1905., \u2020 ? : rom. kat. pl\u00e9b\u00e1nos. \u2013 Tanulm\u00e1nyait Besztercenasz\u00f3don, Kalocs\u00e1n, Krakk\u00f3ban, Belgiumban \u00e9s Lublinban v\u00e9gezte, itt szentelt\u00e9k papp\u00e1 (1933). Mint jezsuita Szatm\u00e1ron kezdte m\u0171k\u00f6d\u00e9s\u00e9t, majd Ditr\u00f3n volt k\u00e1pl\u00e1n \u00e9s mint lelk\u00e9sz Sinfalv\u00e1n, Feleken \u00e9s Radnalajosfalv\u00e1n m\u0171k\u00f6d\u00f6tt ; G\u00f6rg\u00e9nyszentimr\u00e9n pl\u00e9b\u00e1nos (1940\u2013). T\u00f6bb cikke jelent meg f\u0151leg a Nemzeti \u00dajs\u00e1gban n\u00e9pismereti tanulm\u00e1nyok \u00e9s \u00fatle\u00edr\u00e1sok, t\u00f6bb [&hellip;]<\/p>\n","protected":false},"featured_media":0,"comment_status":"open","ping_status":"closed","template":"","meta":[],"product_brand":[],"product_cat":[137],"product_tag":[],"class_list":{"0":"post-12146","1":"product","2":"type-product","3":"status-publish","5":"product_cat-maros-megyei-eletrajzi-lexikon","7":"first","8":"instock","9":"shipping-taxable","10":"product-type-simple"},"_links":{"self":[{"href":"https:\/\/uj.adatbank.ro\/lexikon\/wp-json\/wp\/v2\/product\/12146","targetHints":{"allow":["GET"]}}],"collection":[{"href":"https:\/\/uj.adatbank.ro\/lexikon\/wp-json\/wp\/v2\/product"}],"about":[{"href":"https:\/\/uj.adatbank.ro\/lexikon\/wp-json\/wp\/v2\/types\/product"}],"replies":[{"embeddable":true,"href":"https:\/\/uj.adatbank.ro\/lexikon\/wp-json\/wp\/v2\/comments?post=12146"}],"wp:attachment":[{"href":"https:\/\/uj.adatbank.ro\/lexikon\/wp-json\/wp\/v2\/media?parent=12146"}],"wp:term":[{"taxonomy":"product_brand","embeddable":true,"href":"https:\/\/uj.adatbank.ro\/lexikon\/wp-json\/wp\/v2\/product_brand?post=12146"},{"taxonomy":"product_cat","embeddable":true,"href":"https:\/\/uj.adatbank.ro\/lexikon\/wp-json\/wp\/v2\/product_cat?post=12146"},{"taxonomy":"product_tag","embeddable":true,"href":"https:\/\/uj.adatbank.ro\/lexikon\/wp-json\/wp\/v2\/product_tag?post=12146"}],"curies":[{"name":"wp","href":"https:\/\/api.w.org\/{rel}","templated":true}]}}