{"id":12147,"date":"2025-06-29T14:17:01","date_gmt":"2025-06-29T12:17:01","guid":{"rendered":"https:\/\/uj.adatbank.ro\/lexikon\/termek\/kiss-jozsef-6\/"},"modified":"2025-06-29T14:17:01","modified_gmt":"2025-06-29T12:17:01","slug":"kiss-jozsef-6","status":"publish","type":"product","link":"https:\/\/uj.adatbank.ro\/lexikon\/termek\/kiss-jozsef-6\/","title":{"rendered":"KISS J\u00f3zsef"},"content":{"rendered":"<p>Cserefalva, 1926. m\u00e1j. 21., \u2020 ?: tan\u00e1r. \u2013 A mv.-i Kereskedelmi Fi\u00faiskol\u00e1ban \u00e9retts\u00e9gizett (1946); A Ref. Koll. adminisztr\u00e1tiv dolgoz\u00f3ja (1946\u201348); Egyetemi tanulm\u00e1nyait a kv.-i 2 \u00e9ves Pedag\u00f3giai F\u0151iskola term\u00e9szetrajz-k\u00e9mia-f\u00f6ldrajz szak\u00e1n kezdte, majd a BTE Biol\u00f3gia szak\u00e1n folytatta \u00e9s v\u00e9gezte be (1956). Tan\u00e1r a Bolyai Farkas Liceumban (1946\u201388); biol\u00f3giai laborat\u00f3riumot l\u00e9tes\u00edtett (1972). El\u0151ad\u00e1sai: A term\u00e9szetrajzi katedra t\u0151rt\u00e9net\u00e9r\u0151l, A Bolyai L\u00edceum f\u0151iskolai jelege. Eln\u00f6ke a Ref. Koll. \u00e9s Bolyai Liceum \u00d6regdi\u00e1kjainak Bar\u00e1ti K\u00f6re-nek;. \u2013 <strong>F. m.:<\/strong> K\u00f6zj\u00f3ra sz\u00fcletni: A Mv.-i Reform\u00e1tus Koll\u00e9gium Bolyai Farkas Liceum szellemi otthon\u00e1ban 1946\u20132006 (Cs\u00edkszereda, 2006); A sokak\u00e9rt sokat tev\u0151, nyomjelz\u0151 tan\u00e1rn; A sokak\u00e9rt sokat tev\u0151, nyomjelz\u0151 tan\u00e1rn\u0151 = Kirsch; <br \/><strong>Irod.:<\/strong> Madaras; N\u00fa (2006. m\u00e1j. 18); RMK<\/br><\/p>\n","protected":false},"excerpt":{"rendered":"<p>Cserefalva, 1926. m\u00e1j. 21., \u2020 ?: tan\u00e1r. \u2013 A mv.-i Kereskedelmi Fi\u00faiskol\u00e1ban \u00e9retts\u00e9gizett (1946); A Ref. Koll. adminisztr\u00e1tiv dolgoz\u00f3ja (1946\u201348); Egyetemi tanulm\u00e1nyait a kv.-i 2 \u00e9ves Pedag\u00f3giai F\u0151iskola term\u00e9szetrajz-k\u00e9mia-f\u00f6ldrajz szak\u00e1n kezdte, majd a BTE Biol\u00f3gia szak\u00e1n folytatta \u00e9s v\u00e9gezte be (1956). Tan\u00e1r a Bolyai Farkas Liceumban (1946\u201388); biol\u00f3giai laborat\u00f3riumot l\u00e9tes\u00edtett (1972). El\u0151ad\u00e1sai: A term\u00e9szetrajzi katedra [&hellip;]<\/p>\n","protected":false},"featured_media":0,"comment_status":"open","ping_status":"closed","template":"","meta":[],"product_brand":[],"product_cat":[137],"product_tag":[],"class_list":{"0":"post-12147","1":"product","2":"type-product","3":"status-publish","5":"product_cat-maros-megyei-eletrajzi-lexikon","7":"first","8":"instock","9":"shipping-taxable","10":"product-type-simple"},"_links":{"self":[{"href":"https:\/\/uj.adatbank.ro\/lexikon\/wp-json\/wp\/v2\/product\/12147","targetHints":{"allow":["GET"]}}],"collection":[{"href":"https:\/\/uj.adatbank.ro\/lexikon\/wp-json\/wp\/v2\/product"}],"about":[{"href":"https:\/\/uj.adatbank.ro\/lexikon\/wp-json\/wp\/v2\/types\/product"}],"replies":[{"embeddable":true,"href":"https:\/\/uj.adatbank.ro\/lexikon\/wp-json\/wp\/v2\/comments?post=12147"}],"wp:attachment":[{"href":"https:\/\/uj.adatbank.ro\/lexikon\/wp-json\/wp\/v2\/media?parent=12147"}],"wp:term":[{"taxonomy":"product_brand","embeddable":true,"href":"https:\/\/uj.adatbank.ro\/lexikon\/wp-json\/wp\/v2\/product_brand?post=12147"},{"taxonomy":"product_cat","embeddable":true,"href":"https:\/\/uj.adatbank.ro\/lexikon\/wp-json\/wp\/v2\/product_cat?post=12147"},{"taxonomy":"product_tag","embeddable":true,"href":"https:\/\/uj.adatbank.ro\/lexikon\/wp-json\/wp\/v2\/product_tag?post=12147"}],"curies":[{"name":"wp","href":"https:\/\/api.w.org\/{rel}","templated":true}]}}