{"id":12149,"date":"2025-06-29T14:17:05","date_gmt":"2025-06-29T12:17:05","guid":{"rendered":"https:\/\/uj.adatbank.ro\/lexikon\/termek\/kiss-jozsef-%c2%a7\/"},"modified":"2025-06-29T14:17:05","modified_gmt":"2025-06-29T12:17:05","slug":"kiss-jozsef-%c2%a7","status":"publish","type":"product","link":"https:\/\/uj.adatbank.ro\/lexikon\/termek\/kiss-jozsef-%c2%a7\/","title":{"rendered":"KISS J\u00f3zsef, \u00a7"},"content":{"rendered":"<p>Bp., 1875, \u2020 ?: \u00fcgyv\u00e9d. \u2013 K. J. honv\u00e9d fia. V\u00e1rmegyei \u00e1rvasz\u00e9ki \u00fcln\u00f6k Mv.-en. \u00d6nk\u00e9ntes katonai szolg\u00e1latot teljes\u00edtett (1898). R\u00e9szt vett az I. vh.-ban (1914\u201318), Szerbi\u00e1ban katonai \u00fcgy\u00e9sz volt (1916\u201318). Sz\u00e1zadosi rangban szerelt le, kit\u00fcntet\u00e9sekkel. <br \/><strong>Irod.:<\/strong> Erd\u00e9lyi ezredek<\/br><\/p>\n","protected":false},"excerpt":{"rendered":"<p>Bp., 1875, \u2020 ?: \u00fcgyv\u00e9d. \u2013 K. J. honv\u00e9d fia. V\u00e1rmegyei \u00e1rvasz\u00e9ki \u00fcln\u00f6k Mv.-en. \u00d6nk\u00e9ntes katonai szolg\u00e1latot teljes\u00edtett (1898). R\u00e9szt vett az I. vh.-ban (1914\u201318), Szerbi\u00e1ban katonai \u00fcgy\u00e9sz volt (1916\u201318). Sz\u00e1zadosi rangban szerelt le, kit\u00fcntet\u00e9sekkel. Irod.: Erd\u00e9lyi ezredek<\/p>\n","protected":false},"featured_media":0,"comment_status":"open","ping_status":"closed","template":"","meta":[],"product_brand":[],"product_cat":[137],"product_tag":[],"class_list":{"0":"post-12149","1":"product","2":"type-product","3":"status-publish","5":"product_cat-maros-megyei-eletrajzi-lexikon","7":"first","8":"instock","9":"shipping-taxable","10":"product-type-simple"},"_links":{"self":[{"href":"https:\/\/uj.adatbank.ro\/lexikon\/wp-json\/wp\/v2\/product\/12149","targetHints":{"allow":["GET"]}}],"collection":[{"href":"https:\/\/uj.adatbank.ro\/lexikon\/wp-json\/wp\/v2\/product"}],"about":[{"href":"https:\/\/uj.adatbank.ro\/lexikon\/wp-json\/wp\/v2\/types\/product"}],"replies":[{"embeddable":true,"href":"https:\/\/uj.adatbank.ro\/lexikon\/wp-json\/wp\/v2\/comments?post=12149"}],"wp:attachment":[{"href":"https:\/\/uj.adatbank.ro\/lexikon\/wp-json\/wp\/v2\/media?parent=12149"}],"wp:term":[{"taxonomy":"product_brand","embeddable":true,"href":"https:\/\/uj.adatbank.ro\/lexikon\/wp-json\/wp\/v2\/product_brand?post=12149"},{"taxonomy":"product_cat","embeddable":true,"href":"https:\/\/uj.adatbank.ro\/lexikon\/wp-json\/wp\/v2\/product_cat?post=12149"},{"taxonomy":"product_tag","embeddable":true,"href":"https:\/\/uj.adatbank.ro\/lexikon\/wp-json\/wp\/v2\/product_tag?post=12149"}],"curies":[{"name":"wp","href":"https:\/\/api.w.org\/{rel}","templated":true}]}}