{"id":12150,"date":"2025-06-29T14:17:06","date_gmt":"2025-06-29T12:17:06","guid":{"rendered":"https:\/\/uj.adatbank.ro\/lexikon\/termek\/kiss-jozsef-%c2%a7-2\/"},"modified":"2025-06-29T14:17:06","modified_gmt":"2025-06-29T12:17:06","slug":"kiss-jozsef-%c2%a7-2","status":"publish","type":"product","link":"https:\/\/uj.adatbank.ro\/lexikon\/termek\/kiss-jozsef-%c2%a7-2\/","title":{"rendered":"KISS J\u00f3zsef, \u00a7"},"content":{"rendered":"<p>Kerel\u0151szentp\u00e1l, 1921. m\u00e1j. 28., \u2020 Marosszentgy\u00f6rgy, 2006. m\u00e1rc. 5.: tan\u00edt\u00f3, tan\u00e1r. \u2013 Elemi oszt. -ok Szentp\u00e1lon, r. k. gimn\u00e1zium Fels\u0151r\u00e1koson, l\u00edc.-ot Brass\u00f3ban v\u00e9gzett (1941). A kv.-i BBTE levelez\u0151 tagozat\u00e1n f\u00f6ldrajz-t\u00f6rt\u00e9nelem tan\u00e1ri oklevelet szerzett (1962). A II. vh.-ban tart. z\u00e1szl\u00f3si rangban vett r\u00e9szt. Jobb\u00e1gyfalvi helyettes tan\u00edt\u00f3 (1942\u2013), majd rendes tan\u00edt\u00f3, k\u00e1ntortan\u00edt\u00f3 (1945. szept. \u201351), a m\u00e1sodik tan\u00edt\u00f3i \u00e1ll\u00e1st feles\u00e9ge, Balogh Ilona foglalta el. Cs\u00edkfalv\u00e1n helyettes tan\u00e1r (1951\u201355); Marosszentgy\u00f6rgy\u00f6n a M\u0171vel\u0151d\u00e9si Otthon igazgat\u00f3ja (1955\u201358); Mv.-en a rajoni \u00e9s v\u00e1rosi Sporttan\u00e1cs tagja, eln\u00f6ke \u00e9s fel\u00fcgyel\u0151je (1958\u201369), tan\u00e1r a mv-i 16-os \u00c1lt. Iskol\u00e1ban (1969\u201371), Marosszentgy\u00f6gy\u00f6n kult\u00farigazgat\u00f3 \u00e9s tan\u00e1r nyugd\u00edjaz\u00e1s\u00e1ig (1971\u201381.) Tagja \u00e9s eln\u00f6ke volt a k\u00f6zs\u00e9gi k\u00f3rusnak. Miut\u00e1n megalakult a Soli Deo Gloria vegyes dal\u00e1rda, annak is eln\u00f6k\u00e9v\u00e9 v\u00e1lasztott\u00e1k (- 2005). Sz\u00e1mtalan kit\u00fcntet\u00e9sben, oklev\u00e9lben r\u00e9szes\u00fclt. <br \/><strong>Irod.:<\/strong> Berekm\u00e9ri; Cs\u00edkfalva; Dasc\u0103li mure\u015feni, 4.; KKACs; Maros-K\u00fck\u00fcll\u0151i f\u0151esp.; Opri\u015f; S\u00e2ngeorgiu de Mure\u015f<\/br><\/p>\n","protected":false},"excerpt":{"rendered":"<p>Kerel\u0151szentp\u00e1l, 1921. m\u00e1j. 28., \u2020 Marosszentgy\u00f6rgy, 2006. m\u00e1rc. 5.: tan\u00edt\u00f3, tan\u00e1r. \u2013 Elemi oszt. -ok Szentp\u00e1lon, r. k. gimn\u00e1zium Fels\u0151r\u00e1koson, l\u00edc.-ot Brass\u00f3ban v\u00e9gzett (1941). A kv.-i BBTE levelez\u0151 tagozat\u00e1n f\u00f6ldrajz-t\u00f6rt\u00e9nelem tan\u00e1ri oklevelet szerzett (1962). A II. vh.-ban tart. z\u00e1szl\u00f3si rangban vett r\u00e9szt. Jobb\u00e1gyfalvi helyettes tan\u00edt\u00f3 (1942\u2013), majd rendes tan\u00edt\u00f3, k\u00e1ntortan\u00edt\u00f3 (1945. szept. \u201351), a m\u00e1sodik [&hellip;]<\/p>\n","protected":false},"featured_media":0,"comment_status":"open","ping_status":"closed","template":"","meta":[],"product_brand":[],"product_cat":[137],"product_tag":[],"class_list":{"0":"post-12150","1":"product","2":"type-product","3":"status-publish","5":"product_cat-maros-megyei-eletrajzi-lexikon","7":"first","8":"instock","9":"shipping-taxable","10":"product-type-simple"},"_links":{"self":[{"href":"https:\/\/uj.adatbank.ro\/lexikon\/wp-json\/wp\/v2\/product\/12150","targetHints":{"allow":["GET"]}}],"collection":[{"href":"https:\/\/uj.adatbank.ro\/lexikon\/wp-json\/wp\/v2\/product"}],"about":[{"href":"https:\/\/uj.adatbank.ro\/lexikon\/wp-json\/wp\/v2\/types\/product"}],"replies":[{"embeddable":true,"href":"https:\/\/uj.adatbank.ro\/lexikon\/wp-json\/wp\/v2\/comments?post=12150"}],"wp:attachment":[{"href":"https:\/\/uj.adatbank.ro\/lexikon\/wp-json\/wp\/v2\/media?parent=12150"}],"wp:term":[{"taxonomy":"product_brand","embeddable":true,"href":"https:\/\/uj.adatbank.ro\/lexikon\/wp-json\/wp\/v2\/product_brand?post=12150"},{"taxonomy":"product_cat","embeddable":true,"href":"https:\/\/uj.adatbank.ro\/lexikon\/wp-json\/wp\/v2\/product_cat?post=12150"},{"taxonomy":"product_tag","embeddable":true,"href":"https:\/\/uj.adatbank.ro\/lexikon\/wp-json\/wp\/v2\/product_tag?post=12150"}],"curies":[{"name":"wp","href":"https:\/\/api.w.org\/{rel}","templated":true}]}}