{"id":12153,"date":"2025-06-29T14:17:10","date_gmt":"2025-06-29T12:17:10","guid":{"rendered":"https:\/\/uj.adatbank.ro\/lexikon\/termek\/kiss-jozsef-attila\/"},"modified":"2025-06-29T14:17:10","modified_gmt":"2025-06-29T12:17:10","slug":"kiss-jozsef-attila","status":"publish","type":"product","link":"https:\/\/uj.adatbank.ro\/lexikon\/termek\/kiss-jozsef-attila\/","title":{"rendered":"KISS J\u00f3zsef-Attila"},"content":{"rendered":"<p>? \u2020 ?: szerkeszt\u0151. \u2013 Marosv\u00e1s\u00e1rhelyi egyetemi t\u00e1j\u00e9koztat\u00f3. Kiadja a Marosv\u00e1s\u00e1rhelyi Magyar di\u00e1ksz\u00f6vets\u00e9g, 1996. <br \/><strong>Irod.:<\/strong> Kiss J\u00f3zsef-Attila, r\u00e9duly Levente.<\/br><\/p>\n","protected":false},"excerpt":{"rendered":"<p>? \u2020 ?: szerkeszt\u0151. \u2013 Marosv\u00e1s\u00e1rhelyi egyetemi t\u00e1j\u00e9koztat\u00f3. Kiadja a Marosv\u00e1s\u00e1rhelyi Magyar di\u00e1ksz\u00f6vets\u00e9g, 1996. Irod.: Kiss J\u00f3zsef-Attila, r\u00e9duly Levente.<\/p>\n","protected":false},"featured_media":0,"comment_status":"open","ping_status":"closed","template":"","meta":[],"product_brand":[],"product_cat":[137],"product_tag":[],"class_list":{"0":"post-12153","1":"product","2":"type-product","3":"status-publish","5":"product_cat-maros-megyei-eletrajzi-lexikon","7":"first","8":"instock","9":"shipping-taxable","10":"product-type-simple"},"_links":{"self":[{"href":"https:\/\/uj.adatbank.ro\/lexikon\/wp-json\/wp\/v2\/product\/12153","targetHints":{"allow":["GET"]}}],"collection":[{"href":"https:\/\/uj.adatbank.ro\/lexikon\/wp-json\/wp\/v2\/product"}],"about":[{"href":"https:\/\/uj.adatbank.ro\/lexikon\/wp-json\/wp\/v2\/types\/product"}],"replies":[{"embeddable":true,"href":"https:\/\/uj.adatbank.ro\/lexikon\/wp-json\/wp\/v2\/comments?post=12153"}],"wp:attachment":[{"href":"https:\/\/uj.adatbank.ro\/lexikon\/wp-json\/wp\/v2\/media?parent=12153"}],"wp:term":[{"taxonomy":"product_brand","embeddable":true,"href":"https:\/\/uj.adatbank.ro\/lexikon\/wp-json\/wp\/v2\/product_brand?post=12153"},{"taxonomy":"product_cat","embeddable":true,"href":"https:\/\/uj.adatbank.ro\/lexikon\/wp-json\/wp\/v2\/product_cat?post=12153"},{"taxonomy":"product_tag","embeddable":true,"href":"https:\/\/uj.adatbank.ro\/lexikon\/wp-json\/wp\/v2\/product_tag?post=12153"}],"curies":[{"name":"wp","href":"https:\/\/api.w.org\/{rel}","templated":true}]}}