{"id":12154,"date":"2025-06-29T14:17:13","date_gmt":"2025-06-29T12:17:13","guid":{"rendered":"https:\/\/uj.adatbank.ro\/lexikon\/termek\/kiss-julia\/"},"modified":"2025-06-29T14:17:13","modified_gmt":"2025-06-29T12:17:13","slug":"kiss-julia","status":"publish","type":"product","link":"https:\/\/uj.adatbank.ro\/lexikon\/termek\/kiss-julia\/","title":{"rendered":"KISS J\u00falia"},"content":{"rendered":"<p>Mv., 1939., \u2020 Mv., 1992: gyermekorvos. \u2013 Mv.-en v\u00e9gezte az orvosi egyetemet (MOGYI) (1962). K\u00f6rorvos egy Sz\u00e9kelykereszt\u00far melleti k\u00f6zs\u00e9gben 2\u20133 \u00e9vet. Sz\u00e1szr\u00e9geni k\u00f3rh\u00e1zban gyermekorvosk\u00e9nt dolgozott nyugd\u00edjaz\u00e1s\u00e1ig (1991). <br \/><strong>Irod.:<\/strong> Kiss\u2013P\u00e9terffy\u2013P\u00e9terffy<\/br><\/p>\n","protected":false},"excerpt":{"rendered":"<p>Mv., 1939., \u2020 Mv., 1992: gyermekorvos. \u2013 Mv.-en v\u00e9gezte az orvosi egyetemet (MOGYI) (1962). K\u00f6rorvos egy Sz\u00e9kelykereszt\u00far melleti k\u00f6zs\u00e9gben 2\u20133 \u00e9vet. Sz\u00e1szr\u00e9geni k\u00f3rh\u00e1zban gyermekorvosk\u00e9nt dolgozott nyugd\u00edjaz\u00e1s\u00e1ig (1991). Irod.: Kiss\u2013P\u00e9terffy\u2013P\u00e9terffy<\/p>\n","protected":false},"featured_media":0,"comment_status":"open","ping_status":"closed","template":"","meta":[],"product_brand":[],"product_cat":[137],"product_tag":[],"class_list":{"0":"post-12154","1":"product","2":"type-product","3":"status-publish","5":"product_cat-maros-megyei-eletrajzi-lexikon","7":"first","8":"instock","9":"shipping-taxable","10":"product-type-simple"},"_links":{"self":[{"href":"https:\/\/uj.adatbank.ro\/lexikon\/wp-json\/wp\/v2\/product\/12154","targetHints":{"allow":["GET"]}}],"collection":[{"href":"https:\/\/uj.adatbank.ro\/lexikon\/wp-json\/wp\/v2\/product"}],"about":[{"href":"https:\/\/uj.adatbank.ro\/lexikon\/wp-json\/wp\/v2\/types\/product"}],"replies":[{"embeddable":true,"href":"https:\/\/uj.adatbank.ro\/lexikon\/wp-json\/wp\/v2\/comments?post=12154"}],"wp:attachment":[{"href":"https:\/\/uj.adatbank.ro\/lexikon\/wp-json\/wp\/v2\/media?parent=12154"}],"wp:term":[{"taxonomy":"product_brand","embeddable":true,"href":"https:\/\/uj.adatbank.ro\/lexikon\/wp-json\/wp\/v2\/product_brand?post=12154"},{"taxonomy":"product_cat","embeddable":true,"href":"https:\/\/uj.adatbank.ro\/lexikon\/wp-json\/wp\/v2\/product_cat?post=12154"},{"taxonomy":"product_tag","embeddable":true,"href":"https:\/\/uj.adatbank.ro\/lexikon\/wp-json\/wp\/v2\/product_tag?post=12154"}],"curies":[{"name":"wp","href":"https:\/\/api.w.org\/{rel}","templated":true}]}}