{"id":12155,"date":"2025-06-29T14:17:17","date_gmt":"2025-06-29T12:17:17","guid":{"rendered":"https:\/\/uj.adatbank.ro\/lexikon\/termek\/kiss-kalman\/"},"modified":"2025-06-29T14:17:17","modified_gmt":"2025-06-29T12:17:17","slug":"kiss-kalman","status":"publish","type":"product","link":"https:\/\/uj.adatbank.ro\/lexikon\/termek\/kiss-kalman\/","title":{"rendered":"KISS K\u00e1lm\u00e1n"},"content":{"rendered":"<p>? \u2020 Mv., 1981. j\u00fan. 27.: tan\u00e1r. \u2013 Tan\u00edt\u00f3 volt, amikor elment a II. vh. -ba, orosz fogs\u00e1gba esett, j\u00f3l megtanult oroszul, visszat\u00e9rte ut\u00e1n orosz nyelvet tan\u00edtott a sz\u00e1szr\u00e9geni tan\u00edt\u00f3k\u00e9pz\u0151ben. Tanfel\u00fcgyel\u0151 lett. A mv.-i 4-es sz. Ipari L\u00edc. tan\u00e1ra. \u00c9rdemes tan\u00e1r. <br \/><strong>Irod.:<\/strong> B\u00f6l\u00f6ni Domokos: Egykori tan\u00edt\u00f3k\u00e9pz\u0151nk (N\u00fa., 1994. \u00e1pr. 13.); [Nekrol\u00f3g] (V. Z., 1981. j\u00fan. 30.).<\/br><\/p>\n","protected":false},"excerpt":{"rendered":"<p>? \u2020 Mv., 1981. j\u00fan. 27.: tan\u00e1r. \u2013 Tan\u00edt\u00f3 volt, amikor elment a II. vh. -ba, orosz fogs\u00e1gba esett, j\u00f3l megtanult oroszul, visszat\u00e9rte ut\u00e1n orosz nyelvet tan\u00edtott a sz\u00e1szr\u00e9geni tan\u00edt\u00f3k\u00e9pz\u0151ben. Tanfel\u00fcgyel\u0151 lett. A mv.-i 4-es sz. Ipari L\u00edc. tan\u00e1ra. \u00c9rdemes tan\u00e1r. Irod.: B\u00f6l\u00f6ni Domokos: Egykori tan\u00edt\u00f3k\u00e9pz\u0151nk (N\u00fa., 1994. \u00e1pr. 13.); [Nekrol\u00f3g] (V. Z., 1981. j\u00fan. [&hellip;]<\/p>\n","protected":false},"featured_media":0,"comment_status":"open","ping_status":"closed","template":"","meta":[],"product_brand":[],"product_cat":[137],"product_tag":[],"class_list":{"0":"post-12155","1":"product","2":"type-product","3":"status-publish","5":"product_cat-maros-megyei-eletrajzi-lexikon","7":"first","8":"instock","9":"shipping-taxable","10":"product-type-simple"},"_links":{"self":[{"href":"https:\/\/uj.adatbank.ro\/lexikon\/wp-json\/wp\/v2\/product\/12155","targetHints":{"allow":["GET"]}}],"collection":[{"href":"https:\/\/uj.adatbank.ro\/lexikon\/wp-json\/wp\/v2\/product"}],"about":[{"href":"https:\/\/uj.adatbank.ro\/lexikon\/wp-json\/wp\/v2\/types\/product"}],"replies":[{"embeddable":true,"href":"https:\/\/uj.adatbank.ro\/lexikon\/wp-json\/wp\/v2\/comments?post=12155"}],"wp:attachment":[{"href":"https:\/\/uj.adatbank.ro\/lexikon\/wp-json\/wp\/v2\/media?parent=12155"}],"wp:term":[{"taxonomy":"product_brand","embeddable":true,"href":"https:\/\/uj.adatbank.ro\/lexikon\/wp-json\/wp\/v2\/product_brand?post=12155"},{"taxonomy":"product_cat","embeddable":true,"href":"https:\/\/uj.adatbank.ro\/lexikon\/wp-json\/wp\/v2\/product_cat?post=12155"},{"taxonomy":"product_tag","embeddable":true,"href":"https:\/\/uj.adatbank.ro\/lexikon\/wp-json\/wp\/v2\/product_tag?post=12155"}],"curies":[{"name":"wp","href":"https:\/\/api.w.org\/{rel}","templated":true}]}}