{"id":12159,"date":"2025-06-29T14:17:23","date_gmt":"2025-06-29T12:17:23","guid":{"rendered":"https:\/\/uj.adatbank.ro\/lexikon\/termek\/kiss-lajos\/"},"modified":"2025-06-29T14:17:23","modified_gmt":"2025-06-29T12:17:23","slug":"kiss-lajos","status":"publish","type":"product","link":"https:\/\/uj.adatbank.ro\/lexikon\/termek\/kiss-lajos\/","title":{"rendered":"KISS Lajos"},"content":{"rendered":"<p>Koronka, 1836. j\u00fal. 20., \u2020 K\u00f6rtv\u00e9lyf\u00e1ja, 1919. \u00e1pr. 17.: ref. esperes lelk\u00e9sz. \u2013 Koronk\u00e1n v\u00e9gezte az elemi iskol\u00e1t, a tanulm\u00e1nyait a mv.-i Ref. Koll.-ban folytatta (1847\u201348), mint szolgadi\u00e1k tanult \u00e9s voltak tan\u00edtv\u00e1nyai is, \u00e9retts\u00e9gizett (1859). Kv-on a teol\u00f3gi\u00e1n tanult k\u00e9t \u00e9vet (1859\u201361), mag\u00e1ntan\u00edtv\u00e1nyait\u00f3l kapott p\u00e9nzb\u0151l tartotta el mag\u00e1t. Tan\u00edtott a mv.-i Ref. Koll.-ban k\u00e9t \u00e9vet (1862\u201364). Sz\u00e9ken szentelt\u00e9k papp\u00e1 (1864). Megv\u00e1lasztott\u00e1k k\u00f6rtv\u00e9lyf\u00e1jai ref. papnak (1864. \u00e1pr. 24.) \u00e9s elfoglalta hely\u00e9t (1864. j\u00fal. 7). Templom (1911\u201313), \u00faj iskola\u00e9p\u00fclet \u00e9s k\u00e1ntortan\u00edt\u00f3i lak\u00e1s \u00e9p\u00fclt az \u0151 tev\u00e9kenys\u00e9ge idej\u00e9ben. Abaf\u00e1j\u00e1n szolg\u00e1lt \u0151 vagy n\u00e9vrokona (1896\u20131900). <br \/><strong>Irod.:<\/strong> Abaf\u00e1ja; B\u00f6jthe Andor: A G\u00f6rg\u00e9nyi ev. ref. egyh\u00e1zmegye t\u00f6rt\u00e9nete [k\u00e9zirat]<\/br><\/p>\n","protected":false},"excerpt":{"rendered":"<p>Koronka, 1836. j\u00fal. 20., \u2020 K\u00f6rtv\u00e9lyf\u00e1ja, 1919. \u00e1pr. 17.: ref. esperes lelk\u00e9sz. \u2013 Koronk\u00e1n v\u00e9gezte az elemi iskol\u00e1t, a tanulm\u00e1nyait a mv.-i Ref. Koll.-ban folytatta (1847\u201348), mint szolgadi\u00e1k tanult \u00e9s voltak tan\u00edtv\u00e1nyai is, \u00e9retts\u00e9gizett (1859). Kv-on a teol\u00f3gi\u00e1n tanult k\u00e9t \u00e9vet (1859\u201361), mag\u00e1ntan\u00edtv\u00e1nyait\u00f3l kapott p\u00e9nzb\u0151l tartotta el mag\u00e1t. Tan\u00edtott a mv.-i Ref. Koll.-ban k\u00e9t \u00e9vet [&hellip;]<\/p>\n","protected":false},"featured_media":0,"comment_status":"open","ping_status":"closed","template":"","meta":[],"product_brand":[],"product_cat":[137],"product_tag":[],"class_list":{"0":"post-12159","1":"product","2":"type-product","3":"status-publish","5":"product_cat-maros-megyei-eletrajzi-lexikon","7":"first","8":"instock","9":"shipping-taxable","10":"product-type-simple"},"_links":{"self":[{"href":"https:\/\/uj.adatbank.ro\/lexikon\/wp-json\/wp\/v2\/product\/12159","targetHints":{"allow":["GET"]}}],"collection":[{"href":"https:\/\/uj.adatbank.ro\/lexikon\/wp-json\/wp\/v2\/product"}],"about":[{"href":"https:\/\/uj.adatbank.ro\/lexikon\/wp-json\/wp\/v2\/types\/product"}],"replies":[{"embeddable":true,"href":"https:\/\/uj.adatbank.ro\/lexikon\/wp-json\/wp\/v2\/comments?post=12159"}],"wp:attachment":[{"href":"https:\/\/uj.adatbank.ro\/lexikon\/wp-json\/wp\/v2\/media?parent=12159"}],"wp:term":[{"taxonomy":"product_brand","embeddable":true,"href":"https:\/\/uj.adatbank.ro\/lexikon\/wp-json\/wp\/v2\/product_brand?post=12159"},{"taxonomy":"product_cat","embeddable":true,"href":"https:\/\/uj.adatbank.ro\/lexikon\/wp-json\/wp\/v2\/product_cat?post=12159"},{"taxonomy":"product_tag","embeddable":true,"href":"https:\/\/uj.adatbank.ro\/lexikon\/wp-json\/wp\/v2\/product_tag?post=12159"}],"curies":[{"name":"wp","href":"https:\/\/api.w.org\/{rel}","templated":true}]}}