{"id":12160,"date":"2025-06-29T14:17:25","date_gmt":"2025-06-29T12:17:25","guid":{"rendered":"https:\/\/uj.adatbank.ro\/lexikon\/termek\/kiss-lajos-2\/"},"modified":"2025-06-29T14:17:25","modified_gmt":"2025-06-29T12:17:25","slug":"kiss-lajos-2","status":"publish","type":"product","link":"https:\/\/uj.adatbank.ro\/lexikon\/termek\/kiss-lajos-2\/","title":{"rendered":"KISS Lajos"},"content":{"rendered":"<p>Hatyolka, 1845. aug. 16., \u2020 1912. j\u00fan. 17.: r. k. pap. \u2013 Papp\u00e1 szentelt\u00e9k (1870. aug. 12.). K\u00e1pl\u00e1n Mv.-en, Kib\u00e9den. Adminisztr\u00e1tor Magyarszarvaskenden (1902\u201310). <br \/><strong>Irod.:<\/strong> Ferenczi S\u00e1ndor 2009<\/br><\/p>\n","protected":false},"excerpt":{"rendered":"<p>Hatyolka, 1845. aug. 16., \u2020 1912. j\u00fan. 17.: r. k. pap. \u2013 Papp\u00e1 szentelt\u00e9k (1870. aug. 12.). K\u00e1pl\u00e1n Mv.-en, Kib\u00e9den. Adminisztr\u00e1tor Magyarszarvaskenden (1902\u201310). Irod.: Ferenczi S\u00e1ndor 2009<\/p>\n","protected":false},"featured_media":0,"comment_status":"open","ping_status":"closed","template":"","meta":[],"product_brand":[],"product_cat":[137],"product_tag":[],"class_list":{"0":"post-12160","1":"product","2":"type-product","3":"status-publish","5":"product_cat-maros-megyei-eletrajzi-lexikon","7":"first","8":"instock","9":"shipping-taxable","10":"product-type-simple"},"_links":{"self":[{"href":"https:\/\/uj.adatbank.ro\/lexikon\/wp-json\/wp\/v2\/product\/12160","targetHints":{"allow":["GET"]}}],"collection":[{"href":"https:\/\/uj.adatbank.ro\/lexikon\/wp-json\/wp\/v2\/product"}],"about":[{"href":"https:\/\/uj.adatbank.ro\/lexikon\/wp-json\/wp\/v2\/types\/product"}],"replies":[{"embeddable":true,"href":"https:\/\/uj.adatbank.ro\/lexikon\/wp-json\/wp\/v2\/comments?post=12160"}],"wp:attachment":[{"href":"https:\/\/uj.adatbank.ro\/lexikon\/wp-json\/wp\/v2\/media?parent=12160"}],"wp:term":[{"taxonomy":"product_brand","embeddable":true,"href":"https:\/\/uj.adatbank.ro\/lexikon\/wp-json\/wp\/v2\/product_brand?post=12160"},{"taxonomy":"product_cat","embeddable":true,"href":"https:\/\/uj.adatbank.ro\/lexikon\/wp-json\/wp\/v2\/product_cat?post=12160"},{"taxonomy":"product_tag","embeddable":true,"href":"https:\/\/uj.adatbank.ro\/lexikon\/wp-json\/wp\/v2\/product_tag?post=12160"}],"curies":[{"name":"wp","href":"https:\/\/api.w.org\/{rel}","templated":true}]}}